{"id":133,"date":"2025-09-12T17:22:34","date_gmt":"2025-09-12T17:22:34","guid":{"rendered":"https:\/\/sitio1.unbcorp.cl\/Fest\/?page_id=133"},"modified":"2025-10-20T19:14:10","modified_gmt":"2025-10-20T19:14:10","slug":"staff","status":"publish","type":"page","link":"https:\/\/mardelplatafilmfest.com\/40\/es\/staff\/","title":{"rendered":"Staff"},"content":{"rendered":"\n<h2 class=\"wp-block-heading\">Staff<\/h2>\n\n\n\n<div class=\"wp-block-columns is-layout-flex wp-container-core-columns-is-layout-28f84493 wp-block-columns-is-layout-flex\">\n<div class=\"wp-block-column is-layout-flow wp-block-column-is-layout-flow\" style=\"flex-basis:33.34%\">\n<p><strong>ART\u00cdSTICA<br><\/strong><br><strong>PRODUCCI\u00d3N ART\u00cdSTICA<\/strong><br><strong><br>Coordinaci\u00f3n de Producci\u00f3n Art\u00edstica<br><\/strong>Fernando Arca<strong><br><br>PROGRAMACI\u00d3N<\/strong><\/p>\n\n\n\n<p><strong>Equipo<br><\/strong>Francisco P\u00e9rez Laguna<br>Gregorio Aguilar<br>Guillermo Courau<br>Agustina Dantiacq<br>Renata Giudice<br>Alejandra Grimaldi<br>Patricia Stover<\/p>\n\n\n\n<p><strong>PRODUCCI\u00d3N<\/strong><\/p>\n\n\n\n<p><strong>Coordinaci\u00f3n General<br><\/strong>Laura Keegan<br><strong><br>Responsable de Producci\u00f3n<br><\/strong>Gabriela Morelli<br><strong><br>Asistente de Producci\u00f3n<br><\/strong>Karina De Simone<\/p>\n\n\n\n<p><strong>RELACIONES INSTITUCIONALES Y COMERCIALES<\/strong><br><strong><br><\/strong>Celeste Buenaventura<br>Camila Rocha<\/p>\n\n\n\n<p><strong>INVITADOS Y JURADOS<\/strong><\/p>\n\n\n\n<p><strong>Responsable<br><\/strong>Mar\u00eda Paz Gestoso<strong><br><br><\/strong>Florencia L\u00f3pez<br>Juli\u00e1n Gil<br>Cristina Y\u00e1\u00f1ez<br><strong><br>Invitados Especiales<br><\/strong>Carolina D\u00b4Andrea<\/p>\n\n\n\n<p><strong>\u00c1REA INDUSTRIA (ACTIVIDADES ESPECIALES)<\/strong><br><br>Karina De Simone<strong><br><br>PREMIOS INDEPENDIENTES<br><\/strong><br>Cecilia Sosa<strong><br><br>T\u00c9CNICA<br><\/strong><br><strong>Responsable<br><\/strong>Pablo Barilatti<strong><br><br><\/strong>Manfredo Wolff<br>Emiliano Casiraghi<br>Fabi\u00e1n Montivero<strong><br><br>ADMINISTRACI\u00d3N<\/strong><\/p>\n\n\n\n<p><strong>Equipo T\u00e9cnico &#8211; Administrativo<br><\/strong>Jos\u00e9 Luis Pelazas<br>Ana Teszkiewicz<br>Mart\u00edn Argibay<br>Eliana de Torrentegui<br>Brenda Leone<\/p>\n\n\n\n<p><strong>LOG\u00cdSTICA<\/strong><\/p>\n\n\n\n<p><strong>Responsable<br><\/strong>Ivanna Scherman<strong><br><br><\/strong>Juan Echag\u00fce<br>Mariana Isla<strong><br><br>PRENSA<\/strong><\/p>\n\n\n\n<p><strong>Agencia Tommy Pashkus<br><\/strong><\/p>\n<\/div>\n\n\n\n<div class=\"wp-block-column is-layout-flow wp-block-column-is-layout-flow\" style=\"flex-basis:33.33%\">\n<p><strong>COMUNICACI\u00d3N<\/strong><\/p>\n\n\n\n<p><strong>Producci\u00f3n Audiovisual y Redes Sociales Festival<br><\/strong>Sharon Zelaya<br><br><strong>Contenidos Web<br><\/strong>Ezequiel Vega<br><strong><br>Dise\u00f1o y Edici\u00f3n Audiovisual<br><\/strong>Romina Villacorta<br>Miguel \u00c1ngel Fern\u00e1ndez<strong><br><br>STAFF VOLUNTARIOS MAR DEL PLATA<br>Responsable<br><\/strong>Juan Sebasti\u00e1n Alfaro<br><br>Sebasti\u00e1n Lipicer<br>Augusto Rivas<br>Lola Albarrac\u00edn<br>Mar\u00eda Sol Albisetti<br>Sof\u00eda Aliotto<br>Luna Aquileia<br>Macarena Aquino<br>Aldana Arana<br>Iv\u00e1n Arias<br>Renata Barbarino<br>Paola Barrios<br>Mariano Becchi<br>Camila Benedetti<br>Mirena Berreterreix<br>Greta Bessonart<br>Abril Bicciconti<br>Nina Bissoni<br>Abril Blom Malabel<br>Juli\u00e1n Borelli<br>Malena Bracco<br>Juan Bruni<br>Olivia Burlo<br>Natalia Buschiazzo<br>Ana Bustos<br>Iara C\u00e1ceres<br>Valentina Cadi<br>Mauricio Campos<br>Sof\u00eda Candia<br>Constanza Caram<br>Thamiris Carvalho de Paulo<br>Luc\u00eda Cattelan<br>Florencia Ceroni Rodr\u00edguez<br>Brenda Ciancio<br>Selena Colo<br>Roque Colonna<br>Mat\u00edas Contreras<br>Luc\u00eda Corengia<br>Milagros Corrado<br>Mart\u00edn Corrado Busquet<br>Germ\u00e1n Crespo<br>Nayla Cufre<br>Luc\u00eda Cufr\u00e9<br>Bianca D\u00b4Urso<br>Agust\u00edn Delfabro<br>Mar\u00eda Zoe Deloso<br>Valeria Deluca<br>Camila Di Massa<br>Constanza Di Rocca<br>Valentina D\u00edaz<br>Luc\u00eda Dom\u00ednguez<br>Enzo Duhau<br>Denisse Fern\u00e1ndez<br>David Fern\u00e1ndez<br>Pedro Fern\u00e1ndez<br>Morena Fern\u00e1ndez Gotte<br>Serena Fiorucce<br>Sof\u00eda Gallegos<br>Martina Garrido<br>Vanessa Geis<br>Victoria Genera<br>Tatiana Gim\u00e9nez<br>Eva Ginestra<br>Faustina Giovanetti<br>Abryl Girado<br>Lautaro Giudici<br>Camila G\u00f3mez<br>Abril G\u00f3mez Martin<br><br><br><\/p>\n<\/div>\n\n\n\n<div class=\"wp-block-column is-layout-flow wp-block-column-is-layout-flow\" style=\"flex-basis:33.34%\">\n<p>Valentina Gonz\u00e1lez<br>Julieta Gonz\u00e1lez Campana<br>Lautaro Gonz\u00e1lez Zaya<br>Maitena Granda<br>Julio Graterol<br>Victoria Grosso P\u00e9rez<br>Celina Guerrero<br>Silvana Gu\u00eda<br>Guillermo Guti\u00e9rrez<br>Narella Heredia<br>Delfina Hurwitz<br>Camila Iacobini<br>Tiziana Ianello<br>D\u00e9bora Inostroza \u00c1lvarez<br>Agust\u00edn Intrieri<br>Catalina Irigoyen<br>Paula Latorre Devani<br>Iv\u00e1n Lazarte<br>M\u00e1ximo Lazarte<br>Sof\u00eda Leiva<br>Franco Lo Faro Guti\u00e9rrez<br>Abril Luna Casella<br>Azul Luna Casella<br>Federico Machado<br>Noelia Maggio<br>Iara Maldonado<br>Luciano Mart\u00edn<br>Agustina Martins<br>Luna Montecchia<br>Agustina Monteros<br>Sof\u00eda Moreno<br>Alanis Navarrete<br>Roc\u00edo Necul<br>Candela Oliver Vila<br>Nilsa Ortiz Alcoba<br>Constanza P\u00e1ez Penna<br>Elizabeth Palamara<br>Luc\u00eda Pariani<br>Dolores Pella<br>David P\u00e9rez<br>Rodrigo P\u00e9rez Marcos<br>Ludmila Pr\u00f3spero<br>Helena Ram\u00edrez<br>Betsab\u00e9 Rattiguen<br>Giuliana Ristagno<br>Camilo Robles<br>Agustina Rodr\u00edguez Vidal<br>Marilyn Romano<br>Dana Rondinara<br>Denise Rotondo<br>Agostina Sajama<br>Camila Sequeira<br>Uma Singh<br>Abril Suriano Alonso<br>Valentina Teper Balerdi<br>Micaela Tiberio<br>Milagros Vallejos<br>Nora Vanegas<br>Victoria Varela<br>Clarita Vega<br>Malena Velasco<br>Augusto Zalazar Pazos<\/p>\n\n\n\n<p><br><strong><br><\/strong><br><\/p>\n<\/div>\n<\/div>\n","protected":false},"excerpt":{"rendered":"<p>Staff ART\u00cdSTICAPRODUCCI\u00d3N ART\u00cdSTICACoordinaci\u00f3n de Producci\u00f3n Art\u00edsticaFernando Arca PROGRAMACI\u00d3N EquipoFrancisco P\u00e9rez LagunaGregorio AguilarGuillermo CourauAgustina DantiacqRenata GiudiceAlejandra GrimaldiPatricia Stover PRODUCCI\u00d3N Coordinaci\u00f3n GeneralLaura KeeganResponsable de Producci\u00f3nGabriela MorelliAsistente de Producci\u00f3nKarina De Simone RELACIONES INSTITUCIONALES Y COMERCIALESCeleste BuenaventuraCamila Rocha INVITADOS Y JURADOS ResponsableMar\u00eda Paz Gestoso Florencia L\u00f3pezJuli\u00e1n GilCristina Y\u00e1\u00f1ezInvitados EspecialesCarolina D\u00b4Andrea \u00c1REA INDUSTRIA (ACTIVIDADES ESPECIALES) Karina De Simone PREMIOS INDEPENDIENTESCecilia [&hellip;]<\/p>\n","protected":false},"author":1,"featured_media":0,"parent":0,"menu_order":0,"comment_status":"closed","ping_status":"closed","template":"","meta":{"_acf_changed":false,"footnotes":""},"class_list":["post-133","page","type-page","status-publish","hentry"],"blocksy_meta":[],"acf":[],"yoast_head":"<!-- This site is optimized with the Yoast SEO plugin v26.1.1 - https:\/\/yoast.com\/wordpress\/plugins\/seo\/ -->\n<title>Staff | 40\u00b0 Festival Internacional de cine de Mar del plata<\/title>\n<meta name=\"description\" content=\"Descubr\u00ed la programaci\u00f3n, invitados, pel\u00edculas y actividades del 40\u00b0 Festival Internacional de Cine de Mar del Plata.\" \/>\n<meta name=\"robots\" content=\"noindex, follow, max-snippet:-1, max-image-preview:large, max-video-preview:-1\" \/>\n<meta property=\"og:locale\" content=\"es_ES\" \/>\n<meta property=\"og:type\" content=\"article\" \/>\n<meta property=\"og:title\" content=\"Staff | 40\u00b0 Festival Internacional de cine de Mar del plata\" \/>\n<meta property=\"og:description\" content=\"Descubr\u00ed la programaci\u00f3n, invitados, pel\u00edculas y actividades del 40\u00b0 Festival Internacional de Cine de Mar del Plata.\" \/>\n<meta property=\"og:url\" content=\"https:\/\/mardelplatafilmfest.com\/40\/es\/staff\/\" \/>\n<meta property=\"og:site_name\" content=\"40\u00b0 Festival Internacional de cine de Mar del plata\" \/>\n<meta property=\"article:modified_time\" content=\"2025-10-20T19:14:10+00:00\" \/>\n<meta property=\"og:image\" content=\"https:\/\/mardelplatafilmfest.com\/40\/wp-content\/uploads\/2025\/09\/WEB_Banner_principal-03-1.jpg\" \/>\n\t<meta property=\"og:image:width\" content=\"1920\" \/>\n\t<meta property=\"og:image:height\" content=\"782\" \/>\n\t<meta property=\"og:image:type\" content=\"image\/jpeg\" \/>\n<meta name=\"twitter:card\" content=\"summary_large_image\" \/>\n<meta name=\"twitter:label1\" content=\"Tiempo estimado de lectura\" \/>\n\t<meta name=\"twitter:data1\" content=\"2 minutos\" \/>\n<script type=\"application\/ld+json\" class=\"yoast-schema-graph\">{\"@context\":\"https:\/\/schema.org\",\"@graph\":[{\"@type\":\"WebPage\",\"@id\":\"https:\/\/mardelplatafilmfest.com\/40\/es\/staff\/\",\"url\":\"https:\/\/mardelplatafilmfest.com\/40\/es\/staff\/\",\"name\":\"Staff | 40\u00b0 Festival Internacional de cine de Mar del plata\",\"isPartOf\":{\"@id\":\"https:\/\/mardelplatafilmfest.com\/40\/#website\"},\"datePublished\":\"2025-09-12T17:22:34+00:00\",\"dateModified\":\"2025-10-20T19:14:10+00:00\",\"description\":\"Descubr\u00ed la programaci\u00f3n, invitados, pel\u00edculas y actividades del 40\u00b0 Festival Internacional de Cine de Mar del Plata.\",\"breadcrumb\":{\"@id\":\"https:\/\/mardelplatafilmfest.com\/40\/es\/staff\/#breadcrumb\"},\"inLanguage\":\"es-CL\",\"potentialAction\":[{\"@type\":\"ReadAction\",\"target\":[\"https:\/\/mardelplatafilmfest.com\/40\/es\/staff\/\"]}]},{\"@type\":\"BreadcrumbList\",\"@id\":\"https:\/\/mardelplatafilmfest.com\/40\/es\/staff\/#breadcrumb\",\"itemListElement\":[{\"@type\":\"ListItem\",\"position\":1,\"name\":\"Portada\",\"item\":\"https:\/\/mardelplatafilmfest.com\/40\/es\/\"},{\"@type\":\"ListItem\",\"position\":2,\"name\":\"Staff\"}]},{\"@type\":\"WebSite\",\"@id\":\"https:\/\/mardelplatafilmfest.com\/40\/#website\",\"url\":\"https:\/\/mardelplatafilmfest.com\/40\/\",\"name\":\"40\u00b0 Festival Internacional de Cine de Mar del Plata | Sitio Oficial\",\"description\":\"Descubr\u00ed la programaci\u00f3n, invitados, pel\u00edculas y actividades del 40\u00b0 Festival Internacional de Cine de Mar del Plata.\",\"publisher\":{\"@id\":\"https:\/\/mardelplatafilmfest.com\/40\/#organization\"},\"potentialAction\":[{\"@type\":\"SearchAction\",\"target\":{\"@type\":\"EntryPoint\",\"urlTemplate\":\"https:\/\/mardelplatafilmfest.com\/40\/?s={search_term_string}\"},\"query-input\":{\"@type\":\"PropertyValueSpecification\",\"valueRequired\":true,\"valueName\":\"search_term_string\"}}],\"inLanguage\":\"es-CL\"},{\"@type\":\"Organization\",\"@id\":\"https:\/\/mardelplatafilmfest.com\/40\/#organization\",\"name\":\"40\u00b0 Festival Internacional de cine de Mar del plata\",\"url\":\"https:\/\/mardelplatafilmfest.com\/40\/\",\"logo\":{\"@type\":\"ImageObject\",\"inLanguage\":\"es-CL\",\"@id\":\"https:\/\/mardelplatafilmfest.com\/40\/#\/schema\/logo\/image\/\",\"url\":\"https:\/\/mardelplatafilmfest.com\/40\/wp-content\/uploads\/2025\/09\/WEB_mdq_logo_principal_marfil.png\",\"contentUrl\":\"https:\/\/mardelplatafilmfest.com\/40\/wp-content\/uploads\/2025\/09\/WEB_mdq_logo_principal_marfil.png\",\"width\":2067,\"height\":591,\"caption\":\"40\u00b0 Festival Internacional de cine de Mar del plata\"},\"image\":{\"@id\":\"https:\/\/mardelplatafilmfest.com\/40\/#\/schema\/logo\/image\/\"}}]}<\/script>\n<!-- \/ Yoast SEO plugin. -->","yoast_head_json":{"title":"Staff | 40\u00b0 Festival Internacional de cine de Mar del plata","description":"Descubr\u00ed la programaci\u00f3n, invitados, pel\u00edculas y actividades del 40\u00b0 Festival Internacional de Cine de Mar del Plata.","robots":{"index":"noindex","follow":"follow","max-snippet":"max-snippet:-1","max-image-preview":"max-image-preview:large","max-video-preview":"max-video-preview:-1"},"og_locale":"es_ES","og_type":"article","og_title":"Staff | 40\u00b0 Festival Internacional de cine de Mar del plata","og_description":"Descubr\u00ed la programaci\u00f3n, invitados, pel\u00edculas y actividades del 40\u00b0 Festival Internacional de Cine de Mar del Plata.","og_url":"https:\/\/mardelplatafilmfest.com\/40\/es\/staff\/","og_site_name":"40\u00b0 Festival Internacional de cine de Mar del plata","article_modified_time":"2025-10-20T19:14:10+00:00","og_image":[{"width":1920,"height":782,"url":"https:\/\/mardelplatafilmfest.com\/40\/wp-content\/uploads\/2025\/09\/WEB_Banner_principal-03-1.jpg","type":"image\/jpeg"}],"twitter_card":"summary_large_image","twitter_misc":{"Tiempo estimado de lectura":"2 minutos"},"schema":{"@context":"https:\/\/schema.org","@graph":[{"@type":"WebPage","@id":"https:\/\/mardelplatafilmfest.com\/40\/es\/staff\/","url":"https:\/\/mardelplatafilmfest.com\/40\/es\/staff\/","name":"Staff | 40\u00b0 Festival Internacional de cine de Mar del plata","isPartOf":{"@id":"https:\/\/mardelplatafilmfest.com\/40\/#website"},"datePublished":"2025-09-12T17:22:34+00:00","dateModified":"2025-10-20T19:14:10+00:00","description":"Descubr\u00ed la programaci\u00f3n, invitados, pel\u00edculas y actividades del 40\u00b0 Festival Internacional de Cine de Mar del Plata.","breadcrumb":{"@id":"https:\/\/mardelplatafilmfest.com\/40\/es\/staff\/#breadcrumb"},"inLanguage":"es-CL","potentialAction":[{"@type":"ReadAction","target":["https:\/\/mardelplatafilmfest.com\/40\/es\/staff\/"]}]},{"@type":"BreadcrumbList","@id":"https:\/\/mardelplatafilmfest.com\/40\/es\/staff\/#breadcrumb","itemListElement":[{"@type":"ListItem","position":1,"name":"Portada","item":"https:\/\/mardelplatafilmfest.com\/40\/es\/"},{"@type":"ListItem","position":2,"name":"Staff"}]},{"@type":"WebSite","@id":"https:\/\/mardelplatafilmfest.com\/40\/#website","url":"https:\/\/mardelplatafilmfest.com\/40\/","name":"40\u00b0 Festival Internacional de Cine de Mar del Plata | Sitio Oficial","description":"Descubr\u00ed la programaci\u00f3n, invitados, pel\u00edculas y actividades del 40\u00b0 Festival Internacional de Cine de Mar del Plata.","publisher":{"@id":"https:\/\/mardelplatafilmfest.com\/40\/#organization"},"potentialAction":[{"@type":"SearchAction","target":{"@type":"EntryPoint","urlTemplate":"https:\/\/mardelplatafilmfest.com\/40\/?s={search_term_string}"},"query-input":{"@type":"PropertyValueSpecification","valueRequired":true,"valueName":"search_term_string"}}],"inLanguage":"es-CL"},{"@type":"Organization","@id":"https:\/\/mardelplatafilmfest.com\/40\/#organization","name":"40\u00b0 Festival Internacional de cine de Mar del plata","url":"https:\/\/mardelplatafilmfest.com\/40\/","logo":{"@type":"ImageObject","inLanguage":"es-CL","@id":"https:\/\/mardelplatafilmfest.com\/40\/#\/schema\/logo\/image\/","url":"https:\/\/mardelplatafilmfest.com\/40\/wp-content\/uploads\/2025\/09\/WEB_mdq_logo_principal_marfil.png","contentUrl":"https:\/\/mardelplatafilmfest.com\/40\/wp-content\/uploads\/2025\/09\/WEB_mdq_logo_principal_marfil.png","width":2067,"height":591,"caption":"40\u00b0 Festival Internacional de cine de Mar del plata"},"image":{"@id":"https:\/\/mardelplatafilmfest.com\/40\/#\/schema\/logo\/image\/"}}]}},"_links":{"self":[{"href":"https:\/\/mardelplatafilmfest.com\/40\/wp-json\/wp\/v2\/pages\/133","targetHints":{"allow":["GET"]}}],"collection":[{"href":"https:\/\/mardelplatafilmfest.com\/40\/wp-json\/wp\/v2\/pages"}],"about":[{"href":"https:\/\/mardelplatafilmfest.com\/40\/wp-json\/wp\/v2\/types\/page"}],"author":[{"embeddable":true,"href":"https:\/\/mardelplatafilmfest.com\/40\/wp-json\/wp\/v2\/users\/1"}],"replies":[{"embeddable":true,"href":"https:\/\/mardelplatafilmfest.com\/40\/wp-json\/wp\/v2\/comments?post=133"}],"version-history":[{"count":3,"href":"https:\/\/mardelplatafilmfest.com\/40\/wp-json\/wp\/v2\/pages\/133\/revisions"}],"predecessor-version":[{"id":1354,"href":"https:\/\/mardelplatafilmfest.com\/40\/wp-json\/wp\/v2\/pages\/133\/revisions\/1354"}],"wp:attachment":[{"href":"https:\/\/mardelplatafilmfest.com\/40\/wp-json\/wp\/v2\/media?parent=133"}],"curies":[{"name":"wp","href":"https:\/\/api.w.org\/{rel}","templated":true}]}}