{"id":1367,"date":"2025-10-21T00:11:39","date_gmt":"2025-10-21T00:11:39","guid":{"rendered":"https:\/\/mardelplatafilmfest.com\/40\/?page_id=1367"},"modified":"2025-10-23T13:19:37","modified_gmt":"2025-10-23T13:19:37","slug":"accreditations","status":"publish","type":"page","link":"https:\/\/mardelplatafilmfest.com\/40\/en\/accreditations\/","title":{"rendered":"Accreditations"},"content":{"rendered":"\n<figure class=\"wp-block-image size-large\"><img loading=\"lazy\" decoding=\"async\" width=\"1024\" height=\"417\" src=\"https:\/\/mardelplatafilmfest.com\/40\/wp-content\/uploads\/2025\/10\/Acreditaciones-1-1024x417.jpg\" alt=\"\" class=\"wp-image-1484\" srcset=\"https:\/\/mardelplatafilmfest.com\/40\/wp-content\/uploads\/2025\/10\/Acreditaciones-1-1024x417.jpg 1024w, https:\/\/mardelplatafilmfest.com\/40\/wp-content\/uploads\/2025\/10\/Acreditaciones-1-300x122.jpg 300w, https:\/\/mardelplatafilmfest.com\/40\/wp-content\/uploads\/2025\/10\/Acreditaciones-1-768x313.jpg 768w, https:\/\/mardelplatafilmfest.com\/40\/wp-content\/uploads\/2025\/10\/Acreditaciones-1-1536x626.jpg 1536w, https:\/\/mardelplatafilmfest.com\/40\/wp-content\/uploads\/2025\/10\/Acreditaciones-1-2048x834.jpg 2048w\" sizes=\"auto, (max-width: 1024px) 100vw, 1024px\" \/><\/figure>\n\n\n\n<p><\/p>\n\n\n\n<p>If you are participating in the Festival with your <strong>film <\/strong>or have been <strong>invited<\/strong>, please complete the next form. <br>If you need a <strong>PRESS <\/strong>accreditation form and attach your own published material related to the promotion of Argentinean \/or international cinema<\/p>\n\n\n\n<div class=\"wp-block-buttons is-content-justification-left is-layout-flex wp-container-core-buttons-is-layout-fc4fd283 wp-block-buttons-is-layout-flex\">\n<div class=\"wp-block-button\"><a class=\"wp-block-button__link has-palette-color-2-background-color has-background wp-element-button\" href=\"https:\/\/accesofacil.com\/microsite\/registerToEventStep2\/permalink\/Festival-Internacional-de-Cine-Mar-del-Plata\/saleId\/2202510201347\">ACCREDITATION FORM<\/a><\/div>\n<\/div>\n\n\n\n<p><em>Submitting the application <strong>does not imply immediate accreditation<\/strong>. <br>Approval of accreditation will be communicated by email at the end of the accreditation application period.<\/em><br><\/p>\n\n\n\n<p><\/p>\n","protected":false},"excerpt":{"rendered":"<p>If you are participating in the Festival with your film or have been invited, please complete the next form. If you need a PRESS accreditation form and attach your own published material related to the promotion of Argentinean \/or international cinema Submitting the application does not imply immediate accreditation. Approval of accreditation will be communicated [&hellip;]<\/p>\n","protected":false},"author":3,"featured_media":0,"parent":0,"menu_order":0,"comment_status":"closed","ping_status":"closed","template":"","meta":{"_acf_changed":false,"footnotes":""},"class_list":["post-1367","page","type-page","status-publish","hentry"],"blocksy_meta":[],"acf":[],"yoast_head":"<!-- This site is optimized with the Yoast SEO plugin v26.1.1 - https:\/\/yoast.com\/wordpress\/plugins\/seo\/ -->\n<title>Accreditations | 40\u00b0 Festival Internacional de cine de Mar del plata<\/title>\n<meta name=\"description\" content=\"Descubr\u00ed la programaci\u00f3n, invitados, pel\u00edculas y actividades del 40\u00b0 Festival Internacional de Cine de Mar del Plata.\" \/>\n<meta name=\"robots\" content=\"noindex, follow, max-snippet:-1, max-image-preview:large, max-video-preview:-1\" \/>\n<meta property=\"og:locale\" content=\"es_ES\" \/>\n<meta property=\"og:type\" content=\"article\" \/>\n<meta property=\"og:title\" content=\"Accreditations | 40\u00b0 Festival Internacional de cine de Mar del plata\" \/>\n<meta property=\"og:description\" content=\"Descubr\u00ed la programaci\u00f3n, invitados, pel\u00edculas y actividades del 40\u00b0 Festival Internacional de Cine de Mar del Plata.\" \/>\n<meta property=\"og:url\" content=\"https:\/\/mardelplatafilmfest.com\/40\/en\/accreditations\/\" \/>\n<meta property=\"og:site_name\" content=\"40\u00b0 Festival Internacional de cine de Mar del plata\" \/>\n<meta property=\"article:modified_time\" content=\"2025-10-23T13:19:37+00:00\" \/>\n<meta property=\"og:image\" content=\"https:\/\/mardelplatafilmfest.com\/40\/wp-content\/uploads\/2025\/10\/Acreditaciones-1.jpg\" \/>\n\t<meta property=\"og:image:width\" content=\"2133\" \/>\n\t<meta property=\"og:image:height\" content=\"869\" \/>\n\t<meta property=\"og:image:type\" content=\"image\/jpeg\" \/>\n<meta name=\"twitter:card\" content=\"summary_large_image\" \/>\n<meta name=\"twitter:label1\" content=\"Tiempo estimado de lectura\" \/>\n\t<meta name=\"twitter:data1\" content=\"1 minuto\" \/>\n<script type=\"application\/ld+json\" class=\"yoast-schema-graph\">{\"@context\":\"https:\/\/schema.org\",\"@graph\":[{\"@type\":\"WebPage\",\"@id\":\"https:\/\/mardelplatafilmfest.com\/40\/en\/accreditations\/\",\"url\":\"https:\/\/mardelplatafilmfest.com\/40\/en\/accreditations\/\",\"name\":\"Accreditations | 40\u00b0 Festival Internacional de cine de Mar del plata\",\"isPartOf\":{\"@id\":\"https:\/\/mardelplatafilmfest.com\/40\/#website\"},\"primaryImageOfPage\":{\"@id\":\"https:\/\/mardelplatafilmfest.com\/40\/en\/accreditations\/#primaryimage\"},\"image\":{\"@id\":\"https:\/\/mardelplatafilmfest.com\/40\/en\/accreditations\/#primaryimage\"},\"thumbnailUrl\":\"https:\/\/mardelplatafilmfest.com\/40\/wp-content\/uploads\/2025\/10\/Acreditaciones-1-1024x417.jpg\",\"datePublished\":\"2025-10-21T00:11:39+00:00\",\"dateModified\":\"2025-10-23T13:19:37+00:00\",\"description\":\"Descubr\u00ed la programaci\u00f3n, invitados, pel\u00edculas y actividades del 40\u00b0 Festival Internacional de Cine de Mar del Plata.\",\"breadcrumb\":{\"@id\":\"https:\/\/mardelplatafilmfest.com\/40\/en\/accreditations\/#breadcrumb\"},\"inLanguage\":\"es-CL\",\"potentialAction\":[{\"@type\":\"ReadAction\",\"target\":[\"https:\/\/mardelplatafilmfest.com\/40\/en\/accreditations\/\"]}]},{\"@type\":\"ImageObject\",\"inLanguage\":\"es-CL\",\"@id\":\"https:\/\/mardelplatafilmfest.com\/40\/en\/accreditations\/#primaryimage\",\"url\":\"https:\/\/mardelplatafilmfest.com\/40\/wp-content\/uploads\/2025\/10\/Acreditaciones-1.jpg\",\"contentUrl\":\"https:\/\/mardelplatafilmfest.com\/40\/wp-content\/uploads\/2025\/10\/Acreditaciones-1.jpg\",\"width\":2133,\"height\":869},{\"@type\":\"BreadcrumbList\",\"@id\":\"https:\/\/mardelplatafilmfest.com\/40\/en\/accreditations\/#breadcrumb\",\"itemListElement\":[{\"@type\":\"ListItem\",\"position\":1,\"name\":\"Portada\",\"item\":\"https:\/\/mardelplatafilmfest.com\/40\/es\/\"},{\"@type\":\"ListItem\",\"position\":2,\"name\":\"Accreditations\"}]},{\"@type\":\"WebSite\",\"@id\":\"https:\/\/mardelplatafilmfest.com\/40\/#website\",\"url\":\"https:\/\/mardelplatafilmfest.com\/40\/\",\"name\":\"40\u00b0 Festival Internacional de Cine de Mar del Plata | Sitio Oficial\",\"description\":\"Descubr\u00ed la programaci\u00f3n, invitados, pel\u00edculas y actividades del 40\u00b0 Festival Internacional de Cine de Mar del Plata.\",\"publisher\":{\"@id\":\"https:\/\/mardelplatafilmfest.com\/40\/#organization\"},\"potentialAction\":[{\"@type\":\"SearchAction\",\"target\":{\"@type\":\"EntryPoint\",\"urlTemplate\":\"https:\/\/mardelplatafilmfest.com\/40\/?s={search_term_string}\"},\"query-input\":{\"@type\":\"PropertyValueSpecification\",\"valueRequired\":true,\"valueName\":\"search_term_string\"}}],\"inLanguage\":\"es-CL\"},{\"@type\":\"Organization\",\"@id\":\"https:\/\/mardelplatafilmfest.com\/40\/#organization\",\"name\":\"40\u00b0 Festival Internacional de cine de Mar del plata\",\"url\":\"https:\/\/mardelplatafilmfest.com\/40\/\",\"logo\":{\"@type\":\"ImageObject\",\"inLanguage\":\"es-CL\",\"@id\":\"https:\/\/mardelplatafilmfest.com\/40\/#\/schema\/logo\/image\/\",\"url\":\"https:\/\/mardelplatafilmfest.com\/40\/wp-content\/uploads\/2025\/09\/WEB_mdq_logo_principal_marfil.png\",\"contentUrl\":\"https:\/\/mardelplatafilmfest.com\/40\/wp-content\/uploads\/2025\/09\/WEB_mdq_logo_principal_marfil.png\",\"width\":2067,\"height\":591,\"caption\":\"40\u00b0 Festival Internacional de cine de Mar del plata\"},\"image\":{\"@id\":\"https:\/\/mardelplatafilmfest.com\/40\/#\/schema\/logo\/image\/\"}}]}<\/script>\n<!-- \/ Yoast SEO plugin. -->","yoast_head_json":{"title":"Accreditations | 40\u00b0 Festival Internacional de cine de Mar del plata","description":"Descubr\u00ed la programaci\u00f3n, invitados, pel\u00edculas y actividades del 40\u00b0 Festival Internacional de Cine de Mar del Plata.","robots":{"index":"noindex","follow":"follow","max-snippet":"max-snippet:-1","max-image-preview":"max-image-preview:large","max-video-preview":"max-video-preview:-1"},"og_locale":"es_ES","og_type":"article","og_title":"Accreditations | 40\u00b0 Festival Internacional de cine de Mar del plata","og_description":"Descubr\u00ed la programaci\u00f3n, invitados, pel\u00edculas y actividades del 40\u00b0 Festival Internacional de Cine de Mar del Plata.","og_url":"https:\/\/mardelplatafilmfest.com\/40\/en\/accreditations\/","og_site_name":"40\u00b0 Festival Internacional de cine de Mar del plata","article_modified_time":"2025-10-23T13:19:37+00:00","og_image":[{"width":2133,"height":869,"url":"https:\/\/mardelplatafilmfest.com\/40\/wp-content\/uploads\/2025\/10\/Acreditaciones-1.jpg","type":"image\/jpeg"}],"twitter_card":"summary_large_image","twitter_misc":{"Tiempo estimado de lectura":"1 minuto"},"schema":{"@context":"https:\/\/schema.org","@graph":[{"@type":"WebPage","@id":"https:\/\/mardelplatafilmfest.com\/40\/en\/accreditations\/","url":"https:\/\/mardelplatafilmfest.com\/40\/en\/accreditations\/","name":"Accreditations | 40\u00b0 Festival Internacional de cine de Mar del plata","isPartOf":{"@id":"https:\/\/mardelplatafilmfest.com\/40\/#website"},"primaryImageOfPage":{"@id":"https:\/\/mardelplatafilmfest.com\/40\/en\/accreditations\/#primaryimage"},"image":{"@id":"https:\/\/mardelplatafilmfest.com\/40\/en\/accreditations\/#primaryimage"},"thumbnailUrl":"https:\/\/mardelplatafilmfest.com\/40\/wp-content\/uploads\/2025\/10\/Acreditaciones-1-1024x417.jpg","datePublished":"2025-10-21T00:11:39+00:00","dateModified":"2025-10-23T13:19:37+00:00","description":"Descubr\u00ed la programaci\u00f3n, invitados, pel\u00edculas y actividades del 40\u00b0 Festival Internacional de Cine de Mar del Plata.","breadcrumb":{"@id":"https:\/\/mardelplatafilmfest.com\/40\/en\/accreditations\/#breadcrumb"},"inLanguage":"es-CL","potentialAction":[{"@type":"ReadAction","target":["https:\/\/mardelplatafilmfest.com\/40\/en\/accreditations\/"]}]},{"@type":"ImageObject","inLanguage":"es-CL","@id":"https:\/\/mardelplatafilmfest.com\/40\/en\/accreditations\/#primaryimage","url":"https:\/\/mardelplatafilmfest.com\/40\/wp-content\/uploads\/2025\/10\/Acreditaciones-1.jpg","contentUrl":"https:\/\/mardelplatafilmfest.com\/40\/wp-content\/uploads\/2025\/10\/Acreditaciones-1.jpg","width":2133,"height":869},{"@type":"BreadcrumbList","@id":"https:\/\/mardelplatafilmfest.com\/40\/en\/accreditations\/#breadcrumb","itemListElement":[{"@type":"ListItem","position":1,"name":"Portada","item":"https:\/\/mardelplatafilmfest.com\/40\/es\/"},{"@type":"ListItem","position":2,"name":"Accreditations"}]},{"@type":"WebSite","@id":"https:\/\/mardelplatafilmfest.com\/40\/#website","url":"https:\/\/mardelplatafilmfest.com\/40\/","name":"40\u00b0 Festival Internacional de Cine de Mar del Plata | Sitio Oficial","description":"Descubr\u00ed la programaci\u00f3n, invitados, pel\u00edculas y actividades del 40\u00b0 Festival Internacional de Cine de Mar del Plata.","publisher":{"@id":"https:\/\/mardelplatafilmfest.com\/40\/#organization"},"potentialAction":[{"@type":"SearchAction","target":{"@type":"EntryPoint","urlTemplate":"https:\/\/mardelplatafilmfest.com\/40\/?s={search_term_string}"},"query-input":{"@type":"PropertyValueSpecification","valueRequired":true,"valueName":"search_term_string"}}],"inLanguage":"es-CL"},{"@type":"Organization","@id":"https:\/\/mardelplatafilmfest.com\/40\/#organization","name":"40\u00b0 Festival Internacional de cine de Mar del plata","url":"https:\/\/mardelplatafilmfest.com\/40\/","logo":{"@type":"ImageObject","inLanguage":"es-CL","@id":"https:\/\/mardelplatafilmfest.com\/40\/#\/schema\/logo\/image\/","url":"https:\/\/mardelplatafilmfest.com\/40\/wp-content\/uploads\/2025\/09\/WEB_mdq_logo_principal_marfil.png","contentUrl":"https:\/\/mardelplatafilmfest.com\/40\/wp-content\/uploads\/2025\/09\/WEB_mdq_logo_principal_marfil.png","width":2067,"height":591,"caption":"40\u00b0 Festival Internacional de cine de Mar del plata"},"image":{"@id":"https:\/\/mardelplatafilmfest.com\/40\/#\/schema\/logo\/image\/"}}]}},"_links":{"self":[{"href":"https:\/\/mardelplatafilmfest.com\/40\/wp-json\/wp\/v2\/pages\/1367","targetHints":{"allow":["GET"]}}],"collection":[{"href":"https:\/\/mardelplatafilmfest.com\/40\/wp-json\/wp\/v2\/pages"}],"about":[{"href":"https:\/\/mardelplatafilmfest.com\/40\/wp-json\/wp\/v2\/types\/page"}],"author":[{"embeddable":true,"href":"https:\/\/mardelplatafilmfest.com\/40\/wp-json\/wp\/v2\/users\/3"}],"replies":[{"embeddable":true,"href":"https:\/\/mardelplatafilmfest.com\/40\/wp-json\/wp\/v2\/comments?post=1367"}],"version-history":[{"count":4,"href":"https:\/\/mardelplatafilmfest.com\/40\/wp-json\/wp\/v2\/pages\/1367\/revisions"}],"predecessor-version":[{"id":1485,"href":"https:\/\/mardelplatafilmfest.com\/40\/wp-json\/wp\/v2\/pages\/1367\/revisions\/1485"}],"wp:attachment":[{"href":"https:\/\/mardelplatafilmfest.com\/40\/wp-json\/wp\/v2\/media?parent=1367"}],"curies":[{"name":"wp","href":"https:\/\/api.w.org\/{rel}","templated":true}]}}