{"id":181,"date":"2025-09-12T18:44:34","date_gmt":"2025-09-12T18:44:34","guid":{"rendered":"https:\/\/sitio1.unbcorp.cl\/Fest\/?page_id=181"},"modified":"2025-11-03T22:59:49","modified_gmt":"2025-11-03T22:59:49","slug":"apoyo","status":"publish","type":"page","link":"https:\/\/mardelplatafilmfest.com\/40\/es\/apoyo\/","title":{"rendered":"Apoyo"},"content":{"rendered":"\n<h2 class=\"wp-block-heading has-text-align-center has-large-font-size\"><\/h2>\n\n\n\n<div class=\"wp-block-group is-layout-constrained wp-block-group-is-layout-constrained\">\n<p class=\"has-text-align-center has-medium-font-size\">ITALIA, PA\u00cdS DE HONOR<\/p>\n\n\n\n<figure class=\"wp-block-image aligncenter size-full is-resized\"><img loading=\"lazy\" decoding=\"async\" width=\"600\" height=\"200\" src=\"https:\/\/mardelplatafilmfest.com\/40\/wp-content\/uploads\/2025\/10\/Prueba1.png\" alt=\"\" class=\"wp-image-1375\" style=\"width:500px\" srcset=\"https:\/\/mardelplatafilmfest.com\/40\/wp-content\/uploads\/2025\/10\/Prueba1.png 600w, https:\/\/mardelplatafilmfest.com\/40\/wp-content\/uploads\/2025\/10\/Prueba1-300x100.png 300w\" sizes=\"auto, (max-width: 600px) 100vw, 600px\" \/><\/figure>\n\n\n\n<figure class=\"wp-block-image aligncenter size-full is-resized\"><img loading=\"lazy\" decoding=\"async\" width=\"1000\" height=\"200\" src=\"https:\/\/mardelplatafilmfest.com\/40\/wp-content\/uploads\/2025\/10\/Tira2daItalia.png\" alt=\"\" class=\"wp-image-1630\" style=\"width:800px\" srcset=\"https:\/\/mardelplatafilmfest.com\/40\/wp-content\/uploads\/2025\/10\/Tira2daItalia.png 1000w, https:\/\/mardelplatafilmfest.com\/40\/wp-content\/uploads\/2025\/10\/Tira2daItalia-300x60.png 300w, https:\/\/mardelplatafilmfest.com\/40\/wp-content\/uploads\/2025\/10\/Tira2daItalia-768x154.png 768w\" sizes=\"auto, (max-width: 1000px) 100vw, 1000px\" \/><\/figure>\n<\/div>\n\n\n\n<h2 class=\"wp-block-heading has-text-align-center has-large-font-size\">Acompa\u00f1an al Festival las siguientes embajadas e instituciones<\/h2>\n\n\n\n<div class=\"wp-block-group is-content-justification-center is-nowrap is-layout-flex wp-container-core-group-is-layout-23441af8 wp-block-group-is-layout-flex\">\n<figure class=\"wp-block-image size-full is-resized\"><img loading=\"lazy\" decoding=\"async\" width=\"1000\" height=\"200\" src=\"https:\/\/mardelplatafilmfest.com\/40\/wp-content\/uploads\/2025\/10\/Prueba2.png\" alt=\"\" class=\"wp-image-1379\" style=\"width:800px\" srcset=\"https:\/\/mardelplatafilmfest.com\/40\/wp-content\/uploads\/2025\/10\/Prueba2.png 1000w, https:\/\/mardelplatafilmfest.com\/40\/wp-content\/uploads\/2025\/10\/Prueba2-300x60.png 300w, https:\/\/mardelplatafilmfest.com\/40\/wp-content\/uploads\/2025\/10\/Prueba2-768x154.png 768w\" sizes=\"auto, (max-width: 1000px) 100vw, 1000px\" \/><\/figure>\n<\/div>\n\n\n\n<div class=\"wp-block-group is-content-justification-center is-nowrap is-layout-flex wp-container-core-group-is-layout-23441af8 wp-block-group-is-layout-flex\">\n<figure class=\"wp-block-image size-full is-resized\"><img loading=\"lazy\" decoding=\"async\" width=\"1000\" height=\"200\" src=\"https:\/\/mardelplatafilmfest.com\/40\/wp-content\/uploads\/2025\/10\/Prueba3.png\" alt=\"\" class=\"wp-image-1382\" style=\"width:800px\" srcset=\"https:\/\/mardelplatafilmfest.com\/40\/wp-content\/uploads\/2025\/10\/Prueba3.png 1000w, https:\/\/mardelplatafilmfest.com\/40\/wp-content\/uploads\/2025\/10\/Prueba3-300x60.png 300w, https:\/\/mardelplatafilmfest.com\/40\/wp-content\/uploads\/2025\/10\/Prueba3-768x154.png 768w\" sizes=\"auto, (max-width: 1000px) 100vw, 1000px\" \/><\/figure>\n<\/div>\n\n\n\n<div class=\"wp-block-group is-content-justification-center is-nowrap is-layout-flex wp-container-core-group-is-layout-23441af8 wp-block-group-is-layout-flex\">\n<figure class=\"wp-block-image size-full is-resized\"><img loading=\"lazy\" decoding=\"async\" width=\"1000\" height=\"200\" src=\"https:\/\/mardelplatafilmfest.com\/40\/wp-content\/uploads\/2025\/10\/Prueba4.png\" alt=\"\" class=\"wp-image-1384\" style=\"width:800px\" srcset=\"https:\/\/mardelplatafilmfest.com\/40\/wp-content\/uploads\/2025\/10\/Prueba4.png 1000w, https:\/\/mardelplatafilmfest.com\/40\/wp-content\/uploads\/2025\/10\/Prueba4-300x60.png 300w, https:\/\/mardelplatafilmfest.com\/40\/wp-content\/uploads\/2025\/10\/Prueba4-768x154.png 768w\" sizes=\"auto, (max-width: 1000px) 100vw, 1000px\" \/><\/figure>\n<\/div>\n\n\n\n<div class=\"wp-block-group is-content-justification-center is-nowrap is-layout-flex wp-container-core-group-is-layout-23441af8 wp-block-group-is-layout-flex\">\n<figure class=\"wp-block-image size-full is-resized\"><img loading=\"lazy\" decoding=\"async\" width=\"1000\" height=\"200\" src=\"https:\/\/mardelplatafilmfest.com\/40\/wp-content\/uploads\/2025\/10\/Prueba5.png\" alt=\"\" class=\"wp-image-1387\" style=\"width:800px\" srcset=\"https:\/\/mardelplatafilmfest.com\/40\/wp-content\/uploads\/2025\/10\/Prueba5.png 1000w, https:\/\/mardelplatafilmfest.com\/40\/wp-content\/uploads\/2025\/10\/Prueba5-300x60.png 300w, https:\/\/mardelplatafilmfest.com\/40\/wp-content\/uploads\/2025\/10\/Prueba5-768x154.png 768w\" sizes=\"auto, (max-width: 1000px) 100vw, 1000px\" \/><\/figure>\n<\/div>\n\n\n\n<p><\/p>\n\n\n\n<p><\/p>\n\n\n\n<h2 class=\"wp-block-heading has-text-align-center has-large-font-size\">Sponsor oficial <\/h2>\n\n\n\n<div class=\"wp-block-group is-content-justification-center is-nowrap is-layout-flex wp-container-core-group-is-layout-23441af8 wp-block-group-is-layout-flex\">\n<figure class=\"wp-block-image size-full is-resized\"><img loading=\"lazy\" decoding=\"async\" width=\"1000\" height=\"200\" src=\"https:\/\/mardelplatafilmfest.com\/40\/wp-content\/uploads\/2025\/10\/GaliciaLogoMainSpo.png\" alt=\"\" class=\"wp-image-1424\" style=\"width:700px\" srcset=\"https:\/\/mardelplatafilmfest.com\/40\/wp-content\/uploads\/2025\/10\/GaliciaLogoMainSpo.png 1000w, https:\/\/mardelplatafilmfest.com\/40\/wp-content\/uploads\/2025\/10\/GaliciaLogoMainSpo-300x60.png 300w, https:\/\/mardelplatafilmfest.com\/40\/wp-content\/uploads\/2025\/10\/GaliciaLogoMainSpo-768x154.png 768w\" sizes=\"auto, (max-width: 1000px) 100vw, 1000px\" \/><\/figure>\n<\/div>\n\n\n\n<p><\/p>\n\n\n\n<h2 class=\"wp-block-heading has-text-align-center has-large-font-size\">Auspician<\/h2>\n\n\n\n<figure class=\"wp-block-image aligncenter size-full is-resized\"><img loading=\"lazy\" decoding=\"async\" width=\"1000\" height=\"200\" src=\"https:\/\/mardelplatafilmfest.com\/40\/wp-content\/uploads\/2025\/11\/CocaColaEd.png\" alt=\"\" class=\"wp-image-1776\" style=\"width:800px\" srcset=\"https:\/\/mardelplatafilmfest.com\/40\/wp-content\/uploads\/2025\/11\/CocaColaEd.png 1000w, https:\/\/mardelplatafilmfest.com\/40\/wp-content\/uploads\/2025\/11\/CocaColaEd-300x60.png 300w, https:\/\/mardelplatafilmfest.com\/40\/wp-content\/uploads\/2025\/11\/CocaColaEd-768x154.png 768w\" sizes=\"auto, (max-width: 1000px) 100vw, 1000px\" \/><\/figure>\n\n\n\n<figure class=\"wp-block-image aligncenter size-full is-resized\"><img loading=\"lazy\" decoding=\"async\" width=\"1000\" height=\"200\" src=\"https:\/\/mardelplatafilmfest.com\/40\/wp-content\/uploads\/2025\/10\/Prueba7.png\" alt=\"\" class=\"wp-image-1393\" style=\"width:800px\" srcset=\"https:\/\/mardelplatafilmfest.com\/40\/wp-content\/uploads\/2025\/10\/Prueba7.png 1000w, https:\/\/mardelplatafilmfest.com\/40\/wp-content\/uploads\/2025\/10\/Prueba7-300x60.png 300w, https:\/\/mardelplatafilmfest.com\/40\/wp-content\/uploads\/2025\/10\/Prueba7-768x154.png 768w\" sizes=\"auto, (max-width: 1000px) 100vw, 1000px\" \/><\/figure>\n\n\n\n<figure class=\"wp-block-image aligncenter size-full is-resized\"><img loading=\"lazy\" decoding=\"async\" width=\"1000\" height=\"200\" src=\"https:\/\/mardelplatafilmfest.com\/40\/wp-content\/uploads\/2025\/10\/Prueba8.png\" alt=\"\" class=\"wp-image-1396\" style=\"width:800px\" srcset=\"https:\/\/mardelplatafilmfest.com\/40\/wp-content\/uploads\/2025\/10\/Prueba8.png 1000w, https:\/\/mardelplatafilmfest.com\/40\/wp-content\/uploads\/2025\/10\/Prueba8-300x60.png 300w, https:\/\/mardelplatafilmfest.com\/40\/wp-content\/uploads\/2025\/10\/Prueba8-768x154.png 768w\" sizes=\"auto, (max-width: 1000px) 100vw, 1000px\" \/><\/figure>\n\n\n\n<figure class=\"wp-block-image aligncenter size-full is-resized\"><img loading=\"lazy\" decoding=\"async\" width=\"1000\" height=\"200\" src=\"https:\/\/mardelplatafilmfest.com\/40\/wp-content\/uploads\/2025\/10\/Prueba9-1.png\" alt=\"\" class=\"wp-image-1400\" style=\"width:800px\" srcset=\"https:\/\/mardelplatafilmfest.com\/40\/wp-content\/uploads\/2025\/10\/Prueba9-1.png 1000w, https:\/\/mardelplatafilmfest.com\/40\/wp-content\/uploads\/2025\/10\/Prueba9-1-300x60.png 300w, https:\/\/mardelplatafilmfest.com\/40\/wp-content\/uploads\/2025\/10\/Prueba9-1-768x154.png 768w\" sizes=\"auto, (max-width: 1000px) 100vw, 1000px\" \/><\/figure>\n\n\n\n<h2 class=\"wp-block-heading has-text-align-center has-large-font-size\">Colaboradores<\/h2>\n\n\n\n<figure class=\"wp-block-image aligncenter size-full is-resized\"><img loading=\"lazy\" decoding=\"async\" width=\"1000\" height=\"200\" src=\"https:\/\/mardelplatafilmfest.com\/40\/wp-content\/uploads\/2025\/10\/Prueba10-1.png\" alt=\"\" class=\"wp-image-1404\" style=\"width:800px\" srcset=\"https:\/\/mardelplatafilmfest.com\/40\/wp-content\/uploads\/2025\/10\/Prueba10-1.png 1000w, https:\/\/mardelplatafilmfest.com\/40\/wp-content\/uploads\/2025\/10\/Prueba10-1-300x60.png 300w, https:\/\/mardelplatafilmfest.com\/40\/wp-content\/uploads\/2025\/10\/Prueba10-1-768x154.png 768w\" sizes=\"auto, (max-width: 1000px) 100vw, 1000px\" \/><\/figure>\n\n\n\n<figure class=\"wp-block-image aligncenter size-full is-resized\"><img loading=\"lazy\" decoding=\"async\" width=\"2560\" height=\"512\" src=\"https:\/\/mardelplatafilmfest.com\/40\/wp-content\/uploads\/2025\/11\/CurzioEd-1-scaled.png\" alt=\"\" class=\"wp-image-1782\" style=\"width:800px\" srcset=\"https:\/\/mardelplatafilmfest.com\/40\/wp-content\/uploads\/2025\/11\/CurzioEd-1-scaled.png 2560w, https:\/\/mardelplatafilmfest.com\/40\/wp-content\/uploads\/2025\/11\/CurzioEd-1-300x60.png 300w, https:\/\/mardelplatafilmfest.com\/40\/wp-content\/uploads\/2025\/11\/CurzioEd-1-1024x205.png 1024w, https:\/\/mardelplatafilmfest.com\/40\/wp-content\/uploads\/2025\/11\/CurzioEd-1-768x154.png 768w, https:\/\/mardelplatafilmfest.com\/40\/wp-content\/uploads\/2025\/11\/CurzioEd-1-1536x307.png 1536w, https:\/\/mardelplatafilmfest.com\/40\/wp-content\/uploads\/2025\/11\/CurzioEd-1-2048x410.png 2048w\" sizes=\"auto, (max-width: 2560px) 100vw, 2560px\" \/><\/figure>\n\n\n\n<h2 class=\"wp-block-heading has-text-align-center has-large-font-size\">Apoyos institucionales<\/h2>\n\n\n\n<p><\/p>\n\n\n\n<figure class=\"wp-block-image aligncenter size-full is-resized\"><img loading=\"lazy\" decoding=\"async\" width=\"600\" height=\"100\" src=\"https:\/\/mardelplatafilmfest.com\/40\/wp-content\/uploads\/2025\/10\/Prueba11-1.png\" alt=\"\" class=\"wp-image-1408\" style=\"width:500px\" srcset=\"https:\/\/mardelplatafilmfest.com\/40\/wp-content\/uploads\/2025\/10\/Prueba11-1.png 600w, https:\/\/mardelplatafilmfest.com\/40\/wp-content\/uploads\/2025\/10\/Prueba11-1-300x50.png 300w\" sizes=\"auto, (max-width: 600px) 100vw, 600px\" \/><\/figure>\n\n\n\n<figure class=\"wp-block-image aligncenter size-full is-resized\"><img loading=\"lazy\" decoding=\"async\" width=\"600\" height=\"100\" src=\"https:\/\/mardelplatafilmfest.com\/40\/wp-content\/uploads\/2025\/10\/Prueba12.png\" alt=\"\" class=\"wp-image-1409\" style=\"width:500px\" srcset=\"https:\/\/mardelplatafilmfest.com\/40\/wp-content\/uploads\/2025\/10\/Prueba12.png 600w, https:\/\/mardelplatafilmfest.com\/40\/wp-content\/uploads\/2025\/10\/Prueba12-300x50.png 300w\" sizes=\"auto, (max-width: 600px) 100vw, 600px\" \/><\/figure>\n\n\n\n<figure class=\"wp-block-image aligncenter size-full is-resized\"><img loading=\"lazy\" decoding=\"async\" width=\"600\" height=\"100\" src=\"https:\/\/mardelplatafilmfest.com\/40\/wp-content\/uploads\/2025\/10\/Prueba13-1.png\" alt=\"\" class=\"wp-image-1415\" style=\"width:500px\" srcset=\"https:\/\/mardelplatafilmfest.com\/40\/wp-content\/uploads\/2025\/10\/Prueba13-1.png 600w, https:\/\/mardelplatafilmfest.com\/40\/wp-content\/uploads\/2025\/10\/Prueba13-1-300x50.png 300w\" sizes=\"auto, (max-width: 600px) 100vw, 600px\" \/><\/figure>\n\n\n\n<figure class=\"wp-block-image aligncenter size-full is-resized\"><img loading=\"lazy\" decoding=\"async\" width=\"1000\" height=\"100\" src=\"https:\/\/mardelplatafilmfest.com\/40\/wp-content\/uploads\/2025\/10\/Prueba14-1.png\" alt=\"\" class=\"wp-image-1414\" style=\"width:500px\" srcset=\"https:\/\/mardelplatafilmfest.com\/40\/wp-content\/uploads\/2025\/10\/Prueba14-1.png 1000w, https:\/\/mardelplatafilmfest.com\/40\/wp-content\/uploads\/2025\/10\/Prueba14-1-300x30.png 300w, https:\/\/mardelplatafilmfest.com\/40\/wp-content\/uploads\/2025\/10\/Prueba14-1-768x77.png 768w\" sizes=\"auto, (max-width: 1000px) 100vw, 1000px\" \/><\/figure>\n\n\n\n<figure class=\"wp-block-image aligncenter size-full is-resized\"><img loading=\"lazy\" decoding=\"async\" width=\"1000\" height=\"100\" src=\"https:\/\/mardelplatafilmfest.com\/40\/wp-content\/uploads\/2025\/10\/Prueba15-1.png\" alt=\"\" class=\"wp-image-1419\" style=\"width:500px\" srcset=\"https:\/\/mardelplatafilmfest.com\/40\/wp-content\/uploads\/2025\/10\/Prueba15-1.png 1000w, https:\/\/mardelplatafilmfest.com\/40\/wp-content\/uploads\/2025\/10\/Prueba15-1-300x30.png 300w, https:\/\/mardelplatafilmfest.com\/40\/wp-content\/uploads\/2025\/10\/Prueba15-1-768x77.png 768w\" sizes=\"auto, (max-width: 1000px) 100vw, 1000px\" \/><\/figure>\n\n\n\n<figure class=\"wp-block-image aligncenter size-full is-resized\"><img loading=\"lazy\" decoding=\"async\" width=\"1000\" height=\"200\" src=\"https:\/\/mardelplatafilmfest.com\/40\/wp-content\/uploads\/2025\/10\/Prueba15-2.png\" alt=\"\" class=\"wp-image-1422\" style=\"width:500px\" srcset=\"https:\/\/mardelplatafilmfest.com\/40\/wp-content\/uploads\/2025\/10\/Prueba15-2.png 1000w, https:\/\/mardelplatafilmfest.com\/40\/wp-content\/uploads\/2025\/10\/Prueba15-2-300x60.png 300w, https:\/\/mardelplatafilmfest.com\/40\/wp-content\/uploads\/2025\/10\/Prueba15-2-768x154.png 768w\" sizes=\"auto, (max-width: 1000px) 100vw, 1000px\" \/><\/figure>\n\n\n\n<p><\/p>\n\n\n\n<h2 class=\"wp-block-heading has-text-align-center has-large-font-size\">Mediapartners<\/h2>\n\n\n\n<figure class=\"wp-block-image aligncenter size-full is-resized\"><img loading=\"lazy\" decoding=\"async\" width=\"1000\" height=\"200\" src=\"https:\/\/mardelplatafilmfest.com\/40\/wp-content\/uploads\/2025\/10\/AmericaMP.png\" alt=\"\" class=\"wp-image-1429\" style=\"width:700px\" srcset=\"https:\/\/mardelplatafilmfest.com\/40\/wp-content\/uploads\/2025\/10\/AmericaMP.png 1000w, https:\/\/mardelplatafilmfest.com\/40\/wp-content\/uploads\/2025\/10\/AmericaMP-300x60.png 300w, https:\/\/mardelplatafilmfest.com\/40\/wp-content\/uploads\/2025\/10\/AmericaMP-768x154.png 768w\" sizes=\"auto, (max-width: 1000px) 100vw, 1000px\" \/><\/figure>\n\n\n\n<figure class=\"wp-block-image aligncenter size-full is-resized\"><img loading=\"lazy\" decoding=\"async\" width=\"1000\" height=\"200\" src=\"https:\/\/mardelplatafilmfest.com\/40\/wp-content\/uploads\/2025\/10\/FilmsuezCinemaCenter.png\" alt=\"\" class=\"wp-image-1430\" style=\"width:500px\" srcset=\"https:\/\/mardelplatafilmfest.com\/40\/wp-content\/uploads\/2025\/10\/FilmsuezCinemaCenter.png 1000w, https:\/\/mardelplatafilmfest.com\/40\/wp-content\/uploads\/2025\/10\/FilmsuezCinemaCenter-300x60.png 300w, https:\/\/mardelplatafilmfest.com\/40\/wp-content\/uploads\/2025\/10\/FilmsuezCinemaCenter-768x154.png 768w\" sizes=\"auto, (max-width: 1000px) 100vw, 1000px\" \/><\/figure>\n\n\n\n<p><\/p>\n","protected":false},"excerpt":{"rendered":"<p>ITALIA, PA\u00cdS DE HONOR Acompa\u00f1an al Festival las siguientes embajadas e instituciones Sponsor oficial Auspician Colaboradores Apoyos institucionales Mediapartners<\/p>\n","protected":false},"author":1,"featured_media":177,"parent":0,"menu_order":0,"comment_status":"closed","ping_status":"closed","template":"","meta":{"_acf_changed":false,"footnotes":""},"class_list":["post-181","page","type-page","status-publish","has-post-thumbnail","hentry"],"blocksy_meta":[],"acf":[],"yoast_head":"<!-- This site is optimized with the Yoast SEO plugin v26.1.1 - https:\/\/yoast.com\/wordpress\/plugins\/seo\/ -->\n<title>Apoyo | 40\u00b0 Festival Internacional de cine de Mar del plata<\/title>\n<meta name=\"description\" content=\"Descubr\u00ed la programaci\u00f3n, invitados, pel\u00edculas y actividades del 40\u00b0 Festival Internacional de Cine de Mar del Plata.\" \/>\n<meta name=\"robots\" content=\"noindex, follow, max-snippet:-1, max-image-preview:large, max-video-preview:-1\" \/>\n<meta property=\"og:locale\" content=\"es_ES\" \/>\n<meta property=\"og:type\" content=\"article\" \/>\n<meta property=\"og:title\" content=\"Apoyo | 40\u00b0 Festival Internacional de cine de Mar del plata\" \/>\n<meta property=\"og:description\" content=\"Descubr\u00ed la programaci\u00f3n, invitados, pel\u00edculas y actividades del 40\u00b0 Festival Internacional de Cine de Mar del Plata.\" \/>\n<meta property=\"og:url\" content=\"https:\/\/mardelplatafilmfest.com\/40\/es\/apoyo\/\" \/>\n<meta property=\"og:site_name\" content=\"40\u00b0 Festival Internacional de cine de Mar del plata\" \/>\n<meta property=\"article:modified_time\" content=\"2025-11-03T22:59:49+00:00\" \/>\n<meta property=\"og:image\" content=\"https:\/\/mardelplatafilmfest.com\/40\/wp-content\/uploads\/2025\/09\/cropped-WEB_circulo_pestana_pleno.png\" \/>\n\t<meta property=\"og:image:width\" content=\"512\" \/>\n\t<meta property=\"og:image:height\" content=\"512\" \/>\n\t<meta property=\"og:image:type\" content=\"image\/png\" \/>\n<meta name=\"twitter:card\" content=\"summary_large_image\" \/>\n<meta name=\"twitter:label1\" content=\"Tiempo estimado de lectura\" \/>\n\t<meta name=\"twitter:data1\" content=\"5 minutos\" \/>\n<script type=\"application\/ld+json\" class=\"yoast-schema-graph\">{\"@context\":\"https:\/\/schema.org\",\"@graph\":[{\"@type\":\"WebPage\",\"@id\":\"https:\/\/mardelplatafilmfest.com\/40\/es\/apoyo\/\",\"url\":\"https:\/\/mardelplatafilmfest.com\/40\/es\/apoyo\/\",\"name\":\"Apoyo | 40\u00b0 Festival Internacional de cine de Mar del plata\",\"isPartOf\":{\"@id\":\"https:\/\/mardelplatafilmfest.com\/40\/#website\"},\"primaryImageOfPage\":{\"@id\":\"https:\/\/mardelplatafilmfest.com\/40\/es\/apoyo\/#primaryimage\"},\"image\":{\"@id\":\"https:\/\/mardelplatafilmfest.com\/40\/es\/apoyo\/#primaryimage\"},\"thumbnailUrl\":\"https:\/\/mardelplatafilmfest.com\/40\/wp-content\/uploads\/2025\/09\/cropped-WEB_circulo_pestana_pleno.png\",\"datePublished\":\"2025-09-12T18:44:34+00:00\",\"dateModified\":\"2025-11-03T22:59:49+00:00\",\"description\":\"Descubr\u00ed la programaci\u00f3n, invitados, pel\u00edculas y actividades del 40\u00b0 Festival Internacional de Cine de Mar del Plata.\",\"breadcrumb\":{\"@id\":\"https:\/\/mardelplatafilmfest.com\/40\/es\/apoyo\/#breadcrumb\"},\"inLanguage\":\"es-CL\",\"potentialAction\":[{\"@type\":\"ReadAction\",\"target\":[\"https:\/\/mardelplatafilmfest.com\/40\/es\/apoyo\/\"]}]},{\"@type\":\"ImageObject\",\"inLanguage\":\"es-CL\",\"@id\":\"https:\/\/mardelplatafilmfest.com\/40\/es\/apoyo\/#primaryimage\",\"url\":\"https:\/\/mardelplatafilmfest.com\/40\/wp-content\/uploads\/2025\/09\/cropped-WEB_circulo_pestana_pleno.png\",\"contentUrl\":\"https:\/\/mardelplatafilmfest.com\/40\/wp-content\/uploads\/2025\/09\/cropped-WEB_circulo_pestana_pleno.png\",\"width\":512,\"height\":512},{\"@type\":\"BreadcrumbList\",\"@id\":\"https:\/\/mardelplatafilmfest.com\/40\/es\/apoyo\/#breadcrumb\",\"itemListElement\":[{\"@type\":\"ListItem\",\"position\":1,\"name\":\"Portada\",\"item\":\"https:\/\/mardelplatafilmfest.com\/40\/es\/\"},{\"@type\":\"ListItem\",\"position\":2,\"name\":\"Apoyo\"}]},{\"@type\":\"WebSite\",\"@id\":\"https:\/\/mardelplatafilmfest.com\/40\/#website\",\"url\":\"https:\/\/mardelplatafilmfest.com\/40\/\",\"name\":\"40\u00b0 Festival Internacional de Cine de Mar del Plata | Sitio Oficial\",\"description\":\"Descubr\u00ed la programaci\u00f3n, invitados, pel\u00edculas y actividades del 40\u00b0 Festival Internacional de Cine de Mar del Plata.\",\"publisher\":{\"@id\":\"https:\/\/mardelplatafilmfest.com\/40\/#organization\"},\"potentialAction\":[{\"@type\":\"SearchAction\",\"target\":{\"@type\":\"EntryPoint\",\"urlTemplate\":\"https:\/\/mardelplatafilmfest.com\/40\/?s={search_term_string}\"},\"query-input\":{\"@type\":\"PropertyValueSpecification\",\"valueRequired\":true,\"valueName\":\"search_term_string\"}}],\"inLanguage\":\"es-CL\"},{\"@type\":\"Organization\",\"@id\":\"https:\/\/mardelplatafilmfest.com\/40\/#organization\",\"name\":\"40\u00b0 Festival Internacional de cine de Mar del plata\",\"url\":\"https:\/\/mardelplatafilmfest.com\/40\/\",\"logo\":{\"@type\":\"ImageObject\",\"inLanguage\":\"es-CL\",\"@id\":\"https:\/\/mardelplatafilmfest.com\/40\/#\/schema\/logo\/image\/\",\"url\":\"https:\/\/mardelplatafilmfest.com\/40\/wp-content\/uploads\/2025\/09\/WEB_mdq_logo_principal_marfil.png\",\"contentUrl\":\"https:\/\/mardelplatafilmfest.com\/40\/wp-content\/uploads\/2025\/09\/WEB_mdq_logo_principal_marfil.png\",\"width\":2067,\"height\":591,\"caption\":\"40\u00b0 Festival Internacional de cine de Mar del plata\"},\"image\":{\"@id\":\"https:\/\/mardelplatafilmfest.com\/40\/#\/schema\/logo\/image\/\"}}]}<\/script>\n<!-- \/ Yoast SEO plugin. -->","yoast_head_json":{"title":"Apoyo | 40\u00b0 Festival Internacional de cine de Mar del plata","description":"Descubr\u00ed la programaci\u00f3n, invitados, pel\u00edculas y actividades del 40\u00b0 Festival Internacional de Cine de Mar del Plata.","robots":{"index":"noindex","follow":"follow","max-snippet":"max-snippet:-1","max-image-preview":"max-image-preview:large","max-video-preview":"max-video-preview:-1"},"og_locale":"es_ES","og_type":"article","og_title":"Apoyo | 40\u00b0 Festival Internacional de cine de Mar del plata","og_description":"Descubr\u00ed la programaci\u00f3n, invitados, pel\u00edculas y actividades del 40\u00b0 Festival Internacional de Cine de Mar del Plata.","og_url":"https:\/\/mardelplatafilmfest.com\/40\/es\/apoyo\/","og_site_name":"40\u00b0 Festival Internacional de cine de Mar del plata","article_modified_time":"2025-11-03T22:59:49+00:00","og_image":[{"width":512,"height":512,"url":"https:\/\/mardelplatafilmfest.com\/40\/wp-content\/uploads\/2025\/09\/cropped-WEB_circulo_pestana_pleno.png","type":"image\/png"}],"twitter_card":"summary_large_image","twitter_misc":{"Tiempo estimado de lectura":"5 minutos"},"schema":{"@context":"https:\/\/schema.org","@graph":[{"@type":"WebPage","@id":"https:\/\/mardelplatafilmfest.com\/40\/es\/apoyo\/","url":"https:\/\/mardelplatafilmfest.com\/40\/es\/apoyo\/","name":"Apoyo | 40\u00b0 Festival Internacional de cine de Mar del plata","isPartOf":{"@id":"https:\/\/mardelplatafilmfest.com\/40\/#website"},"primaryImageOfPage":{"@id":"https:\/\/mardelplatafilmfest.com\/40\/es\/apoyo\/#primaryimage"},"image":{"@id":"https:\/\/mardelplatafilmfest.com\/40\/es\/apoyo\/#primaryimage"},"thumbnailUrl":"https:\/\/mardelplatafilmfest.com\/40\/wp-content\/uploads\/2025\/09\/cropped-WEB_circulo_pestana_pleno.png","datePublished":"2025-09-12T18:44:34+00:00","dateModified":"2025-11-03T22:59:49+00:00","description":"Descubr\u00ed la programaci\u00f3n, invitados, pel\u00edculas y actividades del 40\u00b0 Festival Internacional de Cine de Mar del Plata.","breadcrumb":{"@id":"https:\/\/mardelplatafilmfest.com\/40\/es\/apoyo\/#breadcrumb"},"inLanguage":"es-CL","potentialAction":[{"@type":"ReadAction","target":["https:\/\/mardelplatafilmfest.com\/40\/es\/apoyo\/"]}]},{"@type":"ImageObject","inLanguage":"es-CL","@id":"https:\/\/mardelplatafilmfest.com\/40\/es\/apoyo\/#primaryimage","url":"https:\/\/mardelplatafilmfest.com\/40\/wp-content\/uploads\/2025\/09\/cropped-WEB_circulo_pestana_pleno.png","contentUrl":"https:\/\/mardelplatafilmfest.com\/40\/wp-content\/uploads\/2025\/09\/cropped-WEB_circulo_pestana_pleno.png","width":512,"height":512},{"@type":"BreadcrumbList","@id":"https:\/\/mardelplatafilmfest.com\/40\/es\/apoyo\/#breadcrumb","itemListElement":[{"@type":"ListItem","position":1,"name":"Portada","item":"https:\/\/mardelplatafilmfest.com\/40\/es\/"},{"@type":"ListItem","position":2,"name":"Apoyo"}]},{"@type":"WebSite","@id":"https:\/\/mardelplatafilmfest.com\/40\/#website","url":"https:\/\/mardelplatafilmfest.com\/40\/","name":"40\u00b0 Festival Internacional de Cine de Mar del Plata | Sitio Oficial","description":"Descubr\u00ed la programaci\u00f3n, invitados, pel\u00edculas y actividades del 40\u00b0 Festival Internacional de Cine de Mar del Plata.","publisher":{"@id":"https:\/\/mardelplatafilmfest.com\/40\/#organization"},"potentialAction":[{"@type":"SearchAction","target":{"@type":"EntryPoint","urlTemplate":"https:\/\/mardelplatafilmfest.com\/40\/?s={search_term_string}"},"query-input":{"@type":"PropertyValueSpecification","valueRequired":true,"valueName":"search_term_string"}}],"inLanguage":"es-CL"},{"@type":"Organization","@id":"https:\/\/mardelplatafilmfest.com\/40\/#organization","name":"40\u00b0 Festival Internacional de cine de Mar del plata","url":"https:\/\/mardelplatafilmfest.com\/40\/","logo":{"@type":"ImageObject","inLanguage":"es-CL","@id":"https:\/\/mardelplatafilmfest.com\/40\/#\/schema\/logo\/image\/","url":"https:\/\/mardelplatafilmfest.com\/40\/wp-content\/uploads\/2025\/09\/WEB_mdq_logo_principal_marfil.png","contentUrl":"https:\/\/mardelplatafilmfest.com\/40\/wp-content\/uploads\/2025\/09\/WEB_mdq_logo_principal_marfil.png","width":2067,"height":591,"caption":"40\u00b0 Festival Internacional de cine de Mar del plata"},"image":{"@id":"https:\/\/mardelplatafilmfest.com\/40\/#\/schema\/logo\/image\/"}}]}},"_links":{"self":[{"href":"https:\/\/mardelplatafilmfest.com\/40\/wp-json\/wp\/v2\/pages\/181","targetHints":{"allow":["GET"]}}],"collection":[{"href":"https:\/\/mardelplatafilmfest.com\/40\/wp-json\/wp\/v2\/pages"}],"about":[{"href":"https:\/\/mardelplatafilmfest.com\/40\/wp-json\/wp\/v2\/types\/page"}],"author":[{"embeddable":true,"href":"https:\/\/mardelplatafilmfest.com\/40\/wp-json\/wp\/v2\/users\/1"}],"replies":[{"embeddable":true,"href":"https:\/\/mardelplatafilmfest.com\/40\/wp-json\/wp\/v2\/comments?post=181"}],"version-history":[{"count":27,"href":"https:\/\/mardelplatafilmfest.com\/40\/wp-json\/wp\/v2\/pages\/181\/revisions"}],"predecessor-version":[{"id":1783,"href":"https:\/\/mardelplatafilmfest.com\/40\/wp-json\/wp\/v2\/pages\/181\/revisions\/1783"}],"wp:featuredmedia":[{"embeddable":true,"href":"https:\/\/mardelplatafilmfest.com\/40\/wp-json\/wp\/v2\/media\/177"}],"wp:attachment":[{"href":"https:\/\/mardelplatafilmfest.com\/40\/wp-json\/wp\/v2\/media?parent=181"}],"curies":[{"name":"wp","href":"https:\/\/api.w.org\/{rel}","templated":true}]}}