{"id":185,"date":"2025-09-12T22:06:30","date_gmt":"2025-09-12T22:06:30","guid":{"rendered":"https:\/\/sitio1.unbcorp.cl\/Fest\/?page_id=185"},"modified":"2025-10-31T23:23:25","modified_gmt":"2025-10-31T23:23:25","slug":"news","status":"publish","type":"page","link":"https:\/\/mardelplatafilmfest.com\/40\/en\/news\/","title":{"rendered":"News"},"content":{"rendered":"\n<h2 class=\"wp-block-heading\">News<\/h2>\n\n\n\n<h4 class=\"wp-block-heading\">Featured News<\/h4>\n\n\n<style id=\"sp_pcp_dynamic_style1520\">#pcp_wrapper-1520:not(.sps-glossary-layout) .sp-pcp-row,#pcp_wrapper-1520 .sps-glossary-items-group .sps-glossary-items-content {margin-right: -0.5px;margin-left: -0.5px;}#pcp_wrapper-1520 .sp-pcp-row [class*='sp-pcp-col-']{padding-right: 0.5px;padding-left: 0.5px; padding-bottom:1px;}.pcp-wrapper-1520 .sp-pcp-title a {color: #111;display: inherit;} .pcp-wrapper-1520 .sp-pcp-title a:hover {color: #dabd78;}#pcp_wrapper-1520 .dots .swiper-pagination-bullet{ background: #cccccc; } #pcp_wrapper-1520 .dots .swiper-pagination-bullet-active { background: #dabd78; }#pcp_wrapper-1520 .pcp-button-prev,#pcp_wrapper-1520 .pcp-button-next{ background-image: none; background-size: auto; background-color: #fff; height: 33px; width: 33px; margin-top: 8px; border: 1px solid #aaa; text-align: center; line-height: 30px; -webkit-transition: 0.3s; border-radius: 0px; }#pcp_wrapper-1520 .pcp-button-prev:hover, #pcp_wrapper-1520 .pcp-button-next:hover{ background-color: #D64224; border-color: #e1624b; } #pcp_wrapper-1520 .pcp-button-prev .fa, #pcp_wrapper-1520 .pcp-button-next .fa { color: #aaa; } #pcp_wrapper-1520 .pcp-button-prev:hover .fa, #pcp_wrapper-1520 .pcp-button-next:hover .fa { color: #fff; } #pcp_wrapper-1520.pcp-carousel-wrapper .sp-pcp-post{ margin-top: 0; }#pcp_wrapper-1520 .sp-pcp-post {padding: 0 0 0 0;}#pcp_wrapper-1520.sp-slider_layout .sp-pcp-post .sp-pcp-post-details {top: 0; right:0; bottom:0; left:0;}#pcp_wrapper-1520 .sp-pcp-post {border: 0px solid #e2e2e2; border-radius: 0px }#pcp_wrapper-1520 .sp-pcp-post{background-color: transparent;}#pcp_wrapper-1520 .pcp-post-thumb-wrapper{border: 0px solid #dddddd;border-radius:0px;}.pcp-wrapper-1520 .sp-pcp-post-meta li,.pcp-wrapper-1520 .sp-pcp-post-meta ul,.pcp-wrapper-1520 .sp-pcp-post-meta li a{color: #888;}.pcp-wrapper-1520 .sp-pcp-post-meta li a:hover{color: #dabd78;}#pcp_wrapper-1520 .pcp-post-pagination .page-numbers.current, #pcp_wrapper-1520 .pcp-post-pagination a.active , #pcp_wrapper-1520 .pcp-post-pagination a:hover{ color: #ffffff; background: #e1624b; border-color: #e1624b; }#pcp_wrapper-1520 .pcp-post-pagination .page-numbers, .pcp-post-pagination a{ background: #ffffff; color:#5e5e5e; border: 2px solid #bbbbbb;border-radius: 2px; }#pcp_wrapper-1520 .pcp-post-pagination{text-align: left;}@media (min-width: 1200px) {.sp-pcp-row .sp-pcp-col-xl-1 {flex: 0 0 100%;}.sp-pcp-row .sp-pcp-col-xl-2 {flex: 1 1 calc( 50% - 1px);}.sp-pcp-row .sp-pcp-col-xl-3 {flex: 1 1 calc( 33.333% - 1px);}.sp-pcp-row .sp-pcp-col-xl-4 {flex: 1 1 calc( 25% - 1px);}.sp-pcp-row .sp-pcp-col-xl-5 { flex: 1 1 calc( 20% - 1px);}.sp-pcp-row .sp-pcp-col-xl-6 {flex: 1 1 calc( 16.66666666666667% - 1px);}.sp-pcp-row .sp-pcp-col-xl-7 {flex: 1 1 calc( 14.28571428% - 1px);}.sp-pcp-row .sp-pcp-col-xl-8 {flex: 1 1 calc( 12.5% - 1px);}}@media (max-width: 1200px) {.sp-pcp-row .sp-pcp-col-lg-1 {flex: 0 0 100%;}.sp-pcp-row .sp-pcp-col-lg-2 {flex: 1 1 calc( 50% - 1px);}.sp-pcp-row .sp-pcp-col-lg-3 {flex: 1 1 calc( 33.333% - 1px);}.sp-pcp-row .sp-pcp-col-lg-4 {flex: 1 1 calc( 25% - 1px);}.sp-pcp-row .sp-pcp-col-lg-5 { flex: 1 1 calc( 20% - 1px);}.sp-pcp-row .sp-pcp-col-lg-6 {flex: 1 1 calc( 16.66666666666667% - 1px);}.sp-pcp-row .sp-pcp-col-lg-7 {flex: 1 1 calc( 14.28571428% - 1px);}.sp-pcp-row .sp-pcp-col-lg-8 {flex: 1 1 calc( 12.5% - 1px);}}@media (max-width: 992px) {.sp-pcp-row .sp-pcp-col-md-1 {flex: 0 0 100%;}.sp-pcp-row .sp-pcp-col-md-2 {flex: 1 1 calc( 50% - 1px);}.sp-pcp-row .sp-pcp-col-md-2-5 {flex: 0 0 75%;}.sp-pcp-row .sp-pcp-col-md-3 {flex: 1 1 calc( 33.333% - 1px);}.sp-pcp-row .sp-pcp-col-md-4 {flex: 1 1 calc( 25% - 1px);}.sp-pcp-row .sp-pcp-col-md-5 { flex: 1 1 calc( 20% - 1px);}.sp-pcp-row .sp-pcp-col-md-6 {flex: 1 1 calc( 16.66666666666667% - 1px);}.sp-pcp-row .sp-pcp-col-md-7 {flex: 1 1 calc( 14.28571428% - 1px);}.sp-pcp-row .sp-pcp-col-md-8 {flex: 1 1 calc( 12.5% - 1px);}}@media (max-width: 768px) {.sp-pcp-row .sp-pcp-col-sm-1 {flex: 0 0 100%;}.sp-pcp-row .sp-pcp-col-sm-2 {flex: 1 1 calc( 50% - 1px);}.sp-pcp-row .sp-pcp-col-sm-2-5 {flex: 0 0 75%;}.sp-pcp-row .sp-pcp-col-sm-3 {flex: 1 1 calc( 33.333% - 1px);}.sp-pcp-row .sp-pcp-col-sm-4 {flex: 1 1 calc( 25% - 1px);}.sp-pcp-row .sp-pcp-col-sm-5 { flex: 1 1 calc( 20% - 1px);}.sp-pcp-row .sp-pcp-col-sm-6 {flex: 1 1 calc( 16.66666666666667% - 1px);}.sp-pcp-row .sp-pcp-col-sm-7 {flex: 1 1 calc( 14.28571428% - 1px);}.sp-pcp-row .sp-pcp-col-sm-8 {flex: 1 1 calc( 12.5% - 1px);}}@media (max-width: 420px) {.sp-pcp-row .sp-pcp-col-xs-1 {flex: 0 0 100%;}.sp-pcp-row .sp-pcp-col-xs-2 {flex: 1 1 calc( 50% - 1px);}.sp-pcp-row .sp-pcp-col-xs-3 {flex: 1 1 calc( 33.333% - 1px);}.sp-pcp-row .sp-pcp-col-xs-4 {flex: 1 1 calc( 25% - 1px);}.sp-pcp-row .sp-pcp-col-xs-5 { flex: 1 1 calc( 20% - 1px);}.sp-pcp-row .sp-pcp-col-xs-6 {flex: 1 1 calc( 16.66666666666667% - 1px);}.sp-pcp-row .sp-pcp-col-xs-7 {flex: 1 1 calc( 14.28571428% - 1px);}.sp-pcp-row .sp-pcp-col-xs-8 {flex: 1 1 calc( 12.5% - 1px);}}<\/style><!-- Markup Starts -->\n<div id=\"pcp_wrapper-1520\" class=\"sp-pcp-section sp-pcp-container pcp-wrapper-1520 pcp-carousel-wrapper standard sp-carousel_layout\" data-sid=\"1520\">\n\t<div id=\"sp-pcp-id-1520\" class=\"swiper-container sp-pcp-carousel top_left\" dir=\"ltr\" data-carousel='{ \"speed\":600, \"items\":2, \"spaceBetween\":1, \"dynamicBullets\": false, \"navigation\":false, \"pagination\": true, \"autoplay\": true, \"autoplay_speed\": 2000, \"loop\": true, \"autoHeight\": false, \"lazy\":  true, \"simulateTouch\": true, \"freeMode\": false, \"slider_mouse_wheel\": false,\"allowTouchMove\": true, \"slidesPerView\": {\"lg_desktop\": 2, \"desktop\": 2, \"tablet\": 2, \"mobile_landscape\": 2, \"mobile\": 2}, \"navigation_mobile\": false, \"pagination_mobile\": true, \"stop_onHover\": true, \"enabled\": true, \"prevSlideMessage\": \"Previous slide\", \"nextSlideMessage\": \"Next slide\", \"firstSlideMessage\": \"This is the first slide\", \"lastSlideMessage\": \"This is the last slide\", \"keyboard\": \"true\", \"paginationBulletMessage\": \"Go to slide {{index}}\" }'>\n\t\t\t<div class=\"swiper-wrapper\">\n\t\t\t\t\t\t<div class=\" swiper-slide swiper-lazy\">\n\t\t\t<div class=\"sp-pcp-post default pcp-item-2544\" data-id=\"2544\">\n\t\t\t\t\t\t\t\t<div class=\"pcp-post-thumb-wrapper\">\n\t\t\t\t\t<div class=\"sp-pcp-post-thumb-area\">\n\t\t\t\t\t\t\t\t\t\t\t\t<a class=\"sp-pcp-thumb\" href=\"https:\/\/mardelplatafilmfest.com\/40\/en\/premios-independientes-todas-las-ganadoras-2-copy\/\" target=\"_self\" >\n\t\t\t\t\t\t\t\t\t\t\t\t\t<img loading=\"lazy\" decoding=\"async\" src=\"https:\/\/mardelplatafilmfest.com\/40\/wp-content\/uploads\/2025\/11\/PLACAS-WEB-PROXIMAS_premios-oficiales-1024x417.jpg\" width=\"1024\" height=\"417\" alt=\"\">\n\t\t\t\t\t\t<\/a>\n\t\t\t\t\t<\/div>\n\t\t\t\t<\/div>\n\t\t\t\t\t\t\t\t<div class=\"sp-pcp-post-details\">\n\t\t\t\t\t<div class=\"sp-pcp-post-details-content\">\n\t\t\t\t\t\t\t\t<h2 class=\"sp-pcp-title\">\n\t\t\t\t\t\t\t\t\t<a href=\"https:\/\/mardelplatafilmfest.com\/40\/en\/premios-independientes-todas-las-ganadoras-2-copy\/\"  target=\"_self\">Official Awards: All the Winners<\/a>\t\t\t\t\t\t\t<\/h2>\n\t\t\t\t\t\t\t\t\t<\/div>\n\t\t\t\t<\/div>\n\t\t\t<\/div>\n\t\t<\/div>\n\t\t\t\t<div class=\" swiper-slide swiper-lazy\">\n\t\t\t<div class=\"sp-pcp-post default pcp-item-2537\" data-id=\"2537\">\n\t\t\t\t\t\t\t\t<div class=\"pcp-post-thumb-wrapper\">\n\t\t\t\t\t<div class=\"sp-pcp-post-thumb-area\">\n\t\t\t\t\t\t\t\t\t\t\t\t<a class=\"sp-pcp-thumb\" href=\"https:\/\/mardelplatafilmfest.com\/40\/en\/premios-independientes-todas-las-ganadoras-copy\/\" target=\"_self\" >\n\t\t\t\t\t\t\t\t\t\t\t\t\t<img loading=\"lazy\" decoding=\"async\" src=\"https:\/\/mardelplatafilmfest.com\/40\/wp-content\/uploads\/2025\/11\/PLACAS-WEB-PROXIMAS_premios-independientes-1024x417.jpg\" width=\"1024\" height=\"417\" alt=\"\">\n\t\t\t\t\t\t<\/a>\n\t\t\t\t\t<\/div>\n\t\t\t\t<\/div>\n\t\t\t\t\t\t\t\t<div class=\"sp-pcp-post-details\">\n\t\t\t\t\t<div class=\"sp-pcp-post-details-content\">\n\t\t\t\t\t\t\t\t<h2 class=\"sp-pcp-title\">\n\t\t\t\t\t\t\t\t\t<a href=\"https:\/\/mardelplatafilmfest.com\/40\/en\/premios-independientes-todas-las-ganadoras-copy\/\"  target=\"_self\">Independent Awards: All the Winners<\/a>\t\t\t\t\t\t\t<\/h2>\n\t\t\t\t\t\t\t\t\t<\/div>\n\t\t\t\t<\/div>\n\t\t\t<\/div>\n\t\t<\/div>\n\t\t\t\t<div class=\" swiper-slide swiper-lazy\">\n\t\t\t<div class=\"sp-pcp-post default pcp-item-2446\" data-id=\"2446\">\n\t\t\t\t\t\t\t\t<div class=\"pcp-post-thumb-wrapper\">\n\t\t\t\t\t<div class=\"sp-pcp-post-thumb-area\">\n\t\t\t\t\t\t\t\t\t\t\t\t<a class=\"sp-pcp-thumb\" href=\"https:\/\/mardelplatafilmfest.com\/40\/en\/rodrigo-garcias-las-locuras-to-close-the-festival\/\" target=\"_self\" >\n\t\t\t\t\t\t\t\t\t\t\t\t\t<img loading=\"lazy\" decoding=\"async\" src=\"https:\/\/mardelplatafilmfest.com\/40\/wp-content\/uploads\/2025\/11\/web_17.10-03-1024x417.jpg\" width=\"1024\" height=\"417\" alt=\"\">\n\t\t\t\t\t\t<\/a>\n\t\t\t\t\t<\/div>\n\t\t\t\t<\/div>\n\t\t\t\t\t\t\t\t<div class=\"sp-pcp-post-details\">\n\t\t\t\t\t<div class=\"sp-pcp-post-details-content\">\n\t\t\t\t\t\t\t\t<h2 class=\"sp-pcp-title\">\n\t\t\t\t\t\t\t\t\t<a href=\"https:\/\/mardelplatafilmfest.com\/40\/en\/rodrigo-garcias-las-locuras-to-close-the-festival\/\"  target=\"_self\">Rodrigo Garc\u00eda\u2019s \u00abLas locuras\u00bb to Close the Festival<\/a>\t\t\t\t\t\t\t<\/h2>\n\t\t\t\t\t\t\t\t\t<\/div>\n\t\t\t\t<\/div>\n\t\t\t<\/div>\n\t\t<\/div>\n\t\t\t\t<div class=\" swiper-slide swiper-lazy\">\n\t\t\t<div class=\"sp-pcp-post default pcp-item-2478\" data-id=\"2478\">\n\t\t\t\t\t\t\t\t<div class=\"pcp-post-thumb-wrapper\">\n\t\t\t\t\t<div class=\"sp-pcp-post-thumb-area\">\n\t\t\t\t\t\t\t\t\t\t\t\t<a class=\"sp-pcp-thumb\" href=\"https:\/\/mardelplatafilmfest.com\/40\/en\/actor-francesc-orella-gave-an-open-talk-and-the-final-competition-screenings-took-place\/\" target=\"_self\" >\n\t\t\t\t\t\t\t\t\t\t\t\t\t<img loading=\"lazy\" decoding=\"async\" src=\"https:\/\/mardelplatafilmfest.com\/40\/wp-content\/uploads\/2025\/11\/1024x417_noticias_15.11_b-1024x417.jpg\" width=\"1024\" height=\"417\" alt=\"\">\n\t\t\t\t\t\t<\/a>\n\t\t\t\t\t<\/div>\n\t\t\t\t<\/div>\n\t\t\t\t\t\t\t\t<div class=\"sp-pcp-post-details\">\n\t\t\t\t\t<div class=\"sp-pcp-post-details-content\">\n\t\t\t\t\t\t\t\t<h2 class=\"sp-pcp-title\">\n\t\t\t\t\t\t\t\t\t<a href=\"https:\/\/mardelplatafilmfest.com\/40\/en\/actor-francesc-orella-gave-an-open-talk-and-the-final-competition-screenings-took-place\/\"  target=\"_self\">Actor Francesc Orella Gave an Open Talk and the Final Competition Screenings Took Place<\/a>\t\t\t\t\t\t\t<\/h2>\n\t\t\t\t\t\t\t\t\t<\/div>\n\t\t\t\t<\/div>\n\t\t\t<\/div>\n\t\t<\/div>\n\t\t\t\t<div class=\" swiper-slide swiper-lazy\">\n\t\t\t<div class=\"sp-pcp-post default pcp-item-2439\" data-id=\"2439\">\n\t\t\t\t\t\t\t\t<div class=\"pcp-post-thumb-wrapper\">\n\t\t\t\t\t<div class=\"sp-pcp-post-thumb-area\">\n\t\t\t\t\t\t\t\t\t\t\t\t<a class=\"sp-pcp-thumb\" href=\"https:\/\/mardelplatafilmfest.com\/40\/en\/a-day-of-world-premieres-at-the-festival\/\" target=\"_self\" >\n\t\t\t\t\t\t\t\t\t\t\t\t\t<img loading=\"lazy\" decoding=\"async\" src=\"https:\/\/mardelplatafilmfest.com\/40\/wp-content\/uploads\/2025\/11\/1024x417_noticias_14.11-1024x417.jpg\" width=\"1024\" height=\"417\" alt=\"\">\n\t\t\t\t\t\t<\/a>\n\t\t\t\t\t<\/div>\n\t\t\t\t<\/div>\n\t\t\t\t\t\t\t\t<div class=\"sp-pcp-post-details\">\n\t\t\t\t\t<div class=\"sp-pcp-post-details-content\">\n\t\t\t\t\t\t\t\t<h2 class=\"sp-pcp-title\">\n\t\t\t\t\t\t\t\t\t<a href=\"https:\/\/mardelplatafilmfest.com\/40\/en\/a-day-of-world-premieres-at-the-festival\/\"  target=\"_self\">A Day of World Premieres at the Festival<\/a>\t\t\t\t\t\t\t<\/h2>\n\t\t\t\t\t\t\t\t\t<\/div>\n\t\t\t\t<\/div>\n\t\t\t<\/div>\n\t\t<\/div>\n\t\t\t\t<div class=\" swiper-slide swiper-lazy\">\n\t\t\t<div class=\"sp-pcp-post default pcp-item-2319\" data-id=\"2319\">\n\t\t\t\t\t\t\t\t<div class=\"pcp-post-thumb-wrapper\">\n\t\t\t\t\t<div class=\"sp-pcp-post-thumb-area\">\n\t\t\t\t\t\t\t\t\t\t\t\t<a class=\"sp-pcp-thumb\" href=\"https:\/\/mardelplatafilmfest.com\/40\/en\/the-mar-del-plata-international-film-festival-continues-with-its-daily-screenings\/\" target=\"_self\" >\n\t\t\t\t\t\t\t\t\t\t\t\t\t<img loading=\"lazy\" decoding=\"async\" src=\"https:\/\/mardelplatafilmfest.com\/40\/wp-content\/uploads\/2025\/11\/1024x417_noticias_13.11-1024x417.jpg\" width=\"1024\" height=\"417\" alt=\"\">\n\t\t\t\t\t\t<\/a>\n\t\t\t\t\t<\/div>\n\t\t\t\t<\/div>\n\t\t\t\t\t\t\t\t<div class=\"sp-pcp-post-details\">\n\t\t\t\t\t<div class=\"sp-pcp-post-details-content\">\n\t\t\t\t\t\t\t\t<h2 class=\"sp-pcp-title\">\n\t\t\t\t\t\t\t\t\t<a href=\"https:\/\/mardelplatafilmfest.com\/40\/en\/the-mar-del-plata-international-film-festival-continues-with-its-daily-screenings\/\"  target=\"_self\">The Mar del Plata International Film Festival Continues with Its Daily Screenings<\/a>\t\t\t\t\t\t\t<\/h2>\n\t\t\t\t\t\t\t\t\t<\/div>\n\t\t\t\t<\/div>\n\t\t\t<\/div>\n\t\t<\/div>\n\t\t\t\t\t<\/div>\n\t\t\t\t\t\t<div class=\"pcp-pagination swiper-pagination dots\"><\/div>\n\t\t\t\t\t\t\t<\/div>\n<\/div>\n\n\n\n\n<h4 class=\"wp-block-heading\">All News will be here \u2013 Come back soon!<\/h4>\n\n\n","protected":false},"excerpt":{"rendered":"<p>News Featured News All News will be here \u2013 Come back soon!<\/p>\n","protected":false},"author":1,"featured_media":0,"parent":0,"menu_order":0,"comment_status":"closed","ping_status":"closed","template":"","meta":{"_acf_changed":false,"footnotes":""},"class_list":["post-185","page","type-page","status-publish","hentry"],"blocksy_meta":[],"acf":[],"yoast_head":"<!-- This site is optimized with the Yoast SEO plugin v26.1.1 - https:\/\/yoast.com\/wordpress\/plugins\/seo\/ -->\n<title>News | 40\u00b0 Festival Internacional de cine de Mar del plata<\/title>\n<meta name=\"description\" content=\"Descubr\u00ed la programaci\u00f3n, invitados, pel\u00edculas y actividades del 40\u00b0 Festival Internacional de Cine de Mar del Plata.\" \/>\n<meta name=\"robots\" content=\"index, follow, max-snippet:-1, max-image-preview:large, max-video-preview:-1\" \/>\n<link rel=\"canonical\" href=\"https:\/\/mardelplatafilmfest.com\/40\/en\/news\/\" \/>\n<meta property=\"og:locale\" content=\"es_ES\" \/>\n<meta property=\"og:type\" content=\"article\" \/>\n<meta property=\"og:title\" content=\"News | 40\u00b0 Festival Internacional de cine de Mar del plata\" \/>\n<meta property=\"og:description\" content=\"Descubr\u00ed la programaci\u00f3n, invitados, pel\u00edculas y actividades del 40\u00b0 Festival Internacional de Cine de Mar del Plata.\" \/>\n<meta property=\"og:url\" content=\"https:\/\/mardelplatafilmfest.com\/40\/en\/news\/\" \/>\n<meta property=\"og:site_name\" content=\"40\u00b0 Festival Internacional de cine de Mar del plata\" \/>\n<meta property=\"article:modified_time\" content=\"2025-10-31T23:23:25+00:00\" \/>\n<meta property=\"og:image\" content=\"https:\/\/mardelplatafilmfest.com\/40\/wp-content\/uploads\/2025\/09\/WEB_Banner_principal-03-1.jpg\" \/>\n\t<meta property=\"og:image:width\" content=\"1920\" \/>\n\t<meta property=\"og:image:height\" content=\"782\" \/>\n\t<meta property=\"og:image:type\" content=\"image\/jpeg\" \/>\n<meta name=\"twitter:card\" content=\"summary_large_image\" \/>\n<meta name=\"twitter:label1\" content=\"Tiempo estimado de lectura\" \/>\n\t<meta name=\"twitter:data1\" content=\"1 minuto\" \/>\n<script type=\"application\/ld+json\" class=\"yoast-schema-graph\">{\"@context\":\"https:\/\/schema.org\",\"@graph\":[{\"@type\":\"WebPage\",\"@id\":\"https:\/\/mardelplatafilmfest.com\/40\/en\/news\/\",\"url\":\"https:\/\/mardelplatafilmfest.com\/40\/en\/news\/\",\"name\":\"News | 40\u00b0 Festival Internacional de cine de Mar del plata\",\"isPartOf\":{\"@id\":\"https:\/\/mardelplatafilmfest.com\/40\/#website\"},\"datePublished\":\"2025-09-12T22:06:30+00:00\",\"dateModified\":\"2025-10-31T23:23:25+00:00\",\"description\":\"Descubr\u00ed la programaci\u00f3n, invitados, pel\u00edculas y actividades del 40\u00b0 Festival Internacional de Cine de Mar del Plata.\",\"breadcrumb\":{\"@id\":\"https:\/\/mardelplatafilmfest.com\/40\/en\/news\/#breadcrumb\"},\"inLanguage\":\"es-CL\",\"potentialAction\":[{\"@type\":\"ReadAction\",\"target\":[\"https:\/\/mardelplatafilmfest.com\/40\/en\/news\/\"]}]},{\"@type\":\"BreadcrumbList\",\"@id\":\"https:\/\/mardelplatafilmfest.com\/40\/en\/news\/#breadcrumb\",\"itemListElement\":[{\"@type\":\"ListItem\",\"position\":1,\"name\":\"Portada\",\"item\":\"https:\/\/mardelplatafilmfest.com\/40\/es\/\"},{\"@type\":\"ListItem\",\"position\":2,\"name\":\"News\"}]},{\"@type\":\"WebSite\",\"@id\":\"https:\/\/mardelplatafilmfest.com\/40\/#website\",\"url\":\"https:\/\/mardelplatafilmfest.com\/40\/\",\"name\":\"40\u00b0 Festival Internacional de Cine de Mar del Plata | Sitio Oficial\",\"description\":\"Descubr\u00ed la programaci\u00f3n, invitados, pel\u00edculas y actividades del 40\u00b0 Festival Internacional de Cine de Mar del Plata.\",\"publisher\":{\"@id\":\"https:\/\/mardelplatafilmfest.com\/40\/#organization\"},\"potentialAction\":[{\"@type\":\"SearchAction\",\"target\":{\"@type\":\"EntryPoint\",\"urlTemplate\":\"https:\/\/mardelplatafilmfest.com\/40\/?s={search_term_string}\"},\"query-input\":{\"@type\":\"PropertyValueSpecification\",\"valueRequired\":true,\"valueName\":\"search_term_string\"}}],\"inLanguage\":\"es-CL\"},{\"@type\":\"Organization\",\"@id\":\"https:\/\/mardelplatafilmfest.com\/40\/#organization\",\"name\":\"40\u00b0 Festival Internacional de cine de Mar del plata\",\"url\":\"https:\/\/mardelplatafilmfest.com\/40\/\",\"logo\":{\"@type\":\"ImageObject\",\"inLanguage\":\"es-CL\",\"@id\":\"https:\/\/mardelplatafilmfest.com\/40\/#\/schema\/logo\/image\/\",\"url\":\"https:\/\/mardelplatafilmfest.com\/40\/wp-content\/uploads\/2025\/09\/WEB_mdq_logo_principal_marfil.png\",\"contentUrl\":\"https:\/\/mardelplatafilmfest.com\/40\/wp-content\/uploads\/2025\/09\/WEB_mdq_logo_principal_marfil.png\",\"width\":2067,\"height\":591,\"caption\":\"40\u00b0 Festival Internacional de cine de Mar del plata\"},\"image\":{\"@id\":\"https:\/\/mardelplatafilmfest.com\/40\/#\/schema\/logo\/image\/\"}}]}<\/script>\n<!-- \/ Yoast SEO plugin. -->","yoast_head_json":{"title":"News | 40\u00b0 Festival Internacional de cine de Mar del plata","description":"Descubr\u00ed la programaci\u00f3n, invitados, pel\u00edculas y actividades del 40\u00b0 Festival Internacional de Cine de Mar del Plata.","robots":{"index":"index","follow":"follow","max-snippet":"max-snippet:-1","max-image-preview":"max-image-preview:large","max-video-preview":"max-video-preview:-1"},"canonical":"https:\/\/mardelplatafilmfest.com\/40\/en\/news\/","og_locale":"es_ES","og_type":"article","og_title":"News | 40\u00b0 Festival Internacional de cine de Mar del plata","og_description":"Descubr\u00ed la programaci\u00f3n, invitados, pel\u00edculas y actividades del 40\u00b0 Festival Internacional de Cine de Mar del Plata.","og_url":"https:\/\/mardelplatafilmfest.com\/40\/en\/news\/","og_site_name":"40\u00b0 Festival Internacional de cine de Mar del plata","article_modified_time":"2025-10-31T23:23:25+00:00","og_image":[{"width":1920,"height":782,"url":"https:\/\/mardelplatafilmfest.com\/40\/wp-content\/uploads\/2025\/09\/WEB_Banner_principal-03-1.jpg","type":"image\/jpeg"}],"twitter_card":"summary_large_image","twitter_misc":{"Tiempo estimado de lectura":"1 minuto"},"schema":{"@context":"https:\/\/schema.org","@graph":[{"@type":"WebPage","@id":"https:\/\/mardelplatafilmfest.com\/40\/en\/news\/","url":"https:\/\/mardelplatafilmfest.com\/40\/en\/news\/","name":"News | 40\u00b0 Festival Internacional de cine de Mar del plata","isPartOf":{"@id":"https:\/\/mardelplatafilmfest.com\/40\/#website"},"datePublished":"2025-09-12T22:06:30+00:00","dateModified":"2025-10-31T23:23:25+00:00","description":"Descubr\u00ed la programaci\u00f3n, invitados, pel\u00edculas y actividades del 40\u00b0 Festival Internacional de Cine de Mar del Plata.","breadcrumb":{"@id":"https:\/\/mardelplatafilmfest.com\/40\/en\/news\/#breadcrumb"},"inLanguage":"es-CL","potentialAction":[{"@type":"ReadAction","target":["https:\/\/mardelplatafilmfest.com\/40\/en\/news\/"]}]},{"@type":"BreadcrumbList","@id":"https:\/\/mardelplatafilmfest.com\/40\/en\/news\/#breadcrumb","itemListElement":[{"@type":"ListItem","position":1,"name":"Portada","item":"https:\/\/mardelplatafilmfest.com\/40\/es\/"},{"@type":"ListItem","position":2,"name":"News"}]},{"@type":"WebSite","@id":"https:\/\/mardelplatafilmfest.com\/40\/#website","url":"https:\/\/mardelplatafilmfest.com\/40\/","name":"40\u00b0 Festival Internacional de Cine de Mar del Plata | Sitio Oficial","description":"Descubr\u00ed la programaci\u00f3n, invitados, pel\u00edculas y actividades del 40\u00b0 Festival Internacional de Cine de Mar del Plata.","publisher":{"@id":"https:\/\/mardelplatafilmfest.com\/40\/#organization"},"potentialAction":[{"@type":"SearchAction","target":{"@type":"EntryPoint","urlTemplate":"https:\/\/mardelplatafilmfest.com\/40\/?s={search_term_string}"},"query-input":{"@type":"PropertyValueSpecification","valueRequired":true,"valueName":"search_term_string"}}],"inLanguage":"es-CL"},{"@type":"Organization","@id":"https:\/\/mardelplatafilmfest.com\/40\/#organization","name":"40\u00b0 Festival Internacional de cine de Mar del plata","url":"https:\/\/mardelplatafilmfest.com\/40\/","logo":{"@type":"ImageObject","inLanguage":"es-CL","@id":"https:\/\/mardelplatafilmfest.com\/40\/#\/schema\/logo\/image\/","url":"https:\/\/mardelplatafilmfest.com\/40\/wp-content\/uploads\/2025\/09\/WEB_mdq_logo_principal_marfil.png","contentUrl":"https:\/\/mardelplatafilmfest.com\/40\/wp-content\/uploads\/2025\/09\/WEB_mdq_logo_principal_marfil.png","width":2067,"height":591,"caption":"40\u00b0 Festival Internacional de cine de Mar del plata"},"image":{"@id":"https:\/\/mardelplatafilmfest.com\/40\/#\/schema\/logo\/image\/"}}]}},"_links":{"self":[{"href":"https:\/\/mardelplatafilmfest.com\/40\/wp-json\/wp\/v2\/pages\/185","targetHints":{"allow":["GET"]}}],"collection":[{"href":"https:\/\/mardelplatafilmfest.com\/40\/wp-json\/wp\/v2\/pages"}],"about":[{"href":"https:\/\/mardelplatafilmfest.com\/40\/wp-json\/wp\/v2\/types\/page"}],"author":[{"embeddable":true,"href":"https:\/\/mardelplatafilmfest.com\/40\/wp-json\/wp\/v2\/users\/1"}],"replies":[{"embeddable":true,"href":"https:\/\/mardelplatafilmfest.com\/40\/wp-json\/wp\/v2\/comments?post=185"}],"version-history":[{"count":1,"href":"https:\/\/mardelplatafilmfest.com\/40\/wp-json\/wp\/v2\/pages\/185\/revisions"}],"predecessor-version":[{"id":1766,"href":"https:\/\/mardelplatafilmfest.com\/40\/wp-json\/wp\/v2\/pages\/185\/revisions\/1766"}],"wp:attachment":[{"href":"https:\/\/mardelplatafilmfest.com\/40\/wp-json\/wp\/v2\/media?parent=185"}],"curies":[{"name":"wp","href":"https:\/\/api.w.org\/{rel}","templated":true}]}}