{"id":248,"date":"2025-09-13T01:11:49","date_gmt":"2025-09-13T01:11:49","guid":{"rendered":"https:\/\/sitio1.unbcorp.cl\/Fest\/?page_id=248"},"modified":"2025-11-13T18:40:19","modified_gmt":"2025-11-13T18:40:19","slug":"catalogo-y-guia-de-programacion","status":"publish","type":"page","link":"https:\/\/mardelplatafilmfest.com\/40\/es\/catalogo-y-guia-de-programacion\/","title":{"rendered":"Cat\u00e1logo y gu\u00eda de programaci\u00f3n"},"content":{"rendered":"\n<div class=\"wp-block-columns has-small-font-size is-layout-flex wp-container-core-columns-is-layout-28f84493 wp-block-columns-is-layout-flex\">\n<div class=\"wp-block-column is-vertically-aligned-bottom pdf-card is-layout-constrained wp-block-column-is-layout-constrained\">\n<div class=\"wp-block-group alignwide is-vertical is-content-justification-center is-layout-flex wp-container-core-group-is-layout-6363bf74 wp-block-group-is-layout-flex\">\n<figure class=\"wp-block-image size-full is-resized\"><a href=\"https:\/\/mardelplatafilmfest.com\/40\/wp-content\/uploads\/2025\/11\/Catalogo-2025-Festival-de-cine-de-Mar-del-Plata.pdf\" target=\"_blank\" rel=\" noreferrer noopener\"><img loading=\"lazy\" decoding=\"async\" width=\"1979\" height=\"2560\" src=\"https:\/\/mardelplatafilmfest.com\/40\/wp-content\/uploads\/2025\/11\/Tapa-Catalogo-MDPFF-2025-scaled.jpg\" alt=\"\" class=\"wp-image-1824\" style=\"width:200px\" srcset=\"https:\/\/mardelplatafilmfest.com\/40\/wp-content\/uploads\/2025\/11\/Tapa-Catalogo-MDPFF-2025-scaled.jpg 1979w, https:\/\/mardelplatafilmfest.com\/40\/wp-content\/uploads\/2025\/11\/Tapa-Catalogo-MDPFF-2025-232x300.jpg 232w, https:\/\/mardelplatafilmfest.com\/40\/wp-content\/uploads\/2025\/11\/Tapa-Catalogo-MDPFF-2025-791x1024.jpg 791w, https:\/\/mardelplatafilmfest.com\/40\/wp-content\/uploads\/2025\/11\/Tapa-Catalogo-MDPFF-2025-768x994.jpg 768w, https:\/\/mardelplatafilmfest.com\/40\/wp-content\/uploads\/2025\/11\/Tapa-Catalogo-MDPFF-2025-1187x1536.jpg 1187w, https:\/\/mardelplatafilmfest.com\/40\/wp-content\/uploads\/2025\/11\/Tapa-Catalogo-MDPFF-2025-1583x2048.jpg 1583w\" sizes=\"auto, (max-width: 1979px) 100vw, 1979px\" \/><\/a><\/figure>\n\n\n\n<h2 class=\"wp-block-heading has-text-align-center\">Catalogo<\/h2>\n<\/div>\n\n\n\n<div class=\"wp-block-buttons is-content-justification-center is-layout-flex wp-container-core-buttons-is-layout-a89b3969 wp-block-buttons-is-layout-flex\">\n<div class=\"wp-block-button is-style-outline is-style-outline--1\"><a class=\"wp-block-button__link has-black-color has-palette-color-7-background-color has-text-color has-background has-link-color has-border-color has-palette-color-4-border-color wp-element-button\" href=\"https:\/\/mardelplatafilmfest.com\/40\/wp-content\/uploads\/2025\/11\/Catalogo-2025-Festival-de-cine-de-Mar-del-Plata.pdf\" target=\"_blank\" rel=\"noreferrer noopener\">Descargar<\/a><\/div>\n<\/div>\n<\/div>\n\n\n\n<div class=\"wp-block-column pdf-card is-layout-flow wp-block-column-is-layout-flow\">\n<div class=\"wp-block-group is-vertical is-content-justification-center is-layout-flex wp-container-core-group-is-layout-ce155fab wp-block-group-is-layout-flex\">\n<figure class=\"wp-block-image size-full is-resized\"><a href=\"https:\/\/mardelplatafilmfest.com\/40\/wp-content\/uploads\/2025\/11\/Guia-de-Programacion-del-40-MDPFF.pdf\" target=\"_blank\" rel=\" noreferrer noopener\"><img loading=\"lazy\" decoding=\"async\" width=\"1358\" height=\"2422\" src=\"https:\/\/mardelplatafilmfest.com\/40\/wp-content\/uploads\/2025\/10\/Portada-Guia-de-Programacion-40-MDPFF-1.jpg\" alt=\"\" class=\"wp-image-1756\" style=\"width:200px\" srcset=\"https:\/\/mardelplatafilmfest.com\/40\/wp-content\/uploads\/2025\/10\/Portada-Guia-de-Programacion-40-MDPFF-1.jpg 1358w, https:\/\/mardelplatafilmfest.com\/40\/wp-content\/uploads\/2025\/10\/Portada-Guia-de-Programacion-40-MDPFF-1-168x300.jpg 168w, https:\/\/mardelplatafilmfest.com\/40\/wp-content\/uploads\/2025\/10\/Portada-Guia-de-Programacion-40-MDPFF-1-574x1024.jpg 574w, https:\/\/mardelplatafilmfest.com\/40\/wp-content\/uploads\/2025\/10\/Portada-Guia-de-Programacion-40-MDPFF-1-768x1370.jpg 768w, https:\/\/mardelplatafilmfest.com\/40\/wp-content\/uploads\/2025\/10\/Portada-Guia-de-Programacion-40-MDPFF-1-861x1536.jpg 861w, https:\/\/mardelplatafilmfest.com\/40\/wp-content\/uploads\/2025\/10\/Portada-Guia-de-Programacion-40-MDPFF-1-1148x2048.jpg 1148w\" sizes=\"auto, (max-width: 1358px) 100vw, 1358px\" \/><\/a><\/figure>\n\n\n\n<h2 class=\"wp-block-heading has-text-align-center\">Gu\u00eda de Programaci\u00f3n<\/h2>\n<\/div>\n\n\n\n<div class=\"wp-block-buttons is-content-justification-center is-layout-flex wp-container-core-buttons-is-layout-a89b3969 wp-block-buttons-is-layout-flex\">\n<div class=\"wp-block-button is-style-outline is-style-outline--2\"><a class=\"wp-block-button__link has-black-color has-palette-color-7-background-color has-text-color has-background has-link-color has-border-color has-palette-color-4-border-color wp-element-button\" href=\"https:\/\/mardelplatafilmfest.com\/40\/wp-content\/uploads\/2025\/11\/Guia-de-Programacion-del-40-MDPFF.pdf\" target=\"_blank\" rel=\"noreferrer noopener\">Descargar<\/a><\/div>\n<\/div>\n<\/div>\n<\/div>\n\n\n\n<p><\/p>\n","protected":false},"excerpt":{"rendered":"<p>Catalogo Gu\u00eda de Programaci\u00f3n<\/p>\n","protected":false},"author":1,"featured_media":0,"parent":0,"menu_order":0,"comment_status":"closed","ping_status":"closed","template":"","meta":{"_acf_changed":false,"footnotes":""},"class_list":["post-248","page","type-page","status-publish","hentry"],"blocksy_meta":[],"acf":[],"yoast_head":"<!-- This site is optimized with the Yoast SEO plugin v26.1.1 - https:\/\/yoast.com\/wordpress\/plugins\/seo\/ -->\n<title>Cat\u00e1logo y gu\u00eda de programaci\u00f3n | 40\u00b0 Festival Internacional de cine de Mar del plata<\/title>\n<meta name=\"description\" content=\"Descubr\u00ed la programaci\u00f3n, invitados, pel\u00edculas y actividades del 40\u00b0 Festival Internacional de Cine de Mar del Plata.\" \/>\n<meta name=\"robots\" content=\"index, follow, max-snippet:-1, max-image-preview:large, max-video-preview:-1\" \/>\n<link rel=\"canonical\" href=\"https:\/\/mardelplatafilmfest.com\/40\/es\/catalogo-y-guia-de-programacion\/\" \/>\n<meta property=\"og:locale\" content=\"es_ES\" \/>\n<meta property=\"og:type\" content=\"article\" \/>\n<meta property=\"og:title\" content=\"Cat\u00e1logo y gu\u00eda de programaci\u00f3n | 40\u00b0 Festival Internacional de cine de Mar del plata\" \/>\n<meta property=\"og:description\" content=\"Descubr\u00ed la programaci\u00f3n, invitados, pel\u00edculas y actividades del 40\u00b0 Festival Internacional de Cine de Mar del Plata.\" \/>\n<meta property=\"og:url\" content=\"https:\/\/mardelplatafilmfest.com\/40\/es\/catalogo-y-guia-de-programacion\/\" \/>\n<meta property=\"og:site_name\" content=\"40\u00b0 Festival Internacional de cine de Mar del plata\" \/>\n<meta property=\"article:modified_time\" content=\"2025-11-13T18:40:19+00:00\" \/>\n<meta property=\"og:image\" content=\"https:\/\/mardelplatafilmfest.com\/40\/wp-content\/uploads\/2025\/11\/Tapa-Catalogo-MDPFF-2025-scaled.jpg\" \/>\n\t<meta property=\"og:image:width\" content=\"1979\" \/>\n\t<meta property=\"og:image:height\" content=\"2560\" \/>\n\t<meta property=\"og:image:type\" content=\"image\/jpeg\" \/>\n<meta name=\"twitter:card\" content=\"summary_large_image\" \/>\n<meta name=\"twitter:label1\" content=\"Tiempo estimado de lectura\" \/>\n\t<meta name=\"twitter:data1\" content=\"1 minuto\" \/>\n<script type=\"application\/ld+json\" class=\"yoast-schema-graph\">{\"@context\":\"https:\/\/schema.org\",\"@graph\":[{\"@type\":\"WebPage\",\"@id\":\"https:\/\/mardelplatafilmfest.com\/40\/es\/catalogo-y-guia-de-programacion\/\",\"url\":\"https:\/\/mardelplatafilmfest.com\/40\/es\/catalogo-y-guia-de-programacion\/\",\"name\":\"Cat\u00e1logo y gu\u00eda de programaci\u00f3n | 40\u00b0 Festival Internacional de cine de Mar del plata\",\"isPartOf\":{\"@id\":\"https:\/\/mardelplatafilmfest.com\/40\/#website\"},\"primaryImageOfPage\":{\"@id\":\"https:\/\/mardelplatafilmfest.com\/40\/es\/catalogo-y-guia-de-programacion\/#primaryimage\"},\"image\":{\"@id\":\"https:\/\/mardelplatafilmfest.com\/40\/es\/catalogo-y-guia-de-programacion\/#primaryimage\"},\"thumbnailUrl\":\"https:\/\/mardelplatafilmfest.com\/40\/wp-content\/uploads\/2025\/11\/Tapa-Catalogo-MDPFF-2025-scaled.jpg\",\"datePublished\":\"2025-09-13T01:11:49+00:00\",\"dateModified\":\"2025-11-13T18:40:19+00:00\",\"description\":\"Descubr\u00ed la programaci\u00f3n, invitados, pel\u00edculas y actividades del 40\u00b0 Festival Internacional de Cine de Mar del Plata.\",\"breadcrumb\":{\"@id\":\"https:\/\/mardelplatafilmfest.com\/40\/es\/catalogo-y-guia-de-programacion\/#breadcrumb\"},\"inLanguage\":\"es-CL\",\"potentialAction\":[{\"@type\":\"ReadAction\",\"target\":[\"https:\/\/mardelplatafilmfest.com\/40\/es\/catalogo-y-guia-de-programacion\/\"]}]},{\"@type\":\"ImageObject\",\"inLanguage\":\"es-CL\",\"@id\":\"https:\/\/mardelplatafilmfest.com\/40\/es\/catalogo-y-guia-de-programacion\/#primaryimage\",\"url\":\"https:\/\/mardelplatafilmfest.com\/40\/wp-content\/uploads\/2025\/11\/Tapa-Catalogo-MDPFF-2025-scaled.jpg\",\"contentUrl\":\"https:\/\/mardelplatafilmfest.com\/40\/wp-content\/uploads\/2025\/11\/Tapa-Catalogo-MDPFF-2025-scaled.jpg\",\"width\":1979,\"height\":2560},{\"@type\":\"BreadcrumbList\",\"@id\":\"https:\/\/mardelplatafilmfest.com\/40\/es\/catalogo-y-guia-de-programacion\/#breadcrumb\",\"itemListElement\":[{\"@type\":\"ListItem\",\"position\":1,\"name\":\"Portada\",\"item\":\"https:\/\/mardelplatafilmfest.com\/40\/es\/\"},{\"@type\":\"ListItem\",\"position\":2,\"name\":\"Cat\u00e1logo y gu\u00eda de programaci\u00f3n\"}]},{\"@type\":\"WebSite\",\"@id\":\"https:\/\/mardelplatafilmfest.com\/40\/#website\",\"url\":\"https:\/\/mardelplatafilmfest.com\/40\/\",\"name\":\"40\u00b0 Festival Internacional de Cine de Mar del Plata | Sitio Oficial\",\"description\":\"Descubr\u00ed la programaci\u00f3n, invitados, pel\u00edculas y actividades del 40\u00b0 Festival Internacional de Cine de Mar del Plata.\",\"publisher\":{\"@id\":\"https:\/\/mardelplatafilmfest.com\/40\/#organization\"},\"potentialAction\":[{\"@type\":\"SearchAction\",\"target\":{\"@type\":\"EntryPoint\",\"urlTemplate\":\"https:\/\/mardelplatafilmfest.com\/40\/?s={search_term_string}\"},\"query-input\":{\"@type\":\"PropertyValueSpecification\",\"valueRequired\":true,\"valueName\":\"search_term_string\"}}],\"inLanguage\":\"es-CL\"},{\"@type\":\"Organization\",\"@id\":\"https:\/\/mardelplatafilmfest.com\/40\/#organization\",\"name\":\"40\u00b0 Festival Internacional de cine de Mar del plata\",\"url\":\"https:\/\/mardelplatafilmfest.com\/40\/\",\"logo\":{\"@type\":\"ImageObject\",\"inLanguage\":\"es-CL\",\"@id\":\"https:\/\/mardelplatafilmfest.com\/40\/#\/schema\/logo\/image\/\",\"url\":\"https:\/\/mardelplatafilmfest.com\/40\/wp-content\/uploads\/2025\/09\/WEB_mdq_logo_principal_marfil.png\",\"contentUrl\":\"https:\/\/mardelplatafilmfest.com\/40\/wp-content\/uploads\/2025\/09\/WEB_mdq_logo_principal_marfil.png\",\"width\":2067,\"height\":591,\"caption\":\"40\u00b0 Festival Internacional de cine de Mar del plata\"},\"image\":{\"@id\":\"https:\/\/mardelplatafilmfest.com\/40\/#\/schema\/logo\/image\/\"}}]}<\/script>\n<!-- \/ Yoast SEO plugin. -->","yoast_head_json":{"title":"Cat\u00e1logo y gu\u00eda de programaci\u00f3n | 40\u00b0 Festival Internacional de cine de Mar del plata","description":"Descubr\u00ed la programaci\u00f3n, invitados, pel\u00edculas y actividades del 40\u00b0 Festival Internacional de Cine de Mar del Plata.","robots":{"index":"index","follow":"follow","max-snippet":"max-snippet:-1","max-image-preview":"max-image-preview:large","max-video-preview":"max-video-preview:-1"},"canonical":"https:\/\/mardelplatafilmfest.com\/40\/es\/catalogo-y-guia-de-programacion\/","og_locale":"es_ES","og_type":"article","og_title":"Cat\u00e1logo y gu\u00eda de programaci\u00f3n | 40\u00b0 Festival Internacional de cine de Mar del plata","og_description":"Descubr\u00ed la programaci\u00f3n, invitados, pel\u00edculas y actividades del 40\u00b0 Festival Internacional de Cine de Mar del Plata.","og_url":"https:\/\/mardelplatafilmfest.com\/40\/es\/catalogo-y-guia-de-programacion\/","og_site_name":"40\u00b0 Festival Internacional de cine de Mar del plata","article_modified_time":"2025-11-13T18:40:19+00:00","og_image":[{"width":1979,"height":2560,"url":"https:\/\/mardelplatafilmfest.com\/40\/wp-content\/uploads\/2025\/11\/Tapa-Catalogo-MDPFF-2025-scaled.jpg","type":"image\/jpeg"}],"twitter_card":"summary_large_image","twitter_misc":{"Tiempo estimado de lectura":"1 minuto"},"schema":{"@context":"https:\/\/schema.org","@graph":[{"@type":"WebPage","@id":"https:\/\/mardelplatafilmfest.com\/40\/es\/catalogo-y-guia-de-programacion\/","url":"https:\/\/mardelplatafilmfest.com\/40\/es\/catalogo-y-guia-de-programacion\/","name":"Cat\u00e1logo y gu\u00eda de programaci\u00f3n | 40\u00b0 Festival Internacional de cine de Mar del plata","isPartOf":{"@id":"https:\/\/mardelplatafilmfest.com\/40\/#website"},"primaryImageOfPage":{"@id":"https:\/\/mardelplatafilmfest.com\/40\/es\/catalogo-y-guia-de-programacion\/#primaryimage"},"image":{"@id":"https:\/\/mardelplatafilmfest.com\/40\/es\/catalogo-y-guia-de-programacion\/#primaryimage"},"thumbnailUrl":"https:\/\/mardelplatafilmfest.com\/40\/wp-content\/uploads\/2025\/11\/Tapa-Catalogo-MDPFF-2025-scaled.jpg","datePublished":"2025-09-13T01:11:49+00:00","dateModified":"2025-11-13T18:40:19+00:00","description":"Descubr\u00ed la programaci\u00f3n, invitados, pel\u00edculas y actividades del 40\u00b0 Festival Internacional de Cine de Mar del Plata.","breadcrumb":{"@id":"https:\/\/mardelplatafilmfest.com\/40\/es\/catalogo-y-guia-de-programacion\/#breadcrumb"},"inLanguage":"es-CL","potentialAction":[{"@type":"ReadAction","target":["https:\/\/mardelplatafilmfest.com\/40\/es\/catalogo-y-guia-de-programacion\/"]}]},{"@type":"ImageObject","inLanguage":"es-CL","@id":"https:\/\/mardelplatafilmfest.com\/40\/es\/catalogo-y-guia-de-programacion\/#primaryimage","url":"https:\/\/mardelplatafilmfest.com\/40\/wp-content\/uploads\/2025\/11\/Tapa-Catalogo-MDPFF-2025-scaled.jpg","contentUrl":"https:\/\/mardelplatafilmfest.com\/40\/wp-content\/uploads\/2025\/11\/Tapa-Catalogo-MDPFF-2025-scaled.jpg","width":1979,"height":2560},{"@type":"BreadcrumbList","@id":"https:\/\/mardelplatafilmfest.com\/40\/es\/catalogo-y-guia-de-programacion\/#breadcrumb","itemListElement":[{"@type":"ListItem","position":1,"name":"Portada","item":"https:\/\/mardelplatafilmfest.com\/40\/es\/"},{"@type":"ListItem","position":2,"name":"Cat\u00e1logo y gu\u00eda de programaci\u00f3n"}]},{"@type":"WebSite","@id":"https:\/\/mardelplatafilmfest.com\/40\/#website","url":"https:\/\/mardelplatafilmfest.com\/40\/","name":"40\u00b0 Festival Internacional de Cine de Mar del Plata | Sitio Oficial","description":"Descubr\u00ed la programaci\u00f3n, invitados, pel\u00edculas y actividades del 40\u00b0 Festival Internacional de Cine de Mar del Plata.","publisher":{"@id":"https:\/\/mardelplatafilmfest.com\/40\/#organization"},"potentialAction":[{"@type":"SearchAction","target":{"@type":"EntryPoint","urlTemplate":"https:\/\/mardelplatafilmfest.com\/40\/?s={search_term_string}"},"query-input":{"@type":"PropertyValueSpecification","valueRequired":true,"valueName":"search_term_string"}}],"inLanguage":"es-CL"},{"@type":"Organization","@id":"https:\/\/mardelplatafilmfest.com\/40\/#organization","name":"40\u00b0 Festival Internacional de cine de Mar del plata","url":"https:\/\/mardelplatafilmfest.com\/40\/","logo":{"@type":"ImageObject","inLanguage":"es-CL","@id":"https:\/\/mardelplatafilmfest.com\/40\/#\/schema\/logo\/image\/","url":"https:\/\/mardelplatafilmfest.com\/40\/wp-content\/uploads\/2025\/09\/WEB_mdq_logo_principal_marfil.png","contentUrl":"https:\/\/mardelplatafilmfest.com\/40\/wp-content\/uploads\/2025\/09\/WEB_mdq_logo_principal_marfil.png","width":2067,"height":591,"caption":"40\u00b0 Festival Internacional de cine de Mar del plata"},"image":{"@id":"https:\/\/mardelplatafilmfest.com\/40\/#\/schema\/logo\/image\/"}}]}},"_links":{"self":[{"href":"https:\/\/mardelplatafilmfest.com\/40\/wp-json\/wp\/v2\/pages\/248","targetHints":{"allow":["GET"]}}],"collection":[{"href":"https:\/\/mardelplatafilmfest.com\/40\/wp-json\/wp\/v2\/pages"}],"about":[{"href":"https:\/\/mardelplatafilmfest.com\/40\/wp-json\/wp\/v2\/types\/page"}],"author":[{"embeddable":true,"href":"https:\/\/mardelplatafilmfest.com\/40\/wp-json\/wp\/v2\/users\/1"}],"replies":[{"embeddable":true,"href":"https:\/\/mardelplatafilmfest.com\/40\/wp-json\/wp\/v2\/comments?post=248"}],"version-history":[{"count":9,"href":"https:\/\/mardelplatafilmfest.com\/40\/wp-json\/wp\/v2\/pages\/248\/revisions"}],"predecessor-version":[{"id":2352,"href":"https:\/\/mardelplatafilmfest.com\/40\/wp-json\/wp\/v2\/pages\/248\/revisions\/2352"}],"wp:attachment":[{"href":"https:\/\/mardelplatafilmfest.com\/40\/wp-json\/wp\/v2\/media?parent=248"}],"curies":[{"name":"wp","href":"https:\/\/api.w.org\/{rel}","templated":true}]}}