{"id":273,"date":"2025-09-13T02:50:25","date_gmt":"2025-09-13T02:50:25","guid":{"rendered":"https:\/\/sitio1.unbcorp.cl\/Fest\/?page_id=273"},"modified":"2025-11-18T02:38:27","modified_gmt":"2025-11-18T02:38:27","slug":"official-awards","status":"publish","type":"page","link":"https:\/\/mardelplatafilmfest.com\/40\/en\/official-awards\/","title":{"rendered":"Official awards"},"content":{"rendered":"\n<h2 class=\"wp-block-heading\">OFFICIAL AWARDS<\/h2>\n\n\n<div class=\"internal-text-margins\">\n<h2 class=\"larger-heading-text\">Awards and Juries<\/h2>\n<h3 class=\"presskit-subheading\">OFFICIAL AWARDS<\/h3>\n<div class=\"premios-box\">\n<h5 class=\"premios-subheading\">INTERNATIONAL Competition<\/h5>\n<p class=\"premios-text\">Astor Piazzolla Award for Best Feature Lenght Film<br \/>Astor Piazzolla Award for Best Short Film<br \/>Astor Piazzolla Award &#8211; Special Jury Award<br \/>Astor Piazzolla Award for Best Direction<br \/>Astor Piazzolla Award for Best Male Acting<br \/>Astor Piazzolla Award for Best Female Acting<br \/>Astor Piazzolla Award for Best Screenplay<br \/>Astor Piazzolla Award &#8211; Audience Award<\/p>\n<\/div>\n<div class=\"premios-box\">\n<h5 class=\"premios-subheading\">LATIN AMERICAN Competition<\/h5>\n<p class=\"premios-text\">Astor Piazzolla Award for Best Feature Lenght Film<br \/>Astor Piazzolla Award for Best Short Film<\/p>\n<\/div>\n<div class=\"premios-box\">\n<h5 class=\"premios-subheading\">ARGENTINE Competition<\/h5>\n<p class=\"premios-text\">Astor Piazzolla Award for Best Feature Lenght Film<br \/>Astor Piazzolla Award for Best Short Film<br \/>Jos\u00e9 Mart\u00ednez Su\u00e1rez Award for Best Direction<\/p>\n<\/div>\n<div class=\"premios-box\">\n<h5 class=\"premios-subheading\">INS TRANSIT &#8211; WORK IN PROGRESS Competition<\/h5>\n<p class=\"premios-text\">Astor Piazzolla Award to the Best Project<\/p>\n<\/div>\n<div class=\"spaceer\">\u00a0<\/div>\n<h3 class=\"presskit-subheading\">AWARDS GIVEN BY SPONSORS<\/h3>\n<div class=\"premios-box\">\n<h5 class=\"premios-subheading\">INTERNATIONAL SHORT FILMS COMPETITION<\/h5>\n<p class=\"premios-text\">BANCO GALICIA Award to the Best International Short Film<\/p>\n<\/div>\n<div class=\"premios-box\">\n<h5 class=\"premios-subheading\">LATIN AMERICAN FEATURE LENGTH FILM COMPETITION<\/h5>\n<p class=\"premios-text\">BANCO GALICIA Award to the Best Latin American Feature Lenght Film<br \/>ALTA DEFINICI\u00d3N Award to the Best Latin American Feature Lenght Film<\/p>\n<\/div>\n<div class=\"premios-box\">\n<h5 class=\"premios-subheading\">ARGENTINE FEATURE LENGHT FILM COMPETITION<\/h5>\n<p class=\"premios-text\">BANCO GALICIA Award to the Best Argentine Feature Lenght Film<\/p>\n<h5 class=\"premios-subheading\">ARGENTINE SHORT FILM COMPETITION<\/h5>\n<p class=\"premios-text\">BANCO GALICIA Award to the Best Argentine Short Film<\/p>\n<\/div>\n<div class=\"premios-box\">\n<h5 class=\"premios-subheading\">IN TRANSIT &#8211; WORK IN PROGRESS COMPETITION<\/h5>\n<p class=\"premios-text\">BANCO GALICIA Award to the Best WORK IN PROGRESS Project<br \/>CINECOLOR Award to the Best WORK IN PROGRESS Project<br \/>EL CONO DEL SILENCIO Award to the Best WORK IN PROGRESS Project<\/p>\n<\/div>\n<\/div>","protected":false},"excerpt":{"rendered":"<p>OFFICIAL AWARDS Awards and Juries OFFICIAL AWARDS INTERNATIONAL Competition Astor Piazzolla Award for Best Feature Lenght FilmAstor Piazzolla Award for Best Short FilmAstor Piazzolla Award &#8211; Special Jury AwardAstor Piazzolla Award for Best DirectionAstor Piazzolla Award for Best Male ActingAstor Piazzolla Award for Best Female ActingAstor Piazzolla Award for Best ScreenplayAstor Piazzolla Award &#8211; Audience [&hellip;]<\/p>\n","protected":false},"author":1,"featured_media":0,"parent":0,"menu_order":0,"comment_status":"closed","ping_status":"closed","template":"","meta":{"_acf_changed":false,"footnotes":""},"class_list":["post-273","page","type-page","status-publish","hentry"],"blocksy_meta":[],"acf":[],"yoast_head":"<!-- This site is optimized with the Yoast SEO plugin v26.1.1 - https:\/\/yoast.com\/wordpress\/plugins\/seo\/ -->\n<title>Official awards | 40\u00b0 Festival Internacional de cine de Mar del plata<\/title>\n<meta name=\"description\" content=\"Descubr\u00ed la programaci\u00f3n, invitados, pel\u00edculas y actividades del 40\u00b0 Festival Internacional de Cine de Mar del Plata.\" \/>\n<meta name=\"robots\" content=\"noindex, follow, max-snippet:-1, max-image-preview:large, max-video-preview:-1\" \/>\n<meta property=\"og:locale\" content=\"es_ES\" \/>\n<meta property=\"og:type\" content=\"article\" \/>\n<meta property=\"og:title\" content=\"Official awards | 40\u00b0 Festival Internacional de cine de Mar del plata\" \/>\n<meta property=\"og:description\" content=\"Descubr\u00ed la programaci\u00f3n, invitados, pel\u00edculas y actividades del 40\u00b0 Festival Internacional de Cine de Mar del Plata.\" \/>\n<meta property=\"og:url\" content=\"https:\/\/mardelplatafilmfest.com\/40\/en\/official-awards\/\" \/>\n<meta property=\"og:site_name\" content=\"40\u00b0 Festival Internacional de cine de Mar del plata\" \/>\n<meta property=\"article:modified_time\" content=\"2025-11-18T02:38:27+00:00\" \/>\n<meta property=\"og:image\" content=\"https:\/\/mardelplatafilmfest.com\/40\/wp-content\/uploads\/2025\/09\/WEB_Banner_principal-03-1.jpg\" \/>\n\t<meta property=\"og:image:width\" content=\"1920\" \/>\n\t<meta property=\"og:image:height\" content=\"782\" \/>\n\t<meta property=\"og:image:type\" content=\"image\/jpeg\" \/>\n<meta name=\"twitter:card\" content=\"summary_large_image\" \/>\n<meta name=\"twitter:label1\" content=\"Tiempo estimado de lectura\" \/>\n\t<meta name=\"twitter:data1\" content=\"2 minutos\" \/>\n<script type=\"application\/ld+json\" class=\"yoast-schema-graph\">{\"@context\":\"https:\/\/schema.org\",\"@graph\":[{\"@type\":\"WebPage\",\"@id\":\"https:\/\/mardelplatafilmfest.com\/40\/en\/official-awards\/\",\"url\":\"https:\/\/mardelplatafilmfest.com\/40\/en\/official-awards\/\",\"name\":\"Official awards | 40\u00b0 Festival Internacional de cine de Mar del plata\",\"isPartOf\":{\"@id\":\"https:\/\/mardelplatafilmfest.com\/40\/#website\"},\"datePublished\":\"2025-09-13T02:50:25+00:00\",\"dateModified\":\"2025-11-18T02:38:27+00:00\",\"description\":\"Descubr\u00ed la programaci\u00f3n, invitados, pel\u00edculas y actividades del 40\u00b0 Festival Internacional de Cine de Mar del Plata.\",\"breadcrumb\":{\"@id\":\"https:\/\/mardelplatafilmfest.com\/40\/en\/official-awards\/#breadcrumb\"},\"inLanguage\":\"es-CL\",\"potentialAction\":[{\"@type\":\"ReadAction\",\"target\":[\"https:\/\/mardelplatafilmfest.com\/40\/en\/official-awards\/\"]}]},{\"@type\":\"BreadcrumbList\",\"@id\":\"https:\/\/mardelplatafilmfest.com\/40\/en\/official-awards\/#breadcrumb\",\"itemListElement\":[{\"@type\":\"ListItem\",\"position\":1,\"name\":\"Portada\",\"item\":\"https:\/\/mardelplatafilmfest.com\/40\/es\/\"},{\"@type\":\"ListItem\",\"position\":2,\"name\":\"Official awards\"}]},{\"@type\":\"WebSite\",\"@id\":\"https:\/\/mardelplatafilmfest.com\/40\/#website\",\"url\":\"https:\/\/mardelplatafilmfest.com\/40\/\",\"name\":\"40\u00b0 Festival Internacional de Cine de Mar del Plata | Sitio Oficial\",\"description\":\"Descubr\u00ed la programaci\u00f3n, invitados, pel\u00edculas y actividades del 40\u00b0 Festival Internacional de Cine de Mar del Plata.\",\"publisher\":{\"@id\":\"https:\/\/mardelplatafilmfest.com\/40\/#organization\"},\"potentialAction\":[{\"@type\":\"SearchAction\",\"target\":{\"@type\":\"EntryPoint\",\"urlTemplate\":\"https:\/\/mardelplatafilmfest.com\/40\/?s={search_term_string}\"},\"query-input\":{\"@type\":\"PropertyValueSpecification\",\"valueRequired\":true,\"valueName\":\"search_term_string\"}}],\"inLanguage\":\"es-CL\"},{\"@type\":\"Organization\",\"@id\":\"https:\/\/mardelplatafilmfest.com\/40\/#organization\",\"name\":\"40\u00b0 Festival Internacional de cine de Mar del plata\",\"url\":\"https:\/\/mardelplatafilmfest.com\/40\/\",\"logo\":{\"@type\":\"ImageObject\",\"inLanguage\":\"es-CL\",\"@id\":\"https:\/\/mardelplatafilmfest.com\/40\/#\/schema\/logo\/image\/\",\"url\":\"https:\/\/mardelplatafilmfest.com\/40\/wp-content\/uploads\/2025\/09\/WEB_mdq_logo_principal_marfil.png\",\"contentUrl\":\"https:\/\/mardelplatafilmfest.com\/40\/wp-content\/uploads\/2025\/09\/WEB_mdq_logo_principal_marfil.png\",\"width\":2067,\"height\":591,\"caption\":\"40\u00b0 Festival Internacional de cine de Mar del plata\"},\"image\":{\"@id\":\"https:\/\/mardelplatafilmfest.com\/40\/#\/schema\/logo\/image\/\"}}]}<\/script>\n<!-- \/ Yoast SEO plugin. -->","yoast_head_json":{"title":"Official awards | 40\u00b0 Festival Internacional de cine de Mar del plata","description":"Descubr\u00ed la programaci\u00f3n, invitados, pel\u00edculas y actividades del 40\u00b0 Festival Internacional de Cine de Mar del Plata.","robots":{"index":"noindex","follow":"follow","max-snippet":"max-snippet:-1","max-image-preview":"max-image-preview:large","max-video-preview":"max-video-preview:-1"},"og_locale":"es_ES","og_type":"article","og_title":"Official awards | 40\u00b0 Festival Internacional de cine de Mar del plata","og_description":"Descubr\u00ed la programaci\u00f3n, invitados, pel\u00edculas y actividades del 40\u00b0 Festival Internacional de Cine de Mar del Plata.","og_url":"https:\/\/mardelplatafilmfest.com\/40\/en\/official-awards\/","og_site_name":"40\u00b0 Festival Internacional de cine de Mar del plata","article_modified_time":"2025-11-18T02:38:27+00:00","og_image":[{"width":1920,"height":782,"url":"https:\/\/mardelplatafilmfest.com\/40\/wp-content\/uploads\/2025\/09\/WEB_Banner_principal-03-1.jpg","type":"image\/jpeg"}],"twitter_card":"summary_large_image","twitter_misc":{"Tiempo estimado de lectura":"2 minutos"},"schema":{"@context":"https:\/\/schema.org","@graph":[{"@type":"WebPage","@id":"https:\/\/mardelplatafilmfest.com\/40\/en\/official-awards\/","url":"https:\/\/mardelplatafilmfest.com\/40\/en\/official-awards\/","name":"Official awards | 40\u00b0 Festival Internacional de cine de Mar del plata","isPartOf":{"@id":"https:\/\/mardelplatafilmfest.com\/40\/#website"},"datePublished":"2025-09-13T02:50:25+00:00","dateModified":"2025-11-18T02:38:27+00:00","description":"Descubr\u00ed la programaci\u00f3n, invitados, pel\u00edculas y actividades del 40\u00b0 Festival Internacional de Cine de Mar del Plata.","breadcrumb":{"@id":"https:\/\/mardelplatafilmfest.com\/40\/en\/official-awards\/#breadcrumb"},"inLanguage":"es-CL","potentialAction":[{"@type":"ReadAction","target":["https:\/\/mardelplatafilmfest.com\/40\/en\/official-awards\/"]}]},{"@type":"BreadcrumbList","@id":"https:\/\/mardelplatafilmfest.com\/40\/en\/official-awards\/#breadcrumb","itemListElement":[{"@type":"ListItem","position":1,"name":"Portada","item":"https:\/\/mardelplatafilmfest.com\/40\/es\/"},{"@type":"ListItem","position":2,"name":"Official awards"}]},{"@type":"WebSite","@id":"https:\/\/mardelplatafilmfest.com\/40\/#website","url":"https:\/\/mardelplatafilmfest.com\/40\/","name":"40\u00b0 Festival Internacional de Cine de Mar del Plata | Sitio Oficial","description":"Descubr\u00ed la programaci\u00f3n, invitados, pel\u00edculas y actividades del 40\u00b0 Festival Internacional de Cine de Mar del Plata.","publisher":{"@id":"https:\/\/mardelplatafilmfest.com\/40\/#organization"},"potentialAction":[{"@type":"SearchAction","target":{"@type":"EntryPoint","urlTemplate":"https:\/\/mardelplatafilmfest.com\/40\/?s={search_term_string}"},"query-input":{"@type":"PropertyValueSpecification","valueRequired":true,"valueName":"search_term_string"}}],"inLanguage":"es-CL"},{"@type":"Organization","@id":"https:\/\/mardelplatafilmfest.com\/40\/#organization","name":"40\u00b0 Festival Internacional de cine de Mar del plata","url":"https:\/\/mardelplatafilmfest.com\/40\/","logo":{"@type":"ImageObject","inLanguage":"es-CL","@id":"https:\/\/mardelplatafilmfest.com\/40\/#\/schema\/logo\/image\/","url":"https:\/\/mardelplatafilmfest.com\/40\/wp-content\/uploads\/2025\/09\/WEB_mdq_logo_principal_marfil.png","contentUrl":"https:\/\/mardelplatafilmfest.com\/40\/wp-content\/uploads\/2025\/09\/WEB_mdq_logo_principal_marfil.png","width":2067,"height":591,"caption":"40\u00b0 Festival Internacional de cine de Mar del plata"},"image":{"@id":"https:\/\/mardelplatafilmfest.com\/40\/#\/schema\/logo\/image\/"}}]}},"_links":{"self":[{"href":"https:\/\/mardelplatafilmfest.com\/40\/wp-json\/wp\/v2\/pages\/273","targetHints":{"allow":["GET"]}}],"collection":[{"href":"https:\/\/mardelplatafilmfest.com\/40\/wp-json\/wp\/v2\/pages"}],"about":[{"href":"https:\/\/mardelplatafilmfest.com\/40\/wp-json\/wp\/v2\/types\/page"}],"author":[{"embeddable":true,"href":"https:\/\/mardelplatafilmfest.com\/40\/wp-json\/wp\/v2\/users\/1"}],"replies":[{"embeddable":true,"href":"https:\/\/mardelplatafilmfest.com\/40\/wp-json\/wp\/v2\/comments?post=273"}],"version-history":[{"count":2,"href":"https:\/\/mardelplatafilmfest.com\/40\/wp-json\/wp\/v2\/pages\/273\/revisions"}],"predecessor-version":[{"id":2654,"href":"https:\/\/mardelplatafilmfest.com\/40\/wp-json\/wp\/v2\/pages\/273\/revisions\/2654"}],"wp:attachment":[{"href":"https:\/\/mardelplatafilmfest.com\/40\/wp-json\/wp\/v2\/media?parent=273"}],"curies":[{"name":"wp","href":"https:\/\/api.w.org\/{rel}","templated":true}]}}