{"id":289,"date":"2025-09-13T02:56:31","date_gmt":"2025-09-13T02:56:31","guid":{"rendered":"https:\/\/sitio1.unbcorp.cl\/Fest\/?page_id=289"},"modified":"2025-11-12T13:47:01","modified_gmt":"2025-11-12T13:47:01","slug":"tickets","status":"publish","type":"page","link":"https:\/\/mardelplatafilmfest.com\/40\/en\/tickets\/","title":{"rendered":"Tickets"},"content":{"rendered":"\n<figure class=\"wp-block-image size-large is-resized\"><img loading=\"lazy\" decoding=\"async\" width=\"1024\" height=\"417\" src=\"https:\/\/mardelplatafilmfest.com\/40\/wp-content\/uploads\/2025\/10\/entradas-a-la-venta-04-1-2-1024x417.jpg\" alt=\"\" class=\"wp-image-1534\" style=\"width:1235px;height:auto\" srcset=\"https:\/\/mardelplatafilmfest.com\/40\/wp-content\/uploads\/2025\/10\/entradas-a-la-venta-04-1-2-1024x417.jpg 1024w, https:\/\/mardelplatafilmfest.com\/40\/wp-content\/uploads\/2025\/10\/entradas-a-la-venta-04-1-2-300x122.jpg 300w, https:\/\/mardelplatafilmfest.com\/40\/wp-content\/uploads\/2025\/10\/entradas-a-la-venta-04-1-2-768x313.jpg 768w, https:\/\/mardelplatafilmfest.com\/40\/wp-content\/uploads\/2025\/10\/entradas-a-la-venta-04-1-2-1536x626.jpg 1536w, https:\/\/mardelplatafilmfest.com\/40\/wp-content\/uploads\/2025\/10\/entradas-a-la-venta-04-1-2-2048x834.jpg 2048w\" sizes=\"auto, (max-width: 1024px) 100vw, 1024px\" \/><\/figure>\n\n\n\n<p><br>The Mar del Plata International Film Festival is pleased to announce that online ticket sales are now open and can be purchased both online (in the <strong><a href=\"https:\/\/mardelplatafilmfest.com\/40\/en\/program\/\">Program<\/a> <\/strong>link) and at the box offices of each venue.<br><\/p>\n\n\n\n<div class=\"wp-block-buttons is-layout-flex wp-block-buttons-is-layout-flex\">\n<div class=\"wp-block-button\"><a class=\"wp-block-button__link wp-element-button\" href=\"https:\/\/mardelplatafilmfest.com\/40\/en\/program\/\"><strong>CLICK HERE TO BUY TICKETS<\/strong><\/a><\/div>\n<\/div>\n\n\n\n<p><br>General admission tickets to the <strong>Teatro Auditorium<\/strong> cost $7,500 and can be purchased online and at the Teatro Auditorium box office.&nbsp;<br><strong><em>PREFERENTIAL PRICE TICKETS <\/em><\/strong>for retirees and students: $4,000 (only at the Teatro Auditorium box office)&nbsp;<\/p>\n\n\n\n<p>General admission at the <strong>Teatro Municipal Col\u00f3n<\/strong> costs $7,500 (<strong><em>PREFERENTIAL PRICE TICKETS<\/em> <\/strong>for retirees and students: $4,000). Tickets can be purchased in advance or during the Festival on its website. At the theater\u2019s box office, tickets are sold only for same-day screenings and in cash, starting at 9:00 a.m.<\/p>\n\n\n\n<p>General admission to the <strong>Paseo Aldrey<\/strong>* theaters costs $7,500 and can be purchased online and at the Paseo Aldrey box office.\u00a0<br><strong><em>50% OFF TICKETS<\/em><\/strong> for seniors and students (only at the Paseo Aldrey box office)<\/p>\n\n\n\n<p>General admission to theaters 1 and 2 at the <strong>Ambassador Cinema<\/strong>* costs $7,500 and can be purchased online or at the Ambassador Cinema box office.\u00a0<br><strong><em>50% OFF TICKETS<\/em><\/strong> for retirees and students (only at the Ambassador Cinema box office)<br><br><em>If you don\u2019t reside in Argentina, please email <strong>info@miboleteria.com.ar<\/strong> to operate on the Miboleter\u00eda platform.<\/em><br><br>Screenings at <strong>Villa Ocampo<\/strong> (Open Air Cinema &#8211; Matheu 1851) are free and open to the public.<br><br><br>The participating theaters for this edition are Teatro Auditorium \u2013 Sala Astor Piazzolla (Blvd. Mar\u00edtimo Peralta Ramos 2280), Paseo Aldrey (Sarmiento 2685), Teatro Col\u00f3n (Hip\u00f3lito Yrigoyen 1665), and Cine Ambassador (C\u00f3rdoba 1673).<\/p>\n\n\n\n<p><\/p>\n","protected":false},"excerpt":{"rendered":"<p>The Mar del Plata International Film Festival is pleased to announce that online ticket sales are now open and can be purchased both online (in the Program link) and at the box offices of each venue. General admission tickets to the Teatro Auditorium cost $7,500 and can be purchased online and at the Teatro Auditorium [&hellip;]<\/p>\n","protected":false},"author":1,"featured_media":0,"parent":0,"menu_order":0,"comment_status":"closed","ping_status":"closed","template":"","meta":{"_acf_changed":false,"footnotes":""},"class_list":["post-289","page","type-page","status-publish","hentry"],"blocksy_meta":[],"acf":[],"yoast_head":"<!-- This site is optimized with the Yoast SEO plugin v26.1.1 - https:\/\/yoast.com\/wordpress\/plugins\/seo\/ -->\n<title>Tickets | 40\u00b0 Festival Internacional de cine de Mar del plata<\/title>\n<meta name=\"description\" content=\"Descubr\u00ed la programaci\u00f3n, invitados, pel\u00edculas y actividades del 40\u00b0 Festival Internacional de Cine de Mar del Plata.\" \/>\n<meta name=\"robots\" content=\"noindex, follow, max-snippet:-1, max-image-preview:large, max-video-preview:-1\" \/>\n<meta property=\"og:locale\" content=\"es_ES\" \/>\n<meta property=\"og:type\" content=\"article\" \/>\n<meta property=\"og:title\" content=\"Tickets | 40\u00b0 Festival Internacional de cine de Mar del plata\" \/>\n<meta property=\"og:description\" content=\"Descubr\u00ed la programaci\u00f3n, invitados, pel\u00edculas y actividades del 40\u00b0 Festival Internacional de Cine de Mar del Plata.\" \/>\n<meta property=\"og:url\" content=\"https:\/\/mardelplatafilmfest.com\/40\/en\/tickets\/\" \/>\n<meta property=\"og:site_name\" content=\"40\u00b0 Festival Internacional de cine de Mar del plata\" \/>\n<meta property=\"article:modified_time\" content=\"2025-11-12T13:47:01+00:00\" \/>\n<meta property=\"og:image\" content=\"https:\/\/mardelplatafilmfest.com\/40\/wp-content\/uploads\/2025\/10\/entradas-a-la-venta-04-1-2.jpg\" \/>\n\t<meta property=\"og:image:width\" content=\"2133\" \/>\n\t<meta property=\"og:image:height\" content=\"869\" \/>\n\t<meta property=\"og:image:type\" content=\"image\/jpeg\" \/>\n<meta name=\"twitter:card\" content=\"summary_large_image\" \/>\n<meta name=\"twitter:label1\" content=\"Tiempo estimado de lectura\" \/>\n\t<meta name=\"twitter:data1\" content=\"2 minutos\" \/>\n<script type=\"application\/ld+json\" class=\"yoast-schema-graph\">{\"@context\":\"https:\/\/schema.org\",\"@graph\":[{\"@type\":\"WebPage\",\"@id\":\"https:\/\/mardelplatafilmfest.com\/40\/en\/tickets\/\",\"url\":\"https:\/\/mardelplatafilmfest.com\/40\/en\/tickets\/\",\"name\":\"Tickets | 40\u00b0 Festival Internacional de cine de Mar del plata\",\"isPartOf\":{\"@id\":\"https:\/\/mardelplatafilmfest.com\/40\/#website\"},\"primaryImageOfPage\":{\"@id\":\"https:\/\/mardelplatafilmfest.com\/40\/en\/tickets\/#primaryimage\"},\"image\":{\"@id\":\"https:\/\/mardelplatafilmfest.com\/40\/en\/tickets\/#primaryimage\"},\"thumbnailUrl\":\"https:\/\/mardelplatafilmfest.com\/40\/wp-content\/uploads\/2025\/10\/entradas-a-la-venta-04-1-2-1024x417.jpg\",\"datePublished\":\"2025-09-13T02:56:31+00:00\",\"dateModified\":\"2025-11-12T13:47:01+00:00\",\"description\":\"Descubr\u00ed la programaci\u00f3n, invitados, pel\u00edculas y actividades del 40\u00b0 Festival Internacional de Cine de Mar del Plata.\",\"breadcrumb\":{\"@id\":\"https:\/\/mardelplatafilmfest.com\/40\/en\/tickets\/#breadcrumb\"},\"inLanguage\":\"es-CL\",\"potentialAction\":[{\"@type\":\"ReadAction\",\"target\":[\"https:\/\/mardelplatafilmfest.com\/40\/en\/tickets\/\"]}]},{\"@type\":\"ImageObject\",\"inLanguage\":\"es-CL\",\"@id\":\"https:\/\/mardelplatafilmfest.com\/40\/en\/tickets\/#primaryimage\",\"url\":\"https:\/\/mardelplatafilmfest.com\/40\/wp-content\/uploads\/2025\/10\/entradas-a-la-venta-04-1-2.jpg\",\"contentUrl\":\"https:\/\/mardelplatafilmfest.com\/40\/wp-content\/uploads\/2025\/10\/entradas-a-la-venta-04-1-2.jpg\",\"width\":2133,\"height\":869},{\"@type\":\"BreadcrumbList\",\"@id\":\"https:\/\/mardelplatafilmfest.com\/40\/en\/tickets\/#breadcrumb\",\"itemListElement\":[{\"@type\":\"ListItem\",\"position\":1,\"name\":\"Portada\",\"item\":\"https:\/\/mardelplatafilmfest.com\/40\/es\/\"},{\"@type\":\"ListItem\",\"position\":2,\"name\":\"Tickets\"}]},{\"@type\":\"WebSite\",\"@id\":\"https:\/\/mardelplatafilmfest.com\/40\/#website\",\"url\":\"https:\/\/mardelplatafilmfest.com\/40\/\",\"name\":\"40\u00b0 Festival Internacional de Cine de Mar del Plata | Sitio Oficial\",\"description\":\"Descubr\u00ed la programaci\u00f3n, invitados, pel\u00edculas y actividades del 40\u00b0 Festival Internacional de Cine de Mar del Plata.\",\"publisher\":{\"@id\":\"https:\/\/mardelplatafilmfest.com\/40\/#organization\"},\"potentialAction\":[{\"@type\":\"SearchAction\",\"target\":{\"@type\":\"EntryPoint\",\"urlTemplate\":\"https:\/\/mardelplatafilmfest.com\/40\/?s={search_term_string}\"},\"query-input\":{\"@type\":\"PropertyValueSpecification\",\"valueRequired\":true,\"valueName\":\"search_term_string\"}}],\"inLanguage\":\"es-CL\"},{\"@type\":\"Organization\",\"@id\":\"https:\/\/mardelplatafilmfest.com\/40\/#organization\",\"name\":\"40\u00b0 Festival Internacional de cine de Mar del plata\",\"url\":\"https:\/\/mardelplatafilmfest.com\/40\/\",\"logo\":{\"@type\":\"ImageObject\",\"inLanguage\":\"es-CL\",\"@id\":\"https:\/\/mardelplatafilmfest.com\/40\/#\/schema\/logo\/image\/\",\"url\":\"https:\/\/mardelplatafilmfest.com\/40\/wp-content\/uploads\/2025\/09\/WEB_mdq_logo_principal_marfil.png\",\"contentUrl\":\"https:\/\/mardelplatafilmfest.com\/40\/wp-content\/uploads\/2025\/09\/WEB_mdq_logo_principal_marfil.png\",\"width\":2067,\"height\":591,\"caption\":\"40\u00b0 Festival Internacional de cine de Mar del plata\"},\"image\":{\"@id\":\"https:\/\/mardelplatafilmfest.com\/40\/#\/schema\/logo\/image\/\"}}]}<\/script>\n<!-- \/ Yoast SEO plugin. -->","yoast_head_json":{"title":"Tickets | 40\u00b0 Festival Internacional de cine de Mar del plata","description":"Descubr\u00ed la programaci\u00f3n, invitados, pel\u00edculas y actividades del 40\u00b0 Festival Internacional de Cine de Mar del Plata.","robots":{"index":"noindex","follow":"follow","max-snippet":"max-snippet:-1","max-image-preview":"max-image-preview:large","max-video-preview":"max-video-preview:-1"},"og_locale":"es_ES","og_type":"article","og_title":"Tickets | 40\u00b0 Festival Internacional de cine de Mar del plata","og_description":"Descubr\u00ed la programaci\u00f3n, invitados, pel\u00edculas y actividades del 40\u00b0 Festival Internacional de Cine de Mar del Plata.","og_url":"https:\/\/mardelplatafilmfest.com\/40\/en\/tickets\/","og_site_name":"40\u00b0 Festival Internacional de cine de Mar del plata","article_modified_time":"2025-11-12T13:47:01+00:00","og_image":[{"width":2133,"height":869,"url":"https:\/\/mardelplatafilmfest.com\/40\/wp-content\/uploads\/2025\/10\/entradas-a-la-venta-04-1-2.jpg","type":"image\/jpeg"}],"twitter_card":"summary_large_image","twitter_misc":{"Tiempo estimado de lectura":"2 minutos"},"schema":{"@context":"https:\/\/schema.org","@graph":[{"@type":"WebPage","@id":"https:\/\/mardelplatafilmfest.com\/40\/en\/tickets\/","url":"https:\/\/mardelplatafilmfest.com\/40\/en\/tickets\/","name":"Tickets | 40\u00b0 Festival Internacional de cine de Mar del plata","isPartOf":{"@id":"https:\/\/mardelplatafilmfest.com\/40\/#website"},"primaryImageOfPage":{"@id":"https:\/\/mardelplatafilmfest.com\/40\/en\/tickets\/#primaryimage"},"image":{"@id":"https:\/\/mardelplatafilmfest.com\/40\/en\/tickets\/#primaryimage"},"thumbnailUrl":"https:\/\/mardelplatafilmfest.com\/40\/wp-content\/uploads\/2025\/10\/entradas-a-la-venta-04-1-2-1024x417.jpg","datePublished":"2025-09-13T02:56:31+00:00","dateModified":"2025-11-12T13:47:01+00:00","description":"Descubr\u00ed la programaci\u00f3n, invitados, pel\u00edculas y actividades del 40\u00b0 Festival Internacional de Cine de Mar del Plata.","breadcrumb":{"@id":"https:\/\/mardelplatafilmfest.com\/40\/en\/tickets\/#breadcrumb"},"inLanguage":"es-CL","potentialAction":[{"@type":"ReadAction","target":["https:\/\/mardelplatafilmfest.com\/40\/en\/tickets\/"]}]},{"@type":"ImageObject","inLanguage":"es-CL","@id":"https:\/\/mardelplatafilmfest.com\/40\/en\/tickets\/#primaryimage","url":"https:\/\/mardelplatafilmfest.com\/40\/wp-content\/uploads\/2025\/10\/entradas-a-la-venta-04-1-2.jpg","contentUrl":"https:\/\/mardelplatafilmfest.com\/40\/wp-content\/uploads\/2025\/10\/entradas-a-la-venta-04-1-2.jpg","width":2133,"height":869},{"@type":"BreadcrumbList","@id":"https:\/\/mardelplatafilmfest.com\/40\/en\/tickets\/#breadcrumb","itemListElement":[{"@type":"ListItem","position":1,"name":"Portada","item":"https:\/\/mardelplatafilmfest.com\/40\/es\/"},{"@type":"ListItem","position":2,"name":"Tickets"}]},{"@type":"WebSite","@id":"https:\/\/mardelplatafilmfest.com\/40\/#website","url":"https:\/\/mardelplatafilmfest.com\/40\/","name":"40\u00b0 Festival Internacional de Cine de Mar del Plata | Sitio Oficial","description":"Descubr\u00ed la programaci\u00f3n, invitados, pel\u00edculas y actividades del 40\u00b0 Festival Internacional de Cine de Mar del Plata.","publisher":{"@id":"https:\/\/mardelplatafilmfest.com\/40\/#organization"},"potentialAction":[{"@type":"SearchAction","target":{"@type":"EntryPoint","urlTemplate":"https:\/\/mardelplatafilmfest.com\/40\/?s={search_term_string}"},"query-input":{"@type":"PropertyValueSpecification","valueRequired":true,"valueName":"search_term_string"}}],"inLanguage":"es-CL"},{"@type":"Organization","@id":"https:\/\/mardelplatafilmfest.com\/40\/#organization","name":"40\u00b0 Festival Internacional de cine de Mar del plata","url":"https:\/\/mardelplatafilmfest.com\/40\/","logo":{"@type":"ImageObject","inLanguage":"es-CL","@id":"https:\/\/mardelplatafilmfest.com\/40\/#\/schema\/logo\/image\/","url":"https:\/\/mardelplatafilmfest.com\/40\/wp-content\/uploads\/2025\/09\/WEB_mdq_logo_principal_marfil.png","contentUrl":"https:\/\/mardelplatafilmfest.com\/40\/wp-content\/uploads\/2025\/09\/WEB_mdq_logo_principal_marfil.png","width":2067,"height":591,"caption":"40\u00b0 Festival Internacional de cine de Mar del plata"},"image":{"@id":"https:\/\/mardelplatafilmfest.com\/40\/#\/schema\/logo\/image\/"}}]}},"_links":{"self":[{"href":"https:\/\/mardelplatafilmfest.com\/40\/wp-json\/wp\/v2\/pages\/289","targetHints":{"allow":["GET"]}}],"collection":[{"href":"https:\/\/mardelplatafilmfest.com\/40\/wp-json\/wp\/v2\/pages"}],"about":[{"href":"https:\/\/mardelplatafilmfest.com\/40\/wp-json\/wp\/v2\/types\/page"}],"author":[{"embeddable":true,"href":"https:\/\/mardelplatafilmfest.com\/40\/wp-json\/wp\/v2\/users\/1"}],"replies":[{"embeddable":true,"href":"https:\/\/mardelplatafilmfest.com\/40\/wp-json\/wp\/v2\/comments?post=289"}],"version-history":[{"count":9,"href":"https:\/\/mardelplatafilmfest.com\/40\/wp-json\/wp\/v2\/pages\/289\/revisions"}],"predecessor-version":[{"id":2233,"href":"https:\/\/mardelplatafilmfest.com\/40\/wp-json\/wp\/v2\/pages\/289\/revisions\/2233"}],"wp:attachment":[{"href":"https:\/\/mardelplatafilmfest.com\/40\/wp-json\/wp\/v2\/media?parent=289"}],"curies":[{"name":"wp","href":"https:\/\/api.w.org\/{rel}","templated":true}]}}