{"id":2857,"date":"2026-04-23T16:38:41","date_gmt":"2026-04-23T16:38:41","guid":{"rendered":"https:\/\/mardelplatafilmfest.com\/41\/?page_id=2857"},"modified":"2026-04-23T19:43:53","modified_gmt":"2026-04-23T19:43:53","slug":"registrations","status":"publish","type":"page","link":"https:\/\/mardelplatafilmfest.com\/41\/en\/registrations\/","title":{"rendered":"Registrations"},"content":{"rendered":"\n<div class=\"wp-block-columns is-layout-flex wp-container-core-columns-is-layout-28f84493 wp-block-columns-is-layout-flex\">\n<div class=\"wp-block-column is-layout-flow wp-block-column-is-layout-flow\" style=\"flex-basis:100%\">\n<div class=\"wp-block-group alignwide has-palette-color-6-color has-palette-color-1-background-color has-text-color has-background is-layout-flow wp-container-core-group-is-layout-c43c6636 wp-block-group-is-layout-flow\" style=\"padding-right:0;padding-left:0\">\n<h2 class=\"wp-block-heading alignwide has-text-align-center has-palette-color-6-color has-text-color has-link-color wp-elements-1a46ecbe51f6c6bb3b0ffae42426bf70\" id=\"schedule-a-visit\" style=\"font-size:clamp(32.969px, 2.061rem + ((1vw - 3.2px) * 2.034), 59px);px;line-height:1.15\">REGISTRATIONS<\/h2>\n\n\n\n<p class=\"has-text-align-center has-medium-font-size\" id=\"schedule-a-visit\" style=\"padding-top:var(--wp--preset--spacing--30);padding-bottom:var(--wp--preset--spacing--30)\"><strong>OPEN MAY 4TH<\/strong><\/p>\n<\/div>\n<\/div>\n<\/div>\n\n\n\n<div style=\"height:26px\" aria-hidden=\"true\" class=\"wp-block-spacer\"><\/div>\n\n\n\n<p>The National Institute of Cinema and Audiovisual Arts (INCAA) announces that film submissions for the 41st Mar del Plata International Film Festival are <strong>open from May 4th to July 15th<\/strong>. The festival will take place from Thursday, November 5th to Sunday, November 15th, 2026.<\/p>\n\n\n\n<p>The Mar del Plata International Film Festival is the only competitive festival in the region accredited by the International Federation of Film Producers Associations (FIAPF), a category it shares with, among others, Cannes, Venice, and San Sebasti\u00e1n.<\/p>\n\n\n\n<p>The regulations for the call are available at the following link: <a href=\"https:\/\/mardelplatafilmfest.com\/41\/wp-content\/uploads\/2026\/04\/OFFICIAL-REGULATIONS-41ST-MAR-DEL-PLATA-INTERNATIONAL-FILM-FESTIVAL.pdf\" target=\"_blank\" rel=\"noreferrer noopener\">REGULATIONS<\/a><\/p>\n\n\n\n<p><strong>INSTRUCTIONS&nbsp;<\/strong><\/p>\n\n\n\n<p>Online Registration<\/p>\n\n\n\n<p>To register, access the following link: <a href=\"https:\/\/sso.incaa.gob.ar\/login\" target=\"_blank\" rel=\"noreferrer noopener\">LINK<\/a><\/p>\n\n\n\n<p>Access the following link to register the film: <a href=\"https:\/\/mistramites.incaa.gob.ar\/\/tramites\/nuevo\/332\" target=\"_blank\" rel=\"noreferrer noopener\">LINK<\/a><\/p>\n","protected":false},"excerpt":{"rendered":"<p>REGISTRATIONS OPEN MAY 4TH The National Institute of Cinema and Audiovisual Arts (INCAA) announces that film submissions for the 41st Mar del Plata International Film Festival are open from May 4th to July 15th. The festival will take place from Thursday, November 5th to Sunday, November 15th, 2026. The Mar del Plata International Film Festival [&hellip;]<\/p>\n","protected":false},"author":2,"featured_media":0,"parent":0,"menu_order":0,"comment_status":"closed","ping_status":"closed","template":"","meta":{"_acf_changed":false,"footnotes":""},"class_list":["post-2857","page","type-page","status-publish","hentry"],"blocksy_meta":[],"acf":[],"yoast_head":"<!-- This site is optimized with the Yoast SEO plugin v26.1.1 - https:\/\/yoast.com\/wordpress\/plugins\/seo\/ -->\n<title>Registrations | 41\u00b0 Festival Internacional de cine de Mar del plata<\/title>\n<meta name=\"description\" content=\"Descubr\u00ed la programaci\u00f3n, invitados, pel\u00edculas y actividades del 41\u00b0 Festival Internacional de Cine de Mar del Plata.\" \/>\n<meta name=\"robots\" content=\"index, follow, max-snippet:-1, max-image-preview:large, max-video-preview:-1\" \/>\n<link rel=\"canonical\" href=\"https:\/\/mardelplatafilmfest.com\/41\/en\/registrations\/\" \/>\n<meta property=\"og:locale\" content=\"es_ES\" \/>\n<meta property=\"og:type\" content=\"article\" \/>\n<meta property=\"og:title\" content=\"Registrations | 41\u00b0 Festival Internacional de cine de Mar del plata\" \/>\n<meta property=\"og:description\" content=\"Descubr\u00ed la programaci\u00f3n, invitados, pel\u00edculas y actividades del 41\u00b0 Festival Internacional de Cine de Mar del Plata.\" \/>\n<meta property=\"og:url\" content=\"https:\/\/mardelplatafilmfest.com\/41\/en\/registrations\/\" \/>\n<meta property=\"og:site_name\" content=\"41\u00b0 Festival Internacional de cine de Mar del plata\" \/>\n<meta property=\"article:modified_time\" content=\"2026-04-23T19:43:53+00:00\" \/>\n<meta property=\"og:image\" content=\"https:\/\/mardelplatafilmfest.com\/41\/wp-content\/uploads\/2025\/09\/WEB_Banner_principal-03-1.jpg\" \/>\n\t<meta property=\"og:image:width\" content=\"1920\" \/>\n\t<meta property=\"og:image:height\" content=\"782\" \/>\n\t<meta property=\"og:image:type\" content=\"image\/jpeg\" \/>\n<meta name=\"twitter:card\" content=\"summary_large_image\" \/>\n<meta name=\"twitter:label1\" content=\"Tiempo estimado de lectura\" \/>\n\t<meta name=\"twitter:data1\" content=\"1 minuto\" \/>\n<script type=\"application\/ld+json\" class=\"yoast-schema-graph\">{\"@context\":\"https:\/\/schema.org\",\"@graph\":[{\"@type\":\"WebPage\",\"@id\":\"https:\/\/mardelplatafilmfest.com\/41\/en\/registrations\/\",\"url\":\"https:\/\/mardelplatafilmfest.com\/41\/en\/registrations\/\",\"name\":\"Registrations | 41\u00b0 Festival Internacional de cine de Mar del plata\",\"isPartOf\":{\"@id\":\"https:\/\/mardelplatafilmfest.com\/41\/#website\"},\"datePublished\":\"2026-04-23T16:38:41+00:00\",\"dateModified\":\"2026-04-23T19:43:53+00:00\",\"description\":\"Descubr\u00ed la programaci\u00f3n, invitados, pel\u00edculas y actividades del 41\u00b0 Festival Internacional de Cine de Mar del Plata.\",\"breadcrumb\":{\"@id\":\"https:\/\/mardelplatafilmfest.com\/41\/en\/registrations\/#breadcrumb\"},\"inLanguage\":\"es-CL\",\"potentialAction\":[{\"@type\":\"ReadAction\",\"target\":[\"https:\/\/mardelplatafilmfest.com\/41\/en\/registrations\/\"]}]},{\"@type\":\"BreadcrumbList\",\"@id\":\"https:\/\/mardelplatafilmfest.com\/41\/en\/registrations\/#breadcrumb\",\"itemListElement\":[{\"@type\":\"ListItem\",\"position\":1,\"name\":\"Portada\",\"item\":\"https:\/\/mardelplatafilmfest.com\/41\/es\/\"},{\"@type\":\"ListItem\",\"position\":2,\"name\":\"Registrations\"}]},{\"@type\":\"WebSite\",\"@id\":\"https:\/\/mardelplatafilmfest.com\/41\/#website\",\"url\":\"https:\/\/mardelplatafilmfest.com\/41\/\",\"name\":\"41\u00b0 Festival Internacional de Cine de Mar del Plata | Sitio Oficial\",\"description\":\"Descubr\u00ed la programaci\u00f3n, invitados, pel\u00edculas y actividades del 40\u00b0 Festival Internacional de Cine de Mar del Plata.\",\"publisher\":{\"@id\":\"https:\/\/mardelplatafilmfest.com\/41\/#organization\"},\"potentialAction\":[{\"@type\":\"SearchAction\",\"target\":{\"@type\":\"EntryPoint\",\"urlTemplate\":\"https:\/\/mardelplatafilmfest.com\/41\/?s={search_term_string}\"},\"query-input\":{\"@type\":\"PropertyValueSpecification\",\"valueRequired\":true,\"valueName\":\"search_term_string\"}}],\"inLanguage\":\"es-CL\"},{\"@type\":\"Organization\",\"@id\":\"https:\/\/mardelplatafilmfest.com\/41\/#organization\",\"name\":\"Festival Internacional de cine de Mar del plata\",\"url\":\"https:\/\/mardelplatafilmfest.com\/41\/\",\"logo\":{\"@type\":\"ImageObject\",\"inLanguage\":\"es-CL\",\"@id\":\"https:\/\/mardelplatafilmfest.com\/41\/#\/schema\/logo\/image\/\",\"url\":\"https:\/\/mardelplatafilmfest.com\/41\/wp-content\/uploads\/2026\/03\/Logo_MDQFF_41_c_fecha-scaled.png\",\"contentUrl\":\"https:\/\/mardelplatafilmfest.com\/41\/wp-content\/uploads\/2026\/03\/Logo_MDQFF_41_c_fecha-scaled.png\",\"width\":2560,\"height\":1600,\"caption\":\"Festival Internacional de cine de Mar del plata\"},\"image\":{\"@id\":\"https:\/\/mardelplatafilmfest.com\/41\/#\/schema\/logo\/image\/\"}}]}<\/script>\n<!-- \/ Yoast SEO plugin. -->","yoast_head_json":{"title":"Registrations | 41\u00b0 Festival Internacional de cine de Mar del plata","description":"Descubr\u00ed la programaci\u00f3n, invitados, pel\u00edculas y actividades del 41\u00b0 Festival Internacional de Cine de Mar del Plata.","robots":{"index":"index","follow":"follow","max-snippet":"max-snippet:-1","max-image-preview":"max-image-preview:large","max-video-preview":"max-video-preview:-1"},"canonical":"https:\/\/mardelplatafilmfest.com\/41\/en\/registrations\/","og_locale":"es_ES","og_type":"article","og_title":"Registrations | 41\u00b0 Festival Internacional de cine de Mar del plata","og_description":"Descubr\u00ed la programaci\u00f3n, invitados, pel\u00edculas y actividades del 41\u00b0 Festival Internacional de Cine de Mar del Plata.","og_url":"https:\/\/mardelplatafilmfest.com\/41\/en\/registrations\/","og_site_name":"41\u00b0 Festival Internacional de cine de Mar del plata","article_modified_time":"2026-04-23T19:43:53+00:00","og_image":[{"width":1920,"height":782,"url":"https:\/\/mardelplatafilmfest.com\/41\/wp-content\/uploads\/2025\/09\/WEB_Banner_principal-03-1.jpg","type":"image\/jpeg"}],"twitter_card":"summary_large_image","twitter_misc":{"Tiempo estimado de lectura":"1 minuto"},"schema":{"@context":"https:\/\/schema.org","@graph":[{"@type":"WebPage","@id":"https:\/\/mardelplatafilmfest.com\/41\/en\/registrations\/","url":"https:\/\/mardelplatafilmfest.com\/41\/en\/registrations\/","name":"Registrations | 41\u00b0 Festival Internacional de cine de Mar del plata","isPartOf":{"@id":"https:\/\/mardelplatafilmfest.com\/41\/#website"},"datePublished":"2026-04-23T16:38:41+00:00","dateModified":"2026-04-23T19:43:53+00:00","description":"Descubr\u00ed la programaci\u00f3n, invitados, pel\u00edculas y actividades del 41\u00b0 Festival Internacional de Cine de Mar del Plata.","breadcrumb":{"@id":"https:\/\/mardelplatafilmfest.com\/41\/en\/registrations\/#breadcrumb"},"inLanguage":"es-CL","potentialAction":[{"@type":"ReadAction","target":["https:\/\/mardelplatafilmfest.com\/41\/en\/registrations\/"]}]},{"@type":"BreadcrumbList","@id":"https:\/\/mardelplatafilmfest.com\/41\/en\/registrations\/#breadcrumb","itemListElement":[{"@type":"ListItem","position":1,"name":"Portada","item":"https:\/\/mardelplatafilmfest.com\/41\/es\/"},{"@type":"ListItem","position":2,"name":"Registrations"}]},{"@type":"WebSite","@id":"https:\/\/mardelplatafilmfest.com\/41\/#website","url":"https:\/\/mardelplatafilmfest.com\/41\/","name":"41\u00b0 Festival Internacional de Cine de Mar del Plata | Sitio Oficial","description":"Descubr\u00ed la programaci\u00f3n, invitados, pel\u00edculas y actividades del 40\u00b0 Festival Internacional de Cine de Mar del Plata.","publisher":{"@id":"https:\/\/mardelplatafilmfest.com\/41\/#organization"},"potentialAction":[{"@type":"SearchAction","target":{"@type":"EntryPoint","urlTemplate":"https:\/\/mardelplatafilmfest.com\/41\/?s={search_term_string}"},"query-input":{"@type":"PropertyValueSpecification","valueRequired":true,"valueName":"search_term_string"}}],"inLanguage":"es-CL"},{"@type":"Organization","@id":"https:\/\/mardelplatafilmfest.com\/41\/#organization","name":"Festival Internacional de cine de Mar del plata","url":"https:\/\/mardelplatafilmfest.com\/41\/","logo":{"@type":"ImageObject","inLanguage":"es-CL","@id":"https:\/\/mardelplatafilmfest.com\/41\/#\/schema\/logo\/image\/","url":"https:\/\/mardelplatafilmfest.com\/41\/wp-content\/uploads\/2026\/03\/Logo_MDQFF_41_c_fecha-scaled.png","contentUrl":"https:\/\/mardelplatafilmfest.com\/41\/wp-content\/uploads\/2026\/03\/Logo_MDQFF_41_c_fecha-scaled.png","width":2560,"height":1600,"caption":"Festival Internacional de cine de Mar del plata"},"image":{"@id":"https:\/\/mardelplatafilmfest.com\/41\/#\/schema\/logo\/image\/"}}]}},"_links":{"self":[{"href":"https:\/\/mardelplatafilmfest.com\/41\/wp-json\/wp\/v2\/pages\/2857","targetHints":{"allow":["GET"]}}],"collection":[{"href":"https:\/\/mardelplatafilmfest.com\/41\/wp-json\/wp\/v2\/pages"}],"about":[{"href":"https:\/\/mardelplatafilmfest.com\/41\/wp-json\/wp\/v2\/types\/page"}],"author":[{"embeddable":true,"href":"https:\/\/mardelplatafilmfest.com\/41\/wp-json\/wp\/v2\/users\/2"}],"replies":[{"embeddable":true,"href":"https:\/\/mardelplatafilmfest.com\/41\/wp-json\/wp\/v2\/comments?post=2857"}],"version-history":[{"count":4,"href":"https:\/\/mardelplatafilmfest.com\/41\/wp-json\/wp\/v2\/pages\/2857\/revisions"}],"predecessor-version":[{"id":2869,"href":"https:\/\/mardelplatafilmfest.com\/41\/wp-json\/wp\/v2\/pages\/2857\/revisions\/2869"}],"wp:attachment":[{"href":"https:\/\/mardelplatafilmfest.com\/41\/wp-json\/wp\/v2\/media?parent=2857"}],"curies":[{"name":"wp","href":"https:\/\/api.w.org\/{rel}","templated":true}]}}