{"id":324,"date":"2025-09-13T03:12:42","date_gmt":"2025-09-13T03:12:42","guid":{"rendered":"https:\/\/sitio1.unbcorp.cl\/Fest\/?page_id=324"},"modified":"2026-04-14T14:05:55","modified_gmt":"2026-04-14T14:05:55","slug":"historia","status":"publish","type":"page","link":"https:\/\/mardelplatafilmfest.com\/41\/es\/historia\/","title":{"rendered":"Historia"},"content":{"rendered":"<div class=\"internal-text-margins\">\n<h2 class=\"larger-heading-text\"><strong>Historia<\/strong><\/h2>\n<h2 class=\"larger-heading-text\">Festival Internacional de Cine de Mar del Plata <strong>\u2013\u00a0<\/strong><\/h2>\n<blockquote class=\"copete-noticias\"><p>Desde 1954, el Festival de Mar del Plata \u2013\u00fanico en Latinoam\u00e9rica de Categor\u00eda \u201cA\u201d \u2013 refleja el universo del cine argentino e internacional y se consolida como una plataforma de desarrollo e intercambio de la industria cinematogr\u00e1fica y audiovisual: una cita obligada para realizadores, productores, actores, distribuidores y cin\u00e9filos.<\/p><\/blockquote>\n<p class=\"paragraph\"><strong>PRESENTACI\u00d3N<\/strong><\/p>\n<p>El Festival Internacional de Cine de Mar del Plata, organizado por el Instituto Nacional de Cine y Artes Audiovisuales (INCAA), promueve la actividad cinematogr\u00e1fica en todas sus formas, y en sus pantallas se exhiben pel\u00edculas de diversos or\u00edgenes, tem\u00e1tica y estilos. En \u00e9l conviven la tradici\u00f3n del cine cl\u00e1sico con las nuevas tendencias, las nuevas voces y las nuevas tecnolog\u00edas.<\/p>\n<p>El Festival est\u00e1 hist\u00f3ricamente organizado en distintas secciones.<\/p>\n<p>La primera de ellas es la <strong>Competencia<\/strong>. Con jurados cuidadosamente seleccionados para cada edici\u00f3n, se premian pel\u00edculas de Competencia Internacional De Largometrajes y Cortometrajes, Competencia Latinoamericana de Largometrajes y Cortometrajes, Competencia Argentina de Largometrajes y Cortometrajes, y Competencia En Tr\u00e1nsito &#8211; Work in Progress.<\/p>\n<p>La segunda secci\u00f3n es la de <strong>Panorama<\/strong>, y en ella los espectadores podr\u00e1n encontrar lo mejor de la producci\u00f3n internacional m\u00e1s reciente. Directores consagrados conviven con nuevos talentos y distintos focos tem\u00e1ticos como los de Mar de Chicas y Chicos \u2013destinado al p\u00fablico infantil\u2013, Banda Sonora Original \u2013para pel\u00edculas que tienen a la m\u00fasica como protagonista\u2013, Hora Cero, Estados Alterados y Series.<\/p>\n<p>La tercera secci\u00f3n se dedica a los <strong>Homenajes y Retrospectivas<\/strong> y busca actualizar la trayectoria de directores prestigiosos con el objetivo de que sean puestos otra vez en circulaci\u00f3n. Adem\u00e1s, esta secci\u00f3n permite dar lugar a nuevas tendencias cinematogr\u00e1ficas a partir de diversos focos sobre realizadores actuales que de otra manera no llegar\u00edan a las salas. Se trata de una secci\u00f3n clave para valorar obras en funci\u00f3n de su herencia cultural para el cine del presente y del futuro.<\/p>\n<p>Una cuarta secci\u00f3n se concentra en las <strong>Restauraciones<\/strong>, el patrimonio cultural cinematogr\u00e1fico nacional e internacional que es puesto en valor nuevamente para que el p\u00fablico pueda disfrutar de las viejas glorias de la historia del cine.<\/p>\n<p>Por fuera de las pantallas, el Festival se caracteriza tambi\u00e9n por el atractivo de sus Actividades Especiales; entre ellas, charlas con Maestros, mesas redondas, presentaciones de libros, proyecciones especiales y seminarios de nueva cr\u00edtica. La edici\u00f3n de 2018 cont\u00f3 adem\u00e1s con la primera y exitosa edici\u00f3n del <strong>Foro de Cine y Perspectiva de G\u00e9nero<\/strong>, un espacio clave para reflexionar y visualizar las desigualdades en el sector audiovisual.<\/p>\n<h3 class=\"heading-21\">UN FESTIVAL CON HISTORIA<\/h3>\n<p class=\"paragraph\">Hace 71 a\u00f1os, Argentina le daba la bienvenida al Primer Festival Cinematogr\u00e1fico Internacional de Mar del Plata. Desde ese primer gran paso a hoy, el pa\u00eds y el mundo han sido testigos del cambio y del crecimiento del universo cinematogr\u00e1fico.<\/p>\n<p>El Festival, \u00fanico en Latinoam\u00e9rica de Categor\u00eda \u201cA\u201d, fue concebido en 1954 bajo la presidencia de Juan Domingo Per\u00f3n, como Primera Muestra Cinematogr\u00e1fica (no competitiva), en la que se resalt\u00f3 al cine como espect\u00e1culo. Mar del Plata fue elegida como sede de esta fiesta del cine por ser el destino tur\u00edstico por excelencia. En su primera edici\u00f3n, 18 pa\u00edses estuvieron representados por 52 largometrajes y 49 cortometrajes de realizadores como Vittorio de Sica, Luis Bu\u00f1uel, Anthony Mann e Ingmar Bergman, entre muchos otros. As\u00ed, qued\u00f3 inaugurado un espacio de inter\u00e9s en el ambiente intelectual y cinematogr\u00e1fico que hizo posible la creaci\u00f3n del Festival Internacional de Cine de Mar del Plata.<\/p>\n<p>En 1959, el Festival se convirti\u00f3 en competitivo. Organizado por la Asociaci\u00f3n de Cronistas Cinematogr\u00e1ficos Argentinos, en esa edici\u00f3n aparecen los Jurados y los Premios. A\u00f1o tras a\u00f1o, los premios fueron ganando prestigio y el Festival creci\u00f3 hasta convertirse en el m\u00e1s importante de Am\u00e9rica Latina. En 1959, la estatuilla oficial fue denominada El Gaucho, una creaci\u00f3n del escultor Pascual Buigues.<\/p>\n<p>De 1959 a 1970 se realizaron diez ediciones. La de 1964 fue en la ciudad de Buenos Aires, y en 1967 y 1969 se altern\u00f3 con el Festival de R\u00edo de Janeiro. Estos festivales fueron los acontecimientos culturales m\u00e1s importantes de la \u00e9poca. Las cinematograf\u00edas europeas estuvieron representadas, entre otras, por la Nouvelle Vague francesa, el m\u00e1s destacado cine de los pa\u00edses socialistas, el mejor neorrealismo italiano, la irrupci\u00f3n de Ingmar Bergman y la cinematograf\u00eda sueca, y la excelencia del cine ingl\u00e9s. De los Estados Unidos llegaron pel\u00edculas que, por su alto nivel tem\u00e1tico, t\u00e9cnico y actoral, fueron premiadas en diversas ocasiones.<\/p>\n<p>Con el paso de los a\u00f1os, el Festival se afianz\u00f3 como un espacio de reflexi\u00f3n sobre los nuevos movimientos cinematogr\u00e1ficos y recibi\u00f3 a te\u00f3ricos, periodistas y cineastas de todas las latitudes. Entre las personalidades internacionales que concurrieron se puede mencionar a Paul Newman, Vittorio Gassman, Jean-Paul Belmondo, Anthony Perkins, Ugo Tognazzi, Maria Callas, Maria Schell, Marie Laforet, Harriet Andersson, George Hamilton, Tom Courtenay, Mario Moreno (Cantinflas), Fran\u00e7ois Trufffaut, Tony Richardson, Pier Paolo Pasolini, Gilo Pontecorvo, Andrzej Wajda, Edouard Molinaro, Pierre Kast, Karel Reisz, Jacques Tati, Toshiro Mifune, Curt J\u00fcrgens, Cesare Zavattini, Josef von Sternberg, Alfred Bauer, Abel Gance, Vincent Minelli, Lee Strassberg, Andrzej Munk, James Mason, Maximilian Schell, Catherine Spaak, Tomas Milian, Ettore Scola, John Gavin y Jerzy Passendorfer.<\/p>\n<p>En 1996, comenz\u00f3 <strong>la segunda etapa del Festival<\/strong>. Luego de 26 a\u00f1os de ausencia, se reposicion\u00f3 como un acontecimiento art\u00edstico-cultural imprescindible para todo el panorama cinematogr\u00e1fico.<\/p>\n<p>Desde entonces a esta parte, han concurrido al Festival, entre muchas otras personalidades, Jacqueline Bisset, Elsa Martinelli, Raquel Welch, Francisco Rabal, Amparo Soler Leal, Lina Wertm\u00fcller, Percy Adlon, Arturo Ripstein, Pilar Mir\u00f3, Dino Risi, Antonio Ferrandis, Abbas Kiarostami, Maria Grazia Cucinotta, Catherine Deneuve, Geraldine Chaplin, Dominique Sanda, Sonia Braga, Emily Watson, Julie Delpy, Nikita Mijalkov, Alex de la Iglesia, Liv Ullman, Jeremy Irons, Gerard Depardieu, Helen Mirren, Paolo y Vittorio Taviani, Mario Monicelli, Hanna Schygula, Kathleen Turner, H\u00e9ctor Babenco, Ken Russell, Susan Sarandon, Tim Robbins, Krzystof Zanussi, Michael Winterbottom, Abel Ferrara, Juliette Binoche, Sarah Polley, Kathryn Bigelow, Tommy Lee Jones, Jos\u00e9 Wilker, Javier Fesser, Bruno Ganz, Jerzy Skolimowsky, Greta Gerwig, Willem Dafoe, Victor Kossakovsky, Alex Cox, Joe Dante, Sandrine Bonnaire, Bertrand Bonello, Pierre \u00c9taix, Bong Joon-ho, John Landis, Viggo Mortensen, Claire Denis, Paul Schrader, Francisco Lombardi, Carlos Vermut, Nacho Vigalondo, Arnaud Desplechin, Atom Egoyan, Marco M\u00fbller, Johnnie To, Vittorio Storaro, Olivier Assayas, Ted Fendt, Ren\u00e9e Zellweger, Pierre L\u00e9on, Jean-Pierre L\u00e9aud, L\u00e9os Carax, Pierre Richard, Haden Guest, Ignacio Ag\u00fcero, Jon\u00e1s Trueba, Lee Ranaldo, Leah Singer, Nicole Brenez, Thomas Heise, Walter Hill, Miranda July, Sion Sono, Roberto Minervini, Rita Azevedo Gomes, Albert Serra, Glen Keane, Suzanne Lindon, Helke Misselwitz, Ry\u00fbsuke Hamaguchi, Phil Tippett, Apichatpong Weerasethakul, Panah Panahi, Denis C\u00f4t\u00e9, Celine Sciamma, Michelangelo Frammartino, Jeanine Meerapfel, Toby Poser, John Adams, Zelda Adams, Travis Wilkerson, Silvan Z\u00fcrcher, Chema Garc\u00eda Ibarra, Payal Kapadia, Andreas Fontana, Haroldo Borges, Jimena Repetto y Claudia Varej\u00e3o.<\/p>\n<p>Con la bella ciudad balnearia de Mar del Plata como marco, el Festival Internacional de Cine de Mar del Plata representa adem\u00e1s una plataforma de relevancia para exhibir la producci\u00f3n argentina, y es terreno f\u00e9rtil para el encuentro entre profesionales, la circulaci\u00f3n de las obras y la creaci\u00f3n de nuevos p\u00fablicos.<\/p>\n<\/div>\n","protected":false},"excerpt":{"rendered":"<p>Historia Festival Internacional de Cine de Mar del Plata \u2013\u00a0 Desde 1954, el Festival de Mar del Plata \u2013\u00fanico en Latinoam\u00e9rica de Categor\u00eda \u201cA\u201d \u2013 refleja el universo del cine argentino e internacional y se consolida como una plataforma de desarrollo e intercambio de la industria cinematogr\u00e1fica y audiovisual: una cita obligada para realizadores, productores, [&hellip;]<\/p>\n","protected":false},"author":1,"featured_media":0,"parent":0,"menu_order":0,"comment_status":"closed","ping_status":"closed","template":"","meta":{"_acf_changed":false,"footnotes":""},"class_list":["post-324","page","type-page","status-publish","hentry"],"blocksy_meta":[],"acf":[],"yoast_head":"<!-- This site is optimized with the Yoast SEO plugin v26.1.1 - https:\/\/yoast.com\/wordpress\/plugins\/seo\/ -->\n<title>Historia | 41\u00b0 Festival Internacional de cine de Mar del plata<\/title>\n<meta name=\"description\" content=\"Descubr\u00ed la programaci\u00f3n, invitados, pel\u00edculas y actividades del 41\u00b0 Festival Internacional de Cine de Mar del Plata.\" \/>\n<meta name=\"robots\" content=\"index, follow, max-snippet:-1, max-image-preview:large, max-video-preview:-1\" \/>\n<link rel=\"canonical\" href=\"https:\/\/mardelplatafilmfest.com\/41\/es\/historia\/\" \/>\n<meta property=\"og:locale\" content=\"es_ES\" \/>\n<meta property=\"og:type\" content=\"article\" \/>\n<meta property=\"og:title\" content=\"Historia | 41\u00b0 Festival Internacional de cine de Mar del plata\" \/>\n<meta property=\"og:description\" content=\"Descubr\u00ed la programaci\u00f3n, invitados, pel\u00edculas y actividades del 41\u00b0 Festival Internacional de Cine de Mar del Plata.\" \/>\n<meta property=\"og:url\" content=\"https:\/\/mardelplatafilmfest.com\/41\/es\/historia\/\" \/>\n<meta property=\"og:site_name\" content=\"41\u00b0 Festival Internacional de cine de Mar del plata\" \/>\n<meta property=\"article:modified_time\" content=\"2026-04-14T14:05:55+00:00\" \/>\n<meta property=\"og:image\" content=\"https:\/\/mardelplatafilmfest.com\/41\/wp-content\/uploads\/2025\/09\/WEB_Banner_principal-03-1.jpg\" \/>\n\t<meta property=\"og:image:width\" content=\"1920\" \/>\n\t<meta property=\"og:image:height\" content=\"782\" \/>\n\t<meta property=\"og:image:type\" content=\"image\/jpeg\" \/>\n<meta name=\"twitter:card\" content=\"summary_large_image\" \/>\n<meta name=\"twitter:label1\" content=\"Tiempo estimado de lectura\" \/>\n\t<meta name=\"twitter:data1\" content=\"6 minutos\" \/>\n<script type=\"application\/ld+json\" class=\"yoast-schema-graph\">{\"@context\":\"https:\/\/schema.org\",\"@graph\":[{\"@type\":\"WebPage\",\"@id\":\"https:\/\/mardelplatafilmfest.com\/41\/es\/historia\/\",\"url\":\"https:\/\/mardelplatafilmfest.com\/41\/es\/historia\/\",\"name\":\"Historia | 41\u00b0 Festival Internacional de cine de Mar del plata\",\"isPartOf\":{\"@id\":\"https:\/\/mardelplatafilmfest.com\/41\/#website\"},\"datePublished\":\"2025-09-13T03:12:42+00:00\",\"dateModified\":\"2026-04-14T14:05:55+00:00\",\"description\":\"Descubr\u00ed la programaci\u00f3n, invitados, pel\u00edculas y actividades del 41\u00b0 Festival Internacional de Cine de Mar del Plata.\",\"breadcrumb\":{\"@id\":\"https:\/\/mardelplatafilmfest.com\/41\/es\/historia\/#breadcrumb\"},\"inLanguage\":\"es-CL\",\"potentialAction\":[{\"@type\":\"ReadAction\",\"target\":[\"https:\/\/mardelplatafilmfest.com\/41\/es\/historia\/\"]}]},{\"@type\":\"BreadcrumbList\",\"@id\":\"https:\/\/mardelplatafilmfest.com\/41\/es\/historia\/#breadcrumb\",\"itemListElement\":[{\"@type\":\"ListItem\",\"position\":1,\"name\":\"Portada\",\"item\":\"https:\/\/mardelplatafilmfest.com\/41\/es\/\"},{\"@type\":\"ListItem\",\"position\":2,\"name\":\"Historia\"}]},{\"@type\":\"WebSite\",\"@id\":\"https:\/\/mardelplatafilmfest.com\/41\/#website\",\"url\":\"https:\/\/mardelplatafilmfest.com\/41\/\",\"name\":\"40\u00b0 Festival Internacional de Cine de Mar del Plata | Sitio Oficial\",\"description\":\"Descubr\u00ed la programaci\u00f3n, invitados, pel\u00edculas y actividades del 40\u00b0 Festival Internacional de Cine de Mar del Plata.\",\"publisher\":{\"@id\":\"https:\/\/mardelplatafilmfest.com\/41\/#organization\"},\"potentialAction\":[{\"@type\":\"SearchAction\",\"target\":{\"@type\":\"EntryPoint\",\"urlTemplate\":\"https:\/\/mardelplatafilmfest.com\/41\/?s={search_term_string}\"},\"query-input\":{\"@type\":\"PropertyValueSpecification\",\"valueRequired\":true,\"valueName\":\"search_term_string\"}}],\"inLanguage\":\"es-CL\"},{\"@type\":\"Organization\",\"@id\":\"https:\/\/mardelplatafilmfest.com\/41\/#organization\",\"name\":\"40\u00b0 Festival Internacional de cine de Mar del plata\",\"url\":\"https:\/\/mardelplatafilmfest.com\/41\/\",\"logo\":{\"@type\":\"ImageObject\",\"inLanguage\":\"es-CL\",\"@id\":\"https:\/\/mardelplatafilmfest.com\/41\/#\/schema\/logo\/image\/\",\"url\":\"https:\/\/mardelplatafilmfest.com\/41\/wp-content\/uploads\/2026\/03\/Logo_MDQFF_41_c_fecha-scaled.png\",\"contentUrl\":\"https:\/\/mardelplatafilmfest.com\/41\/wp-content\/uploads\/2026\/03\/Logo_MDQFF_41_c_fecha-scaled.png\",\"width\":2560,\"height\":1600,\"caption\":\"40\u00b0 Festival Internacional de cine de Mar del plata\"},\"image\":{\"@id\":\"https:\/\/mardelplatafilmfest.com\/41\/#\/schema\/logo\/image\/\"}}]}<\/script>\n<!-- \/ Yoast SEO plugin. -->","yoast_head_json":{"title":"Historia | 41\u00b0 Festival Internacional de cine de Mar del plata","description":"Descubr\u00ed la programaci\u00f3n, invitados, pel\u00edculas y actividades del 41\u00b0 Festival Internacional de Cine de Mar del Plata.","robots":{"index":"index","follow":"follow","max-snippet":"max-snippet:-1","max-image-preview":"max-image-preview:large","max-video-preview":"max-video-preview:-1"},"canonical":"https:\/\/mardelplatafilmfest.com\/41\/es\/historia\/","og_locale":"es_ES","og_type":"article","og_title":"Historia | 41\u00b0 Festival Internacional de cine de Mar del plata","og_description":"Descubr\u00ed la programaci\u00f3n, invitados, pel\u00edculas y actividades del 41\u00b0 Festival Internacional de Cine de Mar del Plata.","og_url":"https:\/\/mardelplatafilmfest.com\/41\/es\/historia\/","og_site_name":"41\u00b0 Festival Internacional de cine de Mar del plata","article_modified_time":"2026-04-14T14:05:55+00:00","og_image":[{"width":1920,"height":782,"url":"https:\/\/mardelplatafilmfest.com\/41\/wp-content\/uploads\/2025\/09\/WEB_Banner_principal-03-1.jpg","type":"image\/jpeg"}],"twitter_card":"summary_large_image","twitter_misc":{"Tiempo estimado de lectura":"6 minutos"},"schema":{"@context":"https:\/\/schema.org","@graph":[{"@type":"WebPage","@id":"https:\/\/mardelplatafilmfest.com\/41\/es\/historia\/","url":"https:\/\/mardelplatafilmfest.com\/41\/es\/historia\/","name":"Historia | 41\u00b0 Festival Internacional de cine de Mar del plata","isPartOf":{"@id":"https:\/\/mardelplatafilmfest.com\/41\/#website"},"datePublished":"2025-09-13T03:12:42+00:00","dateModified":"2026-04-14T14:05:55+00:00","description":"Descubr\u00ed la programaci\u00f3n, invitados, pel\u00edculas y actividades del 41\u00b0 Festival Internacional de Cine de Mar del Plata.","breadcrumb":{"@id":"https:\/\/mardelplatafilmfest.com\/41\/es\/historia\/#breadcrumb"},"inLanguage":"es-CL","potentialAction":[{"@type":"ReadAction","target":["https:\/\/mardelplatafilmfest.com\/41\/es\/historia\/"]}]},{"@type":"BreadcrumbList","@id":"https:\/\/mardelplatafilmfest.com\/41\/es\/historia\/#breadcrumb","itemListElement":[{"@type":"ListItem","position":1,"name":"Portada","item":"https:\/\/mardelplatafilmfest.com\/41\/es\/"},{"@type":"ListItem","position":2,"name":"Historia"}]},{"@type":"WebSite","@id":"https:\/\/mardelplatafilmfest.com\/41\/#website","url":"https:\/\/mardelplatafilmfest.com\/41\/","name":"40\u00b0 Festival Internacional de Cine de Mar del Plata | Sitio Oficial","description":"Descubr\u00ed la programaci\u00f3n, invitados, pel\u00edculas y actividades del 40\u00b0 Festival Internacional de Cine de Mar del Plata.","publisher":{"@id":"https:\/\/mardelplatafilmfest.com\/41\/#organization"},"potentialAction":[{"@type":"SearchAction","target":{"@type":"EntryPoint","urlTemplate":"https:\/\/mardelplatafilmfest.com\/41\/?s={search_term_string}"},"query-input":{"@type":"PropertyValueSpecification","valueRequired":true,"valueName":"search_term_string"}}],"inLanguage":"es-CL"},{"@type":"Organization","@id":"https:\/\/mardelplatafilmfest.com\/41\/#organization","name":"40\u00b0 Festival Internacional de cine de Mar del plata","url":"https:\/\/mardelplatafilmfest.com\/41\/","logo":{"@type":"ImageObject","inLanguage":"es-CL","@id":"https:\/\/mardelplatafilmfest.com\/41\/#\/schema\/logo\/image\/","url":"https:\/\/mardelplatafilmfest.com\/41\/wp-content\/uploads\/2026\/03\/Logo_MDQFF_41_c_fecha-scaled.png","contentUrl":"https:\/\/mardelplatafilmfest.com\/41\/wp-content\/uploads\/2026\/03\/Logo_MDQFF_41_c_fecha-scaled.png","width":2560,"height":1600,"caption":"40\u00b0 Festival Internacional de cine de Mar del plata"},"image":{"@id":"https:\/\/mardelplatafilmfest.com\/41\/#\/schema\/logo\/image\/"}}]}},"_links":{"self":[{"href":"https:\/\/mardelplatafilmfest.com\/41\/wp-json\/wp\/v2\/pages\/324","targetHints":{"allow":["GET"]}}],"collection":[{"href":"https:\/\/mardelplatafilmfest.com\/41\/wp-json\/wp\/v2\/pages"}],"about":[{"href":"https:\/\/mardelplatafilmfest.com\/41\/wp-json\/wp\/v2\/types\/page"}],"author":[{"embeddable":true,"href":"https:\/\/mardelplatafilmfest.com\/41\/wp-json\/wp\/v2\/users\/1"}],"replies":[{"embeddable":true,"href":"https:\/\/mardelplatafilmfest.com\/41\/wp-json\/wp\/v2\/comments?post=324"}],"version-history":[{"count":1,"href":"https:\/\/mardelplatafilmfest.com\/41\/wp-json\/wp\/v2\/pages\/324\/revisions"}],"predecessor-version":[{"id":2719,"href":"https:\/\/mardelplatafilmfest.com\/41\/wp-json\/wp\/v2\/pages\/324\/revisions\/2719"}],"wp:attachment":[{"href":"https:\/\/mardelplatafilmfest.com\/41\/wp-json\/wp\/v2\/media?parent=324"}],"curies":[{"name":"wp","href":"https:\/\/api.w.org\/{rel}","templated":true}]}}