{"id":334,"date":"2025-09-13T03:20:34","date_gmt":"2025-09-13T03:20:34","guid":{"rendered":"https:\/\/sitio1.unbcorp.cl\/Fest\/?page_id=334"},"modified":"2026-04-15T12:49:14","modified_gmt":"2026-04-15T12:49:14","slug":"photos","status":"publish","type":"page","link":"https:\/\/mardelplatafilmfest.com\/41\/en\/photos\/","title":{"rendered":"Photos by day"},"content":{"rendered":"\n<h2 class=\"wp-block-heading\">PHOTOS BY DAY \u2013 40\u00b0 Festival Mar del Plata, a\u00f1o 2025<\/h2>\n\n\n<h4>FOTOS X D\u00cdA<\/h4><div class=\"fpd-grid\"><a class=\"fpd-card\" href=\"https:\/\/mardelplatafilmfest.com\/41\/en\/photos\/?dia=jueves-6\"><img decoding=\"async\" src=\"https:\/\/mardelplatafilmfest.com\/41\/wp-content\/uploads\/2025\/11\/edit10-1-1024x768.jpg\" alt=\"\"><span class=\"fpd-label\">Jueves 6<\/span><\/a><a class=\"fpd-card\" href=\"https:\/\/mardelplatafilmfest.com\/41\/en\/photos\/?dia=thursday-6\"><img decoding=\"async\" src=\"https:\/\/mardelplatafilmfest.com\/41\/wp-content\/uploads\/2025\/11\/edit10-1-1024x768.jpg\" alt=\"\"><span class=\"fpd-label\">Thursday 6<\/span><\/a><a class=\"fpd-card\" href=\"https:\/\/mardelplatafilmfest.com\/41\/en\/photos\/?dia=friday-7\"><img decoding=\"async\" src=\"https:\/\/mardelplatafilmfest.com\/41\/wp-content\/uploads\/2025\/11\/MiniDia2-1024x768.jpg\" alt=\"\"><span class=\"fpd-label\">Friday 7<\/span><\/a><a class=\"fpd-card\" href=\"https:\/\/mardelplatafilmfest.com\/41\/en\/photos\/?dia=viernes-7\"><img decoding=\"async\" src=\"https:\/\/mardelplatafilmfest.com\/41\/wp-content\/uploads\/2025\/11\/MiniDia2-1024x768.jpg\" alt=\"\"><span class=\"fpd-label\">Viernes 7<\/span><\/a><a class=\"fpd-card\" href=\"https:\/\/mardelplatafilmfest.com\/41\/en\/photos\/?dia=sabado-8\"><img decoding=\"async\" src=\"https:\/\/mardelplatafilmfest.com\/41\/wp-content\/uploads\/2025\/11\/MiniDia3-1024x768.jpg\" alt=\"\"><span class=\"fpd-label\">S\u00e1bado 8<\/span><\/a><a class=\"fpd-card\" href=\"https:\/\/mardelplatafilmfest.com\/41\/en\/photos\/?dia=saturday-8\"><img decoding=\"async\" src=\"https:\/\/mardelplatafilmfest.com\/41\/wp-content\/uploads\/2025\/11\/MiniDia3-1024x768.jpg\" alt=\"\"><span class=\"fpd-label\">Saturday 8<\/span><\/a><a class=\"fpd-card\" href=\"https:\/\/mardelplatafilmfest.com\/41\/en\/photos\/?dia=domingo-9\"><img decoding=\"async\" src=\"https:\/\/mardelplatafilmfest.com\/41\/wp-content\/uploads\/2025\/11\/MiniDia01-1024x768.jpg\" alt=\"\"><span class=\"fpd-label\">Domingo 9<\/span><\/a><a class=\"fpd-card\" href=\"https:\/\/mardelplatafilmfest.com\/41\/en\/photos\/?dia=sunday-9\"><img decoding=\"async\" src=\"https:\/\/mardelplatafilmfest.com\/41\/wp-content\/uploads\/2025\/11\/MiniDia01-1024x768.jpg\" alt=\"\"><span class=\"fpd-label\">Sunday 9<\/span><\/a><a class=\"fpd-card\" href=\"https:\/\/mardelplatafilmfest.com\/41\/en\/photos\/?dia=lunes-10\"><img decoding=\"async\" src=\"https:\/\/mardelplatafilmfest.com\/41\/wp-content\/uploads\/2025\/11\/05c-1024x768.jpg\" alt=\"\"><span class=\"fpd-label\">Lunes 10<\/span><\/a><a class=\"fpd-card\" href=\"https:\/\/mardelplatafilmfest.com\/41\/en\/photos\/?dia=monday-10\"><img decoding=\"async\" src=\"https:\/\/mardelplatafilmfest.com\/41\/wp-content\/uploads\/2025\/11\/05c-1024x768.jpg\" alt=\"\"><span class=\"fpd-label\">Monday 10<\/span><\/a><a class=\"fpd-card\" href=\"https:\/\/mardelplatafilmfest.com\/41\/en\/photos\/?dia=martes-11\"><img decoding=\"async\" src=\"https:\/\/mardelplatafilmfest.com\/41\/wp-content\/uploads\/2025\/11\/MiniDia11-1024x768.jpg\" alt=\"\"><span class=\"fpd-label\">Martes 11<\/span><\/a><a class=\"fpd-card\" href=\"https:\/\/mardelplatafilmfest.com\/41\/en\/photos\/?dia=tuesday-11\"><img decoding=\"async\" src=\"https:\/\/mardelplatafilmfest.com\/41\/wp-content\/uploads\/2025\/11\/MiniDia11-1024x768.jpg\" alt=\"\"><span class=\"fpd-label\">Tuesday 11<\/span><\/a><a class=\"fpd-card\" href=\"https:\/\/mardelplatafilmfest.com\/41\/en\/photos\/?dia=miercoles-12\"><img decoding=\"async\" src=\"https:\/\/mardelplatafilmfest.com\/41\/wp-content\/uploads\/2025\/11\/MiniDia-1024x768.jpg\" alt=\"\"><span class=\"fpd-label\">Mi\u00e9rcoles 12<\/span><\/a><a class=\"fpd-card\" href=\"https:\/\/mardelplatafilmfest.com\/41\/en\/photos\/?dia=wednesday-12\"><img decoding=\"async\" src=\"https:\/\/mardelplatafilmfest.com\/41\/wp-content\/uploads\/2025\/11\/MiniDia-1024x768.jpg\" alt=\"\"><span class=\"fpd-label\">Wednesday 12<\/span><\/a><a class=\"fpd-card\" href=\"https:\/\/mardelplatafilmfest.com\/41\/en\/photos\/?dia=jueves-13\"><img decoding=\"async\" src=\"https:\/\/mardelplatafilmfest.com\/41\/wp-content\/uploads\/2025\/11\/MiniDia-1-1024x768.jpg\" alt=\"\"><span class=\"fpd-label\">Jueves 13<\/span><\/a><a class=\"fpd-card\" href=\"https:\/\/mardelplatafilmfest.com\/41\/en\/photos\/?dia=thursday-13\"><img decoding=\"async\" src=\"https:\/\/mardelplatafilmfest.com\/41\/wp-content\/uploads\/2025\/11\/MiniDia-1-1024x768.jpg\" alt=\"\"><span class=\"fpd-label\">Thursday 13<\/span><\/a><a class=\"fpd-card\" href=\"https:\/\/mardelplatafilmfest.com\/41\/en\/photos\/?dia=friday-14\"><img decoding=\"async\" src=\"https:\/\/mardelplatafilmfest.com\/41\/wp-content\/uploads\/2025\/11\/MiniDia1-1024x768.jpg\" alt=\"\"><span class=\"fpd-label\">Friday 14<\/span><\/a><a class=\"fpd-card\" href=\"https:\/\/mardelplatafilmfest.com\/41\/en\/photos\/?dia=viernes-14\"><img decoding=\"async\" src=\"https:\/\/mardelplatafilmfest.com\/41\/wp-content\/uploads\/2025\/11\/MiniDia1-1024x768.jpg\" alt=\"\"><span class=\"fpd-label\">Viernes 14<\/span><\/a><a class=\"fpd-card\" href=\"https:\/\/mardelplatafilmfest.com\/41\/en\/photos\/?dia=sabado-15\"><img decoding=\"async\" src=\"https:\/\/mardelplatafilmfest.com\/41\/wp-content\/uploads\/2025\/11\/dia1-1024x768.jpg\" alt=\"\"><span class=\"fpd-label\">S\u00e1bado 15<\/span><\/a><a class=\"fpd-card\" href=\"https:\/\/mardelplatafilmfest.com\/41\/en\/photos\/?dia=saturday-15\"><img decoding=\"async\" src=\"https:\/\/mardelplatafilmfest.com\/41\/wp-content\/uploads\/2025\/11\/dia1-1024x768.jpg\" alt=\"\"><span class=\"fpd-label\">Saturday 15<\/span><\/a><\/div>\n\n\n\n<p><\/p>\n","protected":false},"excerpt":{"rendered":"<p>PHOTOS BY DAY \u2013 40\u00b0 Festival Mar del Plata, a\u00f1o 2025<\/p>\n","protected":false},"author":1,"featured_media":0,"parent":0,"menu_order":0,"comment_status":"closed","ping_status":"closed","template":"","meta":{"_acf_changed":false,"footnotes":""},"class_list":["post-334","page","type-page","status-publish","hentry"],"blocksy_meta":[],"acf":[],"yoast_head":"<!-- This site is optimized with the Yoast SEO plugin v26.1.1 - https:\/\/yoast.com\/wordpress\/plugins\/seo\/ -->\n<title>Photos by day | 41\u00b0 Festival Internacional de cine de Mar del plata<\/title>\n<meta name=\"description\" content=\"Descubr\u00ed la programaci\u00f3n, invitados, pel\u00edculas y actividades del 40\u00b0 Festival Internacional de Cine de Mar del Plata.\" \/>\n<meta name=\"robots\" content=\"index, follow, max-snippet:-1, max-image-preview:large, max-video-preview:-1\" \/>\n<link rel=\"canonical\" href=\"https:\/\/mardelplatafilmfest.com\/41\/en\/photos\/\" \/>\n<meta property=\"og:locale\" content=\"es_ES\" \/>\n<meta property=\"og:type\" content=\"article\" \/>\n<meta property=\"og:title\" content=\"Photos by day | 41\u00b0 Festival Internacional de cine de Mar del plata\" \/>\n<meta property=\"og:description\" content=\"Descubr\u00ed la programaci\u00f3n, invitados, pel\u00edculas y actividades del 40\u00b0 Festival Internacional de Cine de Mar del Plata.\" \/>\n<meta property=\"og:url\" content=\"https:\/\/mardelplatafilmfest.com\/41\/en\/photos\/\" \/>\n<meta property=\"og:site_name\" content=\"41\u00b0 Festival Internacional de cine de Mar del plata\" \/>\n<meta property=\"article:modified_time\" content=\"2026-04-15T12:49:14+00:00\" \/>\n<meta property=\"og:image\" content=\"https:\/\/mardelplatafilmfest.com\/41\/wp-content\/uploads\/2025\/09\/WEB_Banner_principal-03-1.jpg\" \/>\n\t<meta property=\"og:image:width\" content=\"1920\" \/>\n\t<meta property=\"og:image:height\" content=\"782\" \/>\n\t<meta property=\"og:image:type\" content=\"image\/jpeg\" \/>\n<meta name=\"twitter:card\" content=\"summary_large_image\" \/>\n<meta name=\"twitter:label1\" content=\"Tiempo estimado de lectura\" \/>\n\t<meta name=\"twitter:data1\" content=\"1 minuto\" \/>\n<script type=\"application\/ld+json\" class=\"yoast-schema-graph\">{\"@context\":\"https:\/\/schema.org\",\"@graph\":[{\"@type\":\"WebPage\",\"@id\":\"https:\/\/mardelplatafilmfest.com\/41\/en\/photos\/\",\"url\":\"https:\/\/mardelplatafilmfest.com\/41\/en\/photos\/\",\"name\":\"Photos by day | 41\u00b0 Festival Internacional de cine de Mar del plata\",\"isPartOf\":{\"@id\":\"https:\/\/mardelplatafilmfest.com\/41\/#website\"},\"datePublished\":\"2025-09-13T03:20:34+00:00\",\"dateModified\":\"2026-04-15T12:49:14+00:00\",\"description\":\"Descubr\u00ed la programaci\u00f3n, invitados, pel\u00edculas y actividades del 40\u00b0 Festival Internacional de Cine de Mar del Plata.\",\"breadcrumb\":{\"@id\":\"https:\/\/mardelplatafilmfest.com\/41\/en\/photos\/#breadcrumb\"},\"inLanguage\":\"es-CL\",\"potentialAction\":[{\"@type\":\"ReadAction\",\"target\":[\"https:\/\/mardelplatafilmfest.com\/41\/en\/photos\/\"]}]},{\"@type\":\"BreadcrumbList\",\"@id\":\"https:\/\/mardelplatafilmfest.com\/41\/en\/photos\/#breadcrumb\",\"itemListElement\":[{\"@type\":\"ListItem\",\"position\":1,\"name\":\"Portada\",\"item\":\"https:\/\/mardelplatafilmfest.com\/41\/es\/\"},{\"@type\":\"ListItem\",\"position\":2,\"name\":\"Photos by day\"}]},{\"@type\":\"WebSite\",\"@id\":\"https:\/\/mardelplatafilmfest.com\/41\/#website\",\"url\":\"https:\/\/mardelplatafilmfest.com\/41\/\",\"name\":\"40\u00b0 Festival Internacional de Cine de Mar del Plata | Sitio Oficial\",\"description\":\"Descubr\u00ed la programaci\u00f3n, invitados, pel\u00edculas y actividades del 40\u00b0 Festival Internacional de Cine de Mar del Plata.\",\"publisher\":{\"@id\":\"https:\/\/mardelplatafilmfest.com\/41\/#organization\"},\"potentialAction\":[{\"@type\":\"SearchAction\",\"target\":{\"@type\":\"EntryPoint\",\"urlTemplate\":\"https:\/\/mardelplatafilmfest.com\/41\/?s={search_term_string}\"},\"query-input\":{\"@type\":\"PropertyValueSpecification\",\"valueRequired\":true,\"valueName\":\"search_term_string\"}}],\"inLanguage\":\"es-CL\"},{\"@type\":\"Organization\",\"@id\":\"https:\/\/mardelplatafilmfest.com\/41\/#organization\",\"name\":\"40\u00b0 Festival Internacional de cine de Mar del plata\",\"url\":\"https:\/\/mardelplatafilmfest.com\/41\/\",\"logo\":{\"@type\":\"ImageObject\",\"inLanguage\":\"es-CL\",\"@id\":\"https:\/\/mardelplatafilmfest.com\/41\/#\/schema\/logo\/image\/\",\"url\":\"https:\/\/mardelplatafilmfest.com\/41\/wp-content\/uploads\/2026\/03\/Logo_MDQFF_41_c_fecha-scaled.png\",\"contentUrl\":\"https:\/\/mardelplatafilmfest.com\/41\/wp-content\/uploads\/2026\/03\/Logo_MDQFF_41_c_fecha-scaled.png\",\"width\":2560,\"height\":1600,\"caption\":\"40\u00b0 Festival Internacional de cine de Mar del plata\"},\"image\":{\"@id\":\"https:\/\/mardelplatafilmfest.com\/41\/#\/schema\/logo\/image\/\"}}]}<\/script>\n<!-- \/ Yoast SEO plugin. -->","yoast_head_json":{"title":"Photos by day | 41\u00b0 Festival Internacional de cine de Mar del plata","description":"Descubr\u00ed la programaci\u00f3n, invitados, pel\u00edculas y actividades del 40\u00b0 Festival Internacional de Cine de Mar del Plata.","robots":{"index":"index","follow":"follow","max-snippet":"max-snippet:-1","max-image-preview":"max-image-preview:large","max-video-preview":"max-video-preview:-1"},"canonical":"https:\/\/mardelplatafilmfest.com\/41\/en\/photos\/","og_locale":"es_ES","og_type":"article","og_title":"Photos by day | 41\u00b0 Festival Internacional de cine de Mar del plata","og_description":"Descubr\u00ed la programaci\u00f3n, invitados, pel\u00edculas y actividades del 40\u00b0 Festival Internacional de Cine de Mar del Plata.","og_url":"https:\/\/mardelplatafilmfest.com\/41\/en\/photos\/","og_site_name":"41\u00b0 Festival Internacional de cine de Mar del plata","article_modified_time":"2026-04-15T12:49:14+00:00","og_image":[{"width":1920,"height":782,"url":"https:\/\/mardelplatafilmfest.com\/41\/wp-content\/uploads\/2025\/09\/WEB_Banner_principal-03-1.jpg","type":"image\/jpeg"}],"twitter_card":"summary_large_image","twitter_misc":{"Tiempo estimado de lectura":"1 minuto"},"schema":{"@context":"https:\/\/schema.org","@graph":[{"@type":"WebPage","@id":"https:\/\/mardelplatafilmfest.com\/41\/en\/photos\/","url":"https:\/\/mardelplatafilmfest.com\/41\/en\/photos\/","name":"Photos by day | 41\u00b0 Festival Internacional de cine de Mar del plata","isPartOf":{"@id":"https:\/\/mardelplatafilmfest.com\/41\/#website"},"datePublished":"2025-09-13T03:20:34+00:00","dateModified":"2026-04-15T12:49:14+00:00","description":"Descubr\u00ed la programaci\u00f3n, invitados, pel\u00edculas y actividades del 40\u00b0 Festival Internacional de Cine de Mar del Plata.","breadcrumb":{"@id":"https:\/\/mardelplatafilmfest.com\/41\/en\/photos\/#breadcrumb"},"inLanguage":"es-CL","potentialAction":[{"@type":"ReadAction","target":["https:\/\/mardelplatafilmfest.com\/41\/en\/photos\/"]}]},{"@type":"BreadcrumbList","@id":"https:\/\/mardelplatafilmfest.com\/41\/en\/photos\/#breadcrumb","itemListElement":[{"@type":"ListItem","position":1,"name":"Portada","item":"https:\/\/mardelplatafilmfest.com\/41\/es\/"},{"@type":"ListItem","position":2,"name":"Photos by day"}]},{"@type":"WebSite","@id":"https:\/\/mardelplatafilmfest.com\/41\/#website","url":"https:\/\/mardelplatafilmfest.com\/41\/","name":"40\u00b0 Festival Internacional de Cine de Mar del Plata | Sitio Oficial","description":"Descubr\u00ed la programaci\u00f3n, invitados, pel\u00edculas y actividades del 40\u00b0 Festival Internacional de Cine de Mar del Plata.","publisher":{"@id":"https:\/\/mardelplatafilmfest.com\/41\/#organization"},"potentialAction":[{"@type":"SearchAction","target":{"@type":"EntryPoint","urlTemplate":"https:\/\/mardelplatafilmfest.com\/41\/?s={search_term_string}"},"query-input":{"@type":"PropertyValueSpecification","valueRequired":true,"valueName":"search_term_string"}}],"inLanguage":"es-CL"},{"@type":"Organization","@id":"https:\/\/mardelplatafilmfest.com\/41\/#organization","name":"40\u00b0 Festival Internacional de cine de Mar del plata","url":"https:\/\/mardelplatafilmfest.com\/41\/","logo":{"@type":"ImageObject","inLanguage":"es-CL","@id":"https:\/\/mardelplatafilmfest.com\/41\/#\/schema\/logo\/image\/","url":"https:\/\/mardelplatafilmfest.com\/41\/wp-content\/uploads\/2026\/03\/Logo_MDQFF_41_c_fecha-scaled.png","contentUrl":"https:\/\/mardelplatafilmfest.com\/41\/wp-content\/uploads\/2026\/03\/Logo_MDQFF_41_c_fecha-scaled.png","width":2560,"height":1600,"caption":"40\u00b0 Festival Internacional de cine de Mar del plata"},"image":{"@id":"https:\/\/mardelplatafilmfest.com\/41\/#\/schema\/logo\/image\/"}}]}},"_links":{"self":[{"href":"https:\/\/mardelplatafilmfest.com\/41\/wp-json\/wp\/v2\/pages\/334","targetHints":{"allow":["GET"]}}],"collection":[{"href":"https:\/\/mardelplatafilmfest.com\/41\/wp-json\/wp\/v2\/pages"}],"about":[{"href":"https:\/\/mardelplatafilmfest.com\/41\/wp-json\/wp\/v2\/types\/page"}],"author":[{"embeddable":true,"href":"https:\/\/mardelplatafilmfest.com\/41\/wp-json\/wp\/v2\/users\/1"}],"replies":[{"embeddable":true,"href":"https:\/\/mardelplatafilmfest.com\/41\/wp-json\/wp\/v2\/comments?post=334"}],"version-history":[{"count":4,"href":"https:\/\/mardelplatafilmfest.com\/41\/wp-json\/wp\/v2\/pages\/334\/revisions"}],"predecessor-version":[{"id":2798,"href":"https:\/\/mardelplatafilmfest.com\/41\/wp-json\/wp\/v2\/pages\/334\/revisions\/2798"}],"wp:attachment":[{"href":"https:\/\/mardelplatafilmfest.com\/41\/wp-json\/wp\/v2\/media?parent=334"}],"curies":[{"name":"wp","href":"https:\/\/api.w.org\/{rel}","templated":true}]}}