{"id":826,"date":"2025-09-28T16:33:47","date_gmt":"2025-09-28T16:33:47","guid":{"rendered":"https:\/\/sitio1.unbcorp.cl\/Fest\/?page_id=826"},"modified":"2026-04-15T13:41:02","modified_gmt":"2026-04-15T13:41:02","slug":"venues","status":"publish","type":"page","link":"https:\/\/mardelplatafilmfest.com\/41\/en\/venues\/","title":{"rendered":"Venues"},"content":{"rendered":"\n<p class=\"has-large-font-size\"><strong>Venues &#8211; <strong>40\u00b0 Festival Mar del Plata | 2025<\/strong><\/strong><\/p>\n\n\n\n<div class=\"wp-block-columns is-layout-flex wp-container-core-columns-is-layout-28f84493 wp-block-columns-is-layout-flex\">\n<div class=\"wp-block-column is-layout-flow wp-block-column-is-layout-flow\">\n<div class=\"wp-block-group is-layout-constrained wp-block-group-is-layout-constrained\">\n<h2 class=\"wp-block-heading\">Teatro Auditorium<\/h2>\n\n\n\n<p>Av. Peralta Ramos 2280, Mar del Plata, Provincia de Buenos Aires, Argentina<\/p>\n\n\n\n<iframe src=\"https:\/\/www.google.com\/maps\/embed?pb=!1m18!1m12!1m3!1d3738.6442322626526!2d-57.54509785977319!3d-38.0048329439655!2m3!1f0!2f0!3f0!3m2!1i1024!2i768!4f13.1!3m3!1m2!1s0x9584dc19d9eeb26d%3A0x3eda8fe2be781e08!2sTeatro%20Auditorium%20Centro%20Provincial%20de%20las%20Artes!5e0!3m2!1ses-419!2scl!4v1758718915786!5m2!1ses-419!2scl\" width=\"600\" height=\"450\" style=\"border:0;\" allowfullscreen=\"\" loading=\"lazy\" referrerpolicy=\"no-referrer-when-downgrade\"><\/iframe>\n<\/div>\n<\/div>\n\n\n\n<div class=\"wp-block-column is-layout-flow wp-block-column-is-layout-flow\">\n<div class=\"wp-block-group is-layout-constrained wp-block-group-is-layout-constrained\">\n<h2 class=\"wp-block-heading\">Paseo Aldrey<\/h2>\n\n\n\n<p>Sarmiento 2685, Mar del Plata, Provincia de Buenos Aires, Argentina<\/p>\n\n\n\n<iframe src=\"https:\/\/www.google.com\/maps\/embed?pb=!1m18!1m12!1m3!1d3143.4924735267696!2d-57.543921000000005!3d-38.012297!2m3!1f0!2f0!3f0!3m2!1i1024!2i768!4f13.1!3m3!1m2!1s0x9584dc236f80b29d%3A0x38c968d4d3626b6f!2sPaseo%20Aldrey%20Shopping!5e0!3m2!1ses!2sar!4v1759076901653!5m2!1ses!2sar\" width=\"600\" height=\"450\" style=\"border:0;\" allowfullscreen=\"\" loading=\"lazy\" referrerpolicy=\"no-referrer-when-downgrade\"><\/iframe>\n<\/div>\n<\/div>\n<\/div>\n\n\n\n<div class=\"wp-block-columns is-layout-flex wp-container-core-columns-is-layout-28f84493 wp-block-columns-is-layout-flex\">\n<div class=\"wp-block-column is-layout-flow wp-block-column-is-layout-flow\">\n<div class=\"wp-block-group is-layout-constrained wp-block-group-is-layout-constrained\">\n<h2 class=\"wp-block-heading\">Cine Ambassador<\/h2>\n\n\n\n<p>C\u00f3rdoba 1673, Mar del Plata, Provincia de Buenos Aires, Argentina<\/p>\n\n\n\n<iframe src=\"https:\/\/www.google.com\/maps\/embed?pb=!1m18!1m12!1m3!1d3144.0551127101535!2d-57.5493682242959!3d-37.999174944656986!2m3!1f0!2f0!3f0!3m2!1i1024!2i768!4f13.1!3m3!1m2!1s0x9584dc04b3d4910f%3A0xa6cc3a38dfd1e21e!2sCine%20Ambassador%20-%20Cinemacenter!5e0!3m2!1ses!2sar!4v1759076963252!5m2!1ses!2sar\" width=\"600\" height=\"450\" style=\"border:0;\" allowfullscreen=\"\" loading=\"lazy\" referrerpolicy=\"no-referrer-when-downgrade\"><\/iframe>\n<\/div>\n\n\n\n<div class=\"wp-block-group is-layout-constrained wp-block-group-is-layout-constrained\">\n<h2 class=\"wp-block-heading\">Villa Victoria<\/h2>\n\n\n\n<p>Matheu 1851, Mar del Plata, Provincia de Buenos Aires, Argentina<\/p>\n\n\n\n<iframe src=\"https:\/\/www.google.com\/maps\/embed?pb=!1m18!1m12!1m3!1d3143.1756315663533!2d-57.55268909999999!3d-38.0196848!2m3!1f0!2f0!3f0!3m2!1i1024!2i768!4f13.1!3m3!1m2!1s0x9584de9d64ad3aa1%3A0xe8cfffbf3ea03ce3!2sCentro%20Cultural%20Victoria%20Ocampo%20(Villa%20Victoria)!5e0!3m2!1ses!2sar!4v1759464249616!5m2!1ses!2sar\" width=\"600\" height=\"450\" style=\"border:0;\" allowfullscreen=\"\" loading=\"lazy\" referrerpolicy=\"no-referrer-when-downgrade\"><\/iframe>\n<\/div>\n<\/div>\n\n\n\n<div class=\"wp-block-column is-layout-flow wp-block-column-is-layout-flow\">\n<div class=\"wp-block-group is-layout-constrained wp-block-group-is-layout-constrained\">\n<h2 class=\"wp-block-heading\">Teatro Col\u00f3n<\/h2>\n\n\n\n<p>Hip\u00f3lito Yrigoyen 1665, Mar del Plata, Provincia de Buenos Aires, Argentina<\/p>\n\n\n\n<iframe src=\"https:\/\/www.google.com\/maps\/embed?pb=!1m18!1m12!1m3!1d3144.1228037777432!2d-57.55467681694631!3d-37.99759597217397!2m3!1f0!2f0!3f0!3m2!1i1024!2i768!4f13.1!3m3!1m2!1s0x9584dc03a51a8c8f%3A0xb0201e79a2dd0fa8!2sTeatro%20Municipal%20Col%C3%B3n!5e0!3m2!1ses!2sar!4v1759077014198!5m2!1ses!2sar\" width=\"600\" height=\"450\" style=\"border:0;\" allowfullscreen=\"\" loading=\"lazy\" referrerpolicy=\"no-referrer-when-downgrade\"><\/iframe>\n<\/div>\n\n\n\n<div class=\"wp-block-group is-layout-constrained wp-block-group-is-layout-constrained\">\n<h2 class=\"wp-block-heading\">Casino Central<\/h2>\n\n\n\n<p>Av. Peralta Ramos 2148, Mar del Plata, Provincia de Buenos Aires, Argentina<\/p>\n\n\n\n<iframe src=\"https:\/\/www.google.com\/maps\/embed?pb=!1m18!1m12!1m3!1d3143.8416090397695!2d-57.54227040000001!3d-38.0041548!2m3!1f0!2f0!3f0!3m2!1i1024!2i768!4f13.1!3m3!1m2!1s0x9584defaf42b3daf%3A0x47e0a4f5da457b2b!2sCasinos%20de%20la%20Provincia!5e0!3m2!1ses!2sar!4v1761829365288!5m2!1ses!2sar\" width=\"600\" height=\"450\" style=\"border:0;\" allowfullscreen=\"\" loading=\"lazy\" referrerpolicy=\"no-referrer-when-downgrade\"><\/iframe>\n<\/div>\n<\/div>\n<\/div>\n\n\n\n<p><\/p>\n","protected":false},"excerpt":{"rendered":"<p>Venues &#8211; 40\u00b0 Festival Mar del Plata | 2025 Teatro Auditorium Av. Peralta Ramos 2280, Mar del Plata, Provincia de Buenos Aires, Argentina Paseo Aldrey Sarmiento 2685, Mar del Plata, Provincia de Buenos Aires, Argentina Cine Ambassador C\u00f3rdoba 1673, Mar del Plata, Provincia de Buenos Aires, Argentina Villa Victoria Matheu 1851, Mar del Plata, Provincia [&hellip;]<\/p>\n","protected":false},"author":3,"featured_media":0,"parent":0,"menu_order":0,"comment_status":"closed","ping_status":"closed","template":"","meta":{"_acf_changed":false,"footnotes":""},"class_list":["post-826","page","type-page","status-publish","hentry"],"blocksy_meta":[],"acf":[],"yoast_head":"<!-- This site is optimized with the Yoast SEO plugin v26.1.1 - https:\/\/yoast.com\/wordpress\/plugins\/seo\/ -->\n<title>Venues | 41\u00b0 Festival Internacional de cine de Mar del plata<\/title>\n<meta name=\"description\" content=\"Descubr\u00ed la programaci\u00f3n, invitados, pel\u00edculas y actividades del 40\u00b0 Festival Internacional de Cine de Mar del Plata.\" \/>\n<meta name=\"robots\" content=\"index, follow, max-snippet:-1, max-image-preview:large, max-video-preview:-1\" \/>\n<link rel=\"canonical\" href=\"https:\/\/mardelplatafilmfest.com\/41\/en\/venues\/\" \/>\n<meta property=\"og:locale\" content=\"es_ES\" \/>\n<meta property=\"og:type\" content=\"article\" \/>\n<meta property=\"og:title\" content=\"Venues | 41\u00b0 Festival Internacional de cine de Mar del plata\" \/>\n<meta property=\"og:description\" content=\"Descubr\u00ed la programaci\u00f3n, invitados, pel\u00edculas y actividades del 40\u00b0 Festival Internacional de Cine de Mar del Plata.\" \/>\n<meta property=\"og:url\" content=\"https:\/\/mardelplatafilmfest.com\/41\/en\/venues\/\" \/>\n<meta property=\"og:site_name\" content=\"41\u00b0 Festival Internacional de cine de Mar del plata\" \/>\n<meta property=\"article:modified_time\" content=\"2026-04-15T13:41:02+00:00\" \/>\n<meta property=\"og:image\" content=\"https:\/\/mardelplatafilmfest.com\/41\/wp-content\/uploads\/2025\/09\/WEB_Banner_principal-03-1.jpg\" \/>\n\t<meta property=\"og:image:width\" content=\"1920\" \/>\n\t<meta property=\"og:image:height\" content=\"782\" \/>\n\t<meta property=\"og:image:type\" content=\"image\/jpeg\" \/>\n<meta name=\"twitter:card\" content=\"summary_large_image\" \/>\n<meta name=\"twitter:label1\" content=\"Tiempo estimado de lectura\" \/>\n\t<meta name=\"twitter:data1\" content=\"1 minuto\" \/>\n<script type=\"application\/ld+json\" class=\"yoast-schema-graph\">{\"@context\":\"https:\/\/schema.org\",\"@graph\":[{\"@type\":\"WebPage\",\"@id\":\"https:\/\/mardelplatafilmfest.com\/41\/en\/venues\/\",\"url\":\"https:\/\/mardelplatafilmfest.com\/41\/en\/venues\/\",\"name\":\"Venues | 41\u00b0 Festival Internacional de cine de Mar del plata\",\"isPartOf\":{\"@id\":\"https:\/\/mardelplatafilmfest.com\/41\/#website\"},\"datePublished\":\"2025-09-28T16:33:47+00:00\",\"dateModified\":\"2026-04-15T13:41:02+00:00\",\"description\":\"Descubr\u00ed la programaci\u00f3n, invitados, pel\u00edculas y actividades del 40\u00b0 Festival Internacional de Cine de Mar del Plata.\",\"breadcrumb\":{\"@id\":\"https:\/\/mardelplatafilmfest.com\/41\/en\/venues\/#breadcrumb\"},\"inLanguage\":\"es-CL\",\"potentialAction\":[{\"@type\":\"ReadAction\",\"target\":[\"https:\/\/mardelplatafilmfest.com\/41\/en\/venues\/\"]}]},{\"@type\":\"BreadcrumbList\",\"@id\":\"https:\/\/mardelplatafilmfest.com\/41\/en\/venues\/#breadcrumb\",\"itemListElement\":[{\"@type\":\"ListItem\",\"position\":1,\"name\":\"Portada\",\"item\":\"https:\/\/mardelplatafilmfest.com\/41\/es\/\"},{\"@type\":\"ListItem\",\"position\":2,\"name\":\"Venues\"}]},{\"@type\":\"WebSite\",\"@id\":\"https:\/\/mardelplatafilmfest.com\/41\/#website\",\"url\":\"https:\/\/mardelplatafilmfest.com\/41\/\",\"name\":\"40\u00b0 Festival Internacional de Cine de Mar del Plata | Sitio Oficial\",\"description\":\"Descubr\u00ed la programaci\u00f3n, invitados, pel\u00edculas y actividades del 40\u00b0 Festival Internacional de Cine de Mar del Plata.\",\"publisher\":{\"@id\":\"https:\/\/mardelplatafilmfest.com\/41\/#organization\"},\"potentialAction\":[{\"@type\":\"SearchAction\",\"target\":{\"@type\":\"EntryPoint\",\"urlTemplate\":\"https:\/\/mardelplatafilmfest.com\/41\/?s={search_term_string}\"},\"query-input\":{\"@type\":\"PropertyValueSpecification\",\"valueRequired\":true,\"valueName\":\"search_term_string\"}}],\"inLanguage\":\"es-CL\"},{\"@type\":\"Organization\",\"@id\":\"https:\/\/mardelplatafilmfest.com\/41\/#organization\",\"name\":\"40\u00b0 Festival Internacional de cine de Mar del plata\",\"url\":\"https:\/\/mardelplatafilmfest.com\/41\/\",\"logo\":{\"@type\":\"ImageObject\",\"inLanguage\":\"es-CL\",\"@id\":\"https:\/\/mardelplatafilmfest.com\/41\/#\/schema\/logo\/image\/\",\"url\":\"https:\/\/mardelplatafilmfest.com\/41\/wp-content\/uploads\/2026\/03\/Logo_MDQFF_41_c_fecha-scaled.png\",\"contentUrl\":\"https:\/\/mardelplatafilmfest.com\/41\/wp-content\/uploads\/2026\/03\/Logo_MDQFF_41_c_fecha-scaled.png\",\"width\":2560,\"height\":1600,\"caption\":\"40\u00b0 Festival Internacional de cine de Mar del plata\"},\"image\":{\"@id\":\"https:\/\/mardelplatafilmfest.com\/41\/#\/schema\/logo\/image\/\"}}]}<\/script>\n<!-- \/ Yoast SEO plugin. -->","yoast_head_json":{"title":"Venues | 41\u00b0 Festival Internacional de cine de Mar del plata","description":"Descubr\u00ed la programaci\u00f3n, invitados, pel\u00edculas y actividades del 40\u00b0 Festival Internacional de Cine de Mar del Plata.","robots":{"index":"index","follow":"follow","max-snippet":"max-snippet:-1","max-image-preview":"max-image-preview:large","max-video-preview":"max-video-preview:-1"},"canonical":"https:\/\/mardelplatafilmfest.com\/41\/en\/venues\/","og_locale":"es_ES","og_type":"article","og_title":"Venues | 41\u00b0 Festival Internacional de cine de Mar del plata","og_description":"Descubr\u00ed la programaci\u00f3n, invitados, pel\u00edculas y actividades del 40\u00b0 Festival Internacional de Cine de Mar del Plata.","og_url":"https:\/\/mardelplatafilmfest.com\/41\/en\/venues\/","og_site_name":"41\u00b0 Festival Internacional de cine de Mar del plata","article_modified_time":"2026-04-15T13:41:02+00:00","og_image":[{"width":1920,"height":782,"url":"https:\/\/mardelplatafilmfest.com\/41\/wp-content\/uploads\/2025\/09\/WEB_Banner_principal-03-1.jpg","type":"image\/jpeg"}],"twitter_card":"summary_large_image","twitter_misc":{"Tiempo estimado de lectura":"1 minuto"},"schema":{"@context":"https:\/\/schema.org","@graph":[{"@type":"WebPage","@id":"https:\/\/mardelplatafilmfest.com\/41\/en\/venues\/","url":"https:\/\/mardelplatafilmfest.com\/41\/en\/venues\/","name":"Venues | 41\u00b0 Festival Internacional de cine de Mar del plata","isPartOf":{"@id":"https:\/\/mardelplatafilmfest.com\/41\/#website"},"datePublished":"2025-09-28T16:33:47+00:00","dateModified":"2026-04-15T13:41:02+00:00","description":"Descubr\u00ed la programaci\u00f3n, invitados, pel\u00edculas y actividades del 40\u00b0 Festival Internacional de Cine de Mar del Plata.","breadcrumb":{"@id":"https:\/\/mardelplatafilmfest.com\/41\/en\/venues\/#breadcrumb"},"inLanguage":"es-CL","potentialAction":[{"@type":"ReadAction","target":["https:\/\/mardelplatafilmfest.com\/41\/en\/venues\/"]}]},{"@type":"BreadcrumbList","@id":"https:\/\/mardelplatafilmfest.com\/41\/en\/venues\/#breadcrumb","itemListElement":[{"@type":"ListItem","position":1,"name":"Portada","item":"https:\/\/mardelplatafilmfest.com\/41\/es\/"},{"@type":"ListItem","position":2,"name":"Venues"}]},{"@type":"WebSite","@id":"https:\/\/mardelplatafilmfest.com\/41\/#website","url":"https:\/\/mardelplatafilmfest.com\/41\/","name":"40\u00b0 Festival Internacional de Cine de Mar del Plata | Sitio Oficial","description":"Descubr\u00ed la programaci\u00f3n, invitados, pel\u00edculas y actividades del 40\u00b0 Festival Internacional de Cine de Mar del Plata.","publisher":{"@id":"https:\/\/mardelplatafilmfest.com\/41\/#organization"},"potentialAction":[{"@type":"SearchAction","target":{"@type":"EntryPoint","urlTemplate":"https:\/\/mardelplatafilmfest.com\/41\/?s={search_term_string}"},"query-input":{"@type":"PropertyValueSpecification","valueRequired":true,"valueName":"search_term_string"}}],"inLanguage":"es-CL"},{"@type":"Organization","@id":"https:\/\/mardelplatafilmfest.com\/41\/#organization","name":"40\u00b0 Festival Internacional de cine de Mar del plata","url":"https:\/\/mardelplatafilmfest.com\/41\/","logo":{"@type":"ImageObject","inLanguage":"es-CL","@id":"https:\/\/mardelplatafilmfest.com\/41\/#\/schema\/logo\/image\/","url":"https:\/\/mardelplatafilmfest.com\/41\/wp-content\/uploads\/2026\/03\/Logo_MDQFF_41_c_fecha-scaled.png","contentUrl":"https:\/\/mardelplatafilmfest.com\/41\/wp-content\/uploads\/2026\/03\/Logo_MDQFF_41_c_fecha-scaled.png","width":2560,"height":1600,"caption":"40\u00b0 Festival Internacional de cine de Mar del plata"},"image":{"@id":"https:\/\/mardelplatafilmfest.com\/41\/#\/schema\/logo\/image\/"}}]}},"_links":{"self":[{"href":"https:\/\/mardelplatafilmfest.com\/41\/wp-json\/wp\/v2\/pages\/826","targetHints":{"allow":["GET"]}}],"collection":[{"href":"https:\/\/mardelplatafilmfest.com\/41\/wp-json\/wp\/v2\/pages"}],"about":[{"href":"https:\/\/mardelplatafilmfest.com\/41\/wp-json\/wp\/v2\/types\/page"}],"author":[{"embeddable":true,"href":"https:\/\/mardelplatafilmfest.com\/41\/wp-json\/wp\/v2\/users\/3"}],"replies":[{"embeddable":true,"href":"https:\/\/mardelplatafilmfest.com\/41\/wp-json\/wp\/v2\/comments?post=826"}],"version-history":[{"count":2,"href":"https:\/\/mardelplatafilmfest.com\/41\/wp-json\/wp\/v2\/pages\/826\/revisions"}],"predecessor-version":[{"id":2802,"href":"https:\/\/mardelplatafilmfest.com\/41\/wp-json\/wp\/v2\/pages\/826\/revisions\/2802"}],"wp:attachment":[{"href":"https:\/\/mardelplatafilmfest.com\/41\/wp-json\/wp\/v2\/media?parent=826"}],"curies":[{"name":"wp","href":"https:\/\/api.w.org\/{rel}","templated":true}]}}